{"id":13,"date":"2025-04-25T07:36:21","date_gmt":"2025-04-25T05:36:21","guid":{"rendered":"https:\/\/groomluxuryvetcr.com\/?page_id=13"},"modified":"2025-06-05T10:32:25","modified_gmt":"2025-06-05T16:32:25","slug":"devoluciones","status":"publish","type":"page","link":"https:\/\/groomluxuryvetcr.com\/en\/devoluciones\/","title":{"rendered":"Pol\u00edtica de devoluciones y reembolsos"},"content":{"rendered":"\t\t<div data-elementor-type=\"wp-page\" data-elementor-id=\"13\" class=\"elementor elementor-13\" data-elementor-post-type=\"page\">\n\t\t\t\t<div class=\"elementor-element elementor-element-621de74b e-flex e-con-boxed e-con e-parent\" data-id=\"621de74b\" data-element_type=\"container\" data-e-type=\"container\">\n\t\t\t\t\t<div class=\"e-con-inner\">\n\t\t\t\t<div class=\"elementor-element elementor-element-798dba9 elementor-widget elementor-widget-shortcode\" data-id=\"798dba9\" data-element_type=\"widget\" data-e-type=\"widget\" data-widget_type=\"shortcode.default\">\n\t\t\t\t<div class=\"elementor-widget-container\">\n\t\t\t\t\t\t\t<div class=\"elementor-shortcode\">\t\t<div data-elementor-type=\"section\" data-elementor-id=\"12727\" class=\"elementor elementor-12727\" data-elementor-post-type=\"elementor_library\">\n\t\t\t<div class=\"elementor-element elementor-element-ad8d8c1 e-con-full e-flex e-con e-parent\" data-id=\"ad8d8c1\" data-element_type=\"container\" data-e-type=\"container\">\n\t\t\t\t<div class=\"elementor-element elementor-element-c574bbe elementor-widget elementor-widget-text-editor\" data-id=\"c574bbe\" data-element_type=\"widget\" data-e-type=\"widget\" data-widget_type=\"text-editor.default\">\n\t\t\t\t<div class=\"elementor-widget-container\">\n\t\t\t\t\t\t\t\t\t<div class=\"elementor elementor-11\" data-elementor-type=\"wp-page\" data-elementor-id=\"11\" data-elementor-post-type=\"page\"><div class=\"elementor-element elementor-element-def4f0e e-con-full e-flex e-con e-parent e-lazyloaded\" data-id=\"def4f0e\" data-element_type=\"container\"><div class=\"elementor-element elementor-element-cc406c6 elementor-widget elementor-widget-text-editor\" data-id=\"cc406c6\" data-element_type=\"widget\" data-widget_type=\"text-editor.default\"><div class=\"elementor-widget-container\"><h2><strong>Condiciones Generales Devoluciones y Reembolsos<\/strong><\/h2><p>El sistema de compras en l\u00ednea es propiedad de <strong>Jefrey Madrigal Soto, C\u00e9dula de Identidad 1-1602-737 <\/strong>(en adelante El Propietario) due\u00f1o de <strong>www.groomluxuryvetcr.com<\/strong>, quien le otorga por este medio a sus clientes mayores de dieciocho a\u00f1os (en adelante El Cliente) la posibilidad de utilizarlo.<\/p><p><strong>Nuestras compras son en firme y NO hacemos devoluciones de dinero NI cambios de mercader\u00eda<\/strong>, si la solicitud de cambio y\/o reembolso por parte de El Cliente cumple con los t\u00e9rminos y condiciones de la tienda, procesaremos el cambio y\/o reembolso de acuerdo con el m\u00e9todo de pago original utilizado para la compra, <strong>descontando un 12%<\/strong> equivalente al costo de procesamiento bancario y el costo administrativo sobre el monto total de la compra <span style=\"text-decoration: underline;\">sin excepciones<\/span>.<\/p><p>En caso de que el CLIENTE solicite el cambio y\/o reembolso y cumple con los t\u00e9rminos y condiciones, el CLIENTE deber\u00e1 solicitarselo formalmente a El Propietario por correo electr\u00f3nico [<a href=\"mailto:ordenes@groomluxuryvetcr.com\">ordenes@groomluxuryvetcr.com<\/a>], siempre y cuando dicha solicitud de cambio y\/o reembolso se realice con al menos 1 (un) d\u00eda natural luego de la compra.<\/p><p>El Cliente debe asumir los costos de env\u00edo del producto a nuestra tienda f\u00edsica y el de la direcci\u00f3n de env\u00edo de vuelta si su solicitud de cambio y\/o reembolso cumple con los t\u00e9rminos y condiciones.<\/p><h3><strong>Consultas<\/strong><\/h3><p>Para cualquier consulta El Cliente debe comunicarse con nosotros a:<\/p><ul><li><a href=\"mailto:ordenes@groomluxuryvetcr.com\">ordenes@groomluxuryvetcr.com<\/a> o al n\u00famero de WhatsApp: <a href=\"https:\/\/wa.me\/50670095526\" target=\"_blank\" rel=\"noopener\"><span class=\"elementor-icon-list-text\">+506 7009-5526<\/span><\/a><\/li><li><strong>Horarios de atenci\u00f3n de consultas:<\/strong> De Lunes a S\u00e1bado de 8:00 AM a 7:00 PM.<\/li><\/ul><\/div><\/div><\/div><\/div>\t\t\t\t\t\t\t\t<\/div>\n\t\t\t\t<\/div>\n\t\t\t\t<\/div>\n\t\t\t\t<\/div>\n\t\t<\/div>\n\t\t\t\t\t\t<\/div>\n\t\t\t\t<\/div>\n\t\t\t\t\t<\/div>\n\t\t\t\t<\/div>\n\t\t\t\t<\/div>\n\t\t","protected":false},"excerpt":{"rendered":"","protected":false},"author":1,"featured_media":0,"parent":0,"menu_order":0,"comment_status":"closed","ping_status":"closed","template":"","meta":{"content-type":"","footnotes":""},"class_list":["post-13","page","type-page","status-publish","hentry"],"_links":{"self":[{"href":"https:\/\/groomluxuryvetcr.com\/en\/wp-json\/wp\/v2\/pages\/13","targetHints":{"allow":["GET"]}}],"collection":[{"href":"https:\/\/groomluxuryvetcr.com\/en\/wp-json\/wp\/v2\/pages"}],"about":[{"href":"https:\/\/groomluxuryvetcr.com\/en\/wp-json\/wp\/v2\/types\/page"}],"author":[{"embeddable":true,"href":"https:\/\/groomluxuryvetcr.com\/en\/wp-json\/wp\/v2\/users\/1"}],"replies":[{"embeddable":true,"href":"https:\/\/groomluxuryvetcr.com\/en\/wp-json\/wp\/v2\/comments?post=13"}],"version-history":[{"count":16,"href":"https:\/\/groomluxuryvetcr.com\/en\/wp-json\/wp\/v2\/pages\/13\/revisions"}],"predecessor-version":[{"id":12978,"href":"https:\/\/groomluxuryvetcr.com\/en\/wp-json\/wp\/v2\/pages\/13\/revisions\/12978"}],"wp:attachment":[{"href":"https:\/\/groomluxuryvetcr.com\/en\/wp-json\/wp\/v2\/media?parent=13"}],"curies":[{"name":"wp","href":"https:\/\/api.w.org\/{rel}","templated":true}]}}