{"id":3,"date":"2025-04-12T05:47:27","date_gmt":"2025-04-12T03:47:27","guid":{"rendered":"https:\/\/groomluxuryvetcr.com\/?page_id=3"},"modified":"2025-06-03T18:46:49","modified_gmt":"2025-06-04T00:46:49","slug":"privacidad","status":"publish","type":"page","link":"https:\/\/groomluxuryvetcr.com\/en\/privacidad\/","title":{"rendered":"Pol\u00edtica de privacidad"},"content":{"rendered":"<div data-elementor-type=\"wp-page\" data-elementor-id=\"3\" class=\"elementor elementor-3\" data-elementor-post-type=\"page\">\n\t\t\t\t<div class=\"elementor-element elementor-element-141caf8b e-flex e-con-boxed e-con e-parent\" data-id=\"141caf8b\" data-element_type=\"container\" data-e-type=\"container\">\n\t\t\t\t\t<div class=\"e-con-inner\">\n\t\t\t\t<div class=\"elementor-element elementor-element-4001837c elementor-widget elementor-widget-text-editor\" data-id=\"4001837c\" data-element_type=\"widget\" data-e-type=\"widget\" data-widget_type=\"text-editor.default\">\n\t\t\t\t<div class=\"elementor-widget-container\">\n\t\t\t\t\t\t\t\t\t<div class=\"elementor elementor-3\" data-elementor-type=\"wp-page\" data-elementor-id=\"3\" data-elementor-post-type=\"page\"><div class=\"elementor-element elementor-element-ba61f9c e-con-full e-flex e-con e-parent e-lazyloaded\" data-id=\"ba61f9c\" data-element_type=\"container\"><div class=\"elementor-element elementor-element-9394cdd elementor-widget elementor-widget-text-editor\" data-id=\"9394cdd\" data-element_type=\"widget\" data-widget_type=\"text-editor.default\"><div class=\"elementor-widget-container\"><p>La presente Pol\u00edtica de Privacidad establece los t\u00e9rminos en que <strong>Jefrey Madrigal Soto, C\u00e9dula de Identidad 1-1602-737 <\/strong>(en adelante El Propietario) due\u00f1o de www.groomluxuryvetcr.com usa y protege la informaci\u00f3n que es proporcionada por sus usuarios (en adelante El Cliente) al momento de utilizar su sitio web. Esta compa\u00f1\u00eda est\u00e1 comprometida con la seguridad de los datos de El Cliente. Cuando le pedimos llenar los campos de informaci\u00f3n personal con la cual usted pueda ser identificado, lo hacemos asegurando que s\u00f3lo se emplear\u00e1 de acuerdo con los t\u00e9rminos de este documento. Sin embargo esta Pol\u00edtica de Privacidad puede cambiar con el tiempo o ser actualizada por lo que le recomendamos y enfatizamos revisar continuamente esta p\u00e1gina para asegurarse que est\u00e1 de acuerdo con dichos cambios.<\/p><p>El Propietario garantiza que los datos suministrados por El Cliente ser\u00e1n tratados con absoluta confidencialidad.<\/p><p>El Propietario garantiza que no comercializar\u00e1 en ninguna forma posible los datos de los clientes (nombre, direcci\u00f3n, correo electr\u00f3nico, tel\u00e9fonos).<\/p><p>En forma anual, El Propietario ejecutar\u00e1 una limpieza de sus bases de datos y remover\u00e1 todos los datos de clientes registrados que no hayan hecho uso del servicio en el t\u00e9rmino de los \u00faltimos seis meses. Esto se ejecutar\u00e1 sin previo aviso hacia el cliente.<\/p><p>El Propietario no comercializar\u00e1 ning\u00fan tipo de informaci\u00f3n de los clientes que se derive del an\u00e1lisis de compras y movimientos de comercializaci\u00f3n. Estos informes ser\u00e1n de an\u00e1lisis exclusivo de El Propietario para la toma de decisiones empresariales y bajo ninguna circunstancia ser\u00e1n compartidos con terceros externos a El Propietario.<\/p><h2><strong>Informaci\u00f3n que es recolectada<\/strong><\/h2><p>Nuestro sitio web podr\u00e1 recoger informaci\u00f3n personal por ejemplo: Nombre, informaci\u00f3n de contacto como su direcci\u00f3n de correo electr\u00f3nica e informaci\u00f3n demogr\u00e1fica. As\u00ed mismo cuando sea necesario podr\u00e1 ser requerida informaci\u00f3n espec\u00edfica para procesar alg\u00fan pedido o realizar una entrega o facturaci\u00f3n.<\/p><h2><strong>Uso de la informaci\u00f3n recolectada<\/strong><\/h2><p>Nuestro sitio web emplea la informaci\u00f3n con el fin de proporcionar el mejor servicio posible, particularmente para mantener un registro de usuarios, de pedidos en caso que aplique, y mejorar nuestros productos y servicios. Es posible que sean enviados correos electr\u00f3nicos peri\u00f3dicamente a trav\u00e9s de nuestro sitio con ofertas especiales, nuevos productos y otra informaci\u00f3n publicitaria que consideremos relevante para usted o que pueda brindarle alg\u00fan beneficio, estos correos electr\u00f3nicos ser\u00e1n enviados a la direcci\u00f3n que usted proporcione y podr\u00e1n ser cancelados en cualquier momento. El Propietario est\u00e1 altamente comprometido para cumplir con el compromiso de mantener su informaci\u00f3n segura. Usamos los sistemas m\u00e1s avanzados y los actualizamos constantemente para asegurarnos que no exista ning\u00fan acceso no autorizado.<\/p><h2><strong>COOKIES<\/strong><\/h2><p>Una cookie se refiere a un fichero que es enviado con la finalidad de solicitar permiso para almacenarse en su ordenador, al aceptar dicho fichero se crea y la cookie sirve entonces para tener informaci\u00f3n respecto al tr\u00e1fico web, y tambi\u00e9n facilita las futuras visitas a una web recurrente. Otra funci\u00f3n que tienen las cookies es que con ellas las web pueden reconocerte individualmente y por tanto brindarte el mejor servicio personalizado de su web. Nuestro sitio web emplea las cookies para poder identificar las p\u00e1ginas que son visitadas y su frecuencia. Esta informaci\u00f3n es empleada \u00fanicamente para an\u00e1lisis estad\u00edstico y despu\u00e9s la informaci\u00f3n se elimina de forma permanente. Usted puede eliminar las cookies en cualquier momento desde su ordenador. Sin embargo las cookies ayudan a proporcionar un mejor servicio de los sitios web, est\u00e1s no dan acceso a informaci\u00f3n de su ordenador ni de usted, a menos de que usted as\u00ed lo quiera y la proporcione directamente. Usted puede aceptar o negar el uso de cookies, sin embargo la mayor\u00eda de navegadores aceptan cookies autom\u00e1ticamente pues sirve para tener un mejor servicio web. Tambi\u00e9n usted puede cambiar la configuraci\u00f3n de su ordenador para declinar las cookies. Si se declinan es posible que no pueda utilizar algunos de nuestros servicios.<\/p><h2><strong>Enlaces a terceros<\/strong><\/h2><p>Este sitio web puede contener enlaces a otros sitios que podr\u00edan ser de su inter\u00e9s. Una vez que usted de clic en estos enlaces y abandone nuestra p\u00e1gina, ya no tenemos control sobre al sitio al que es redirigido y por lo tanto no somos responsables de los t\u00e9rminos o privacidad ni de la protecci\u00f3n de sus datos en esos otros sitios terceros. Dichos sitios est\u00e1n sujetos a sus propias pol\u00edticas de privacidad por lo cual es recomendable que los consulte para confirmar que usted est\u00e1 de acuerdo con estas.<\/p><h2><strong>De la informaci\u00f3n brindada y la privacidad de la misma<\/strong><\/h2><p>De conformidad con la Ley de Protecci\u00f3n de la Persona Frente al Tratamiento de sus Datos Personales y de previo a la utilizaci\u00f3n del sistema de compras en l\u00ednea, El Cliente manifiesta expresamente que conoce y acepta las siguientes condiciones sobre el almacenamiento y tratamiento que recibir\u00e1n sus datos personales, sensibles, de acceso irrestricto y de acceso restringido, los cuales se detallan a continuaci\u00f3n:<\/p><ol><li>Que existe una base de datos de car\u00e1cter personal que El Propietario posee para el almacenamiento y tratamiento de datos personales, en virtud de los servicios de venta que presta a sus clientes.<\/li><li>Que la finalidad que persigue El Propietario con la recolecci\u00f3n de estos datos personales es conocer el perfil de los clientes, actuales o potenciales, que deseen realizar compras por medio del sistema de compras en l\u00ednea y para conocer si usted es una persona con las caracter\u00edsticas requeridas para ser y continuar siendo cliente de El Propietario. Los datos personales podr\u00e1n ser usados por El Propietario para efectos del tr\u00e1mite y aprobaci\u00f3n de solicitudes de compra en l\u00ednea, servicios, as\u00ed como la prospecci\u00f3n y ofrecimiento de otros productos y servicios.<\/li><li>Que los destinatarios de los datos personales, as\u00ed como las personas que podr\u00e1n consultar los mismos ser\u00e1n El Propietario, sus colaboradores (dependientes o independientes), sus asesores (dependientes o independientes), sus socios o accionistas, sus acreedores, los corresponsales de El Propietario y las autoridades regulatorias y de supervisi\u00f3n.<\/li><li>Que las respuestas a las preguntas que se formulen durante el proceso de recolecci\u00f3n de los datos tienen car\u00e1cter obligatorio, de forma tal que si El Propietario recibe informaci\u00f3n incompleta su solicitud ser\u00e1 denegada.<\/li><li>Que el tratamiento que El Propietario dar\u00e1 a los datos personales solicitados ser\u00e1 de an\u00e1lisis para determinar la viabilidad de la solicitud de compra, as\u00ed como su posterior almacenamiento en una base de datos manual y\/o electr\u00f3nica que El Propietario mantiene con fines exclusivamente internos.<\/li><li>Que el cliente tiene el derecho de suministrar o no los datos que solicita El Propietario. No obstante, en el caso de que se niegue a suministrar la informaci\u00f3n requerida por El Propietario, en los t\u00e9rminos y en el momento solicitado, El Propietario podr\u00e1 en forma unilateral, inconsulta y autom\u00e1tica, rechazar la prestaci\u00f3n de los servicios solicitados o suspender el servicio o terminar cualquier relaci\u00f3n contractual sin responsabilidad para El Propietario.<\/li><li>Que en virtud de la ley antes indicada, al cliente le asisten una serie de derechos en relaci\u00f3n con la informaci\u00f3n personal que brinde a El Propietario como lo es el derecho de solicitar la rectificaci\u00f3n, actualizaci\u00f3n o eliminaci\u00f3n de la informaci\u00f3n brindada, siendo que la informaci\u00f3n brindada siempre ser\u00e1 de propiedad del cliente.<\/li><li>Que el responsable de la base de datos ser\u00e1 el El Propietario.<\/li><li>El Propietario con ocasi\u00f3n de y para la efectiva prestaci\u00f3n de los servicios solicitados u ofrecidos, podr\u00e1 recopilar, comprar, verificar y consultar los datos personales existentes en otras bases de datos suministradas por terceras personas.<\/li><li>El Propietario podr\u00e1 ceder, transferir e intercambiar los datos personales que obtenga y mantenga en su base de datos a lo interno de El Propietario y con terceras personas, ubicadas fuera del \u00e1mbito interno de El Propietario, que prestan o prestar\u00e1n servicios a El Propietario, tales como, pero no limitadas a colaboradores, asesores, socios, acreedores, corresponsales, las autoridades regulatorias y de supervisi\u00f3n de El Propietario, autoridades gubernamentales, centrales de riesgo, agencias de cobro y la Unidad de Inteligencia Financiera del Instituto Costarricense sobre Drogas (ICD); en el entendido que dicha informaci\u00f3n igualmente no ser\u00e1 vendida ni de cualquier otra manera comercializada, lo anterior con ocasi\u00f3n de y para la efectiva prestaci\u00f3n de los servicios solicitados u ofrecidos por El Propietario.<\/li><\/ol><h3><strong>Control de su informaci\u00f3n personal<\/strong><\/h3><p>En cualquier momento El Cliente puede restringir la recopilaci\u00f3n o el uso de la informaci\u00f3n personal que es proporcionada a nuestro sitio web. Cada vez que se le solicite rellenar un formulario, como el de alta de usuario, puede marcar o desmarcar la opci\u00f3n de recibir informaci\u00f3n por correo electr\u00f3nico. En caso de que haya marcado la opci\u00f3n de recibir nuestro bolet\u00edn o publicidad usted puede cancelarla en cualquier momento. El Propietario no vender\u00e1, ceder\u00e1 ni distribuir\u00e1 la informaci\u00f3n personal que es recopilada sin su consentimiento, salvo que sea requerido por un juez con un orden judicial o para el procesamiento de la compra de servicios y\/o art\u00edculos digitales y\/o f\u00edsicos descritos en los t\u00e9rminos y condiciones de nuestro sitio web. El Propietario se reserva el derecho de cambiar los t\u00e9rminos de la presente Pol\u00edtica de Privacidad en cualquier momento.<\/p><p>El Cliente conoce los alcances, derechos y prohibiciones de la Ley No. 8968, Ley de Protecci\u00f3n de la Persona frente al Tratamiento de sus Datos Personales y que dicha autorizaci\u00f3n es para beneficiar mi posici\u00f3n de usuario del Sistema Financiero, Comercial y Profesional, con inter\u00e9s leg\u00edtimo para acelerar los tr\u00e1mites y solicitudes que sean necesarios realizar.<\/p><h3><strong>El Cliente da fe que conoce y acepta que seg\u00fan ART 5.1 de la Ley No.8968:<\/strong><\/h3><ol><li>De la existencia de una base de datos manejada por El Propietario.<\/li><li>De los fines que se persiguen con la recolecci\u00f3n de estos datos.<\/li><li>De los destinatarios de la informaci\u00f3n, as\u00ed como de quienes podr\u00e1n consultarla.<\/li><li>Del car\u00e1cter obligatorio o facultativo de sus respuestas a las preguntas que se le formulen durante la recolecci\u00f3n de los datos.<\/li><li>Del tratamiento que se dar\u00e1 a los datos solicitados.<\/li><li>De las consecuencias de la negativa a suministrar los datos.<\/li><li>De la posibilidad de ejercer los derechos que la Ley No. 8968 me asisten.<\/li><li>De la identidad y direcci\u00f3n del responsable de la administraci\u00f3n de la base de datos.<\/li><\/ol><p>La negativa de El Cliente de entregar los datos tendr\u00e1 como consecuencia \u00fanica el desechar su solicitud del servicio brindado por El Propietario.<\/p><\/div><\/div><\/div><\/div>\t\t\t\t\t\t\t\t<\/div>\n\t\t\t\t<\/div>\n\t\t\t\t\t<\/div>\n\t\t\t\t<\/div>\n\t\t\t\t<\/div>","protected":false},"excerpt":{"rendered":"<p>La presente Pol\u00edtica de Privacidad establece los t\u00e9rminos en que Jefrey Madrigal Soto, C\u00e9dula de Identidad 1-1602-737 (en adelante El Propietario) due\u00f1o de www.groomluxuryvetcr.com usa y protege la informaci\u00f3n que es proporcionada por sus usuarios (en adelante El Cliente) al momento de utilizar su sitio web. Esta compa\u00f1\u00eda est\u00e1 comprometida con la seguridad de los [&hellip;]<\/p>\n","protected":false},"author":1,"featured_media":0,"parent":0,"menu_order":0,"comment_status":"closed","ping_status":"closed","template":"","meta":{"content-type":"","footnotes":""},"class_list":["post-3","page","type-page","status-publish","hentry"],"_links":{"self":[{"href":"https:\/\/groomluxuryvetcr.com\/en\/wp-json\/wp\/v2\/pages\/3","targetHints":{"allow":["GET"]}}],"collection":[{"href":"https:\/\/groomluxuryvetcr.com\/en\/wp-json\/wp\/v2\/pages"}],"about":[{"href":"https:\/\/groomluxuryvetcr.com\/en\/wp-json\/wp\/v2\/types\/page"}],"author":[{"embeddable":true,"href":"https:\/\/groomluxuryvetcr.com\/en\/wp-json\/wp\/v2\/users\/1"}],"replies":[{"embeddable":true,"href":"https:\/\/groomluxuryvetcr.com\/en\/wp-json\/wp\/v2\/comments?post=3"}],"version-history":[{"count":13,"href":"https:\/\/groomluxuryvetcr.com\/en\/wp-json\/wp\/v2\/pages\/3\/revisions"}],"predecessor-version":[{"id":12760,"href":"https:\/\/groomluxuryvetcr.com\/en\/wp-json\/wp\/v2\/pages\/3\/revisions\/12760"}],"wp:attachment":[{"href":"https:\/\/groomluxuryvetcr.com\/en\/wp-json\/wp\/v2\/media?parent=3"}],"curies":[{"name":"wp","href":"https:\/\/api.w.org\/{rel}","templated":true}]}}