{"id":339,"date":"2022-06-21T03:40:33","date_gmt":"2022-06-21T03:40:33","guid":{"rendered":"http:\/\/localhost\/thembay\/hara\/?page_id=339"},"modified":"2025-05-20T22:32:37","modified_gmt":"2025-05-21T04:32:37","slug":"nosotros","status":"publish","type":"page","link":"https:\/\/groomluxuryvetcr.com\/en\/nosotros\/","title":{"rendered":"Sobre Nosotros"},"content":{"rendered":"<div data-elementor-type=\"wp-page\" data-elementor-id=\"339\" class=\"elementor elementor-339\" data-elementor-post-type=\"page\">\n\t\t\t\t\t\t<section class=\"elementor-section elementor-top-section elementor-element elementor-element-a3f23db elementor-section-full_width elementor-section-height-default elementor-section-height-default\" data-id=\"a3f23db\" data-element_type=\"section\" data-e-type=\"section\">\n\t\t\t\t\t\t<div class=\"elementor-container elementor-column-gap-no\">\n\t\t\t\t\t<div class=\"elementor-column elementor-col-100 elementor-top-column elementor-element elementor-element-7d7acfc\" data-id=\"7d7acfc\" data-element_type=\"column\" data-e-type=\"column\">\n\t\t\t<div class=\"elementor-widget-wrap elementor-element-populated\">\n\t\t\t\t\t\t<section class=\"elementor-section elementor-inner-section elementor-element elementor-element-169b1f4 elementor-section-boxed elementor-section-height-default elementor-section-height-default\" data-id=\"169b1f4\" data-element_type=\"section\" data-e-type=\"section\">\n\t\t\t\t\t\t<div class=\"elementor-container elementor-column-gap-default\">\n\t\t\t\t\t<div class=\"elementor-column elementor-col-50 elementor-inner-column elementor-element elementor-element-249519f elementor-invisible\" data-id=\"249519f\" data-element_type=\"column\" data-e-type=\"column\" data-settings=\"{&quot;animation&quot;:&quot;slideInLeft&quot;,&quot;animation_delay&quot;:1200}\">\n\t\t\t<div class=\"elementor-widget-wrap elementor-element-populated\">\n\t\t\t\t\t\t<div class=\"elementor-element elementor-element-9130fd2 elementor-widget elementor-widget-heading\" data-id=\"9130fd2\" data-element_type=\"widget\" data-e-type=\"widget\" data-widget_type=\"heading.default\">\n\t\t\t\t<div class=\"elementor-widget-container\">\n\t\t\t\t\t<h2 class=\"elementor-heading-title elementor-size-default\">Nosotros Groom Luxury Vet <\/h2>\t\t\t\t<\/div>\n\t\t\t\t<\/div>\n\t\t\t\t<div class=\"elementor-element elementor-element-409fb86 text-about-1 elementor-widget elementor-widget-text-editor\" data-id=\"409fb86\" data-element_type=\"widget\" data-e-type=\"widget\" data-widget_type=\"text-editor.default\">\n\t\t\t\t<div class=\"elementor-widget-container\">\n\t\t\t\t\t\t\t\t\t<p class=\"\" data-start=\"222\" data-end=\"701\">En <strong data-start=\"225\" data-end=\"245\">Groom Luxury Vet<\/strong> hemos dedicado m\u00e1s de dos d\u00e9cadas y media al cuidado, la salud y el bienestar de las mascotas. Nuestra historia comenz\u00f3 con una profunda vocaci\u00f3n por los animales y un deseo genuino de ofrecer un servicio que marcara la diferencia en sus vidas y en las de sus familias. A lo largo de estos a\u00f1os, nosotros hemos acompa\u00f1ado a miles de clientes en cada etapa del crecimiento de sus mascotas, creando lazos de confianza que nos han permitido evolucionar junto a ellos.<\/p>\t\t\t\t\t\t\t\t<\/div>\n\t\t\t\t<\/div>\n\t\t\t\t<div class=\"elementor-element elementor-element-d4dde6f text-about-2 elementor-widget elementor-widget-html\" data-id=\"d4dde6f\" data-element_type=\"widget\" data-e-type=\"widget\" data-widget_type=\"html.default\">\n\t\t\t\t<div class=\"elementor-widget-container\">\n\t\t\t\t\t<div class=\"row\">\r\n                        <div class=\"col-lg-6 column-left\">\r\n                            <h4 class=\"sub-title google-element-font\">Visi\u00f3n<\/h4>\r\n                            <p>Ser la tienda en l\u00ednea l\u00edder en el cuidado integral de mascotas, reconocida por ofrecer productos premium y servicios especializados que contribuyen a mejorar la calidad de vida de los animales, promoviendo una cultura de respeto, amor y responsabilidad hacia ellos.<\/p>\r\n                        <\/div>\r\n\r\n                        <div class=\"col-lg-6 column-right\">\r\n                            <h4 class=\"sub-title google-element-font\">Misi\u00f3n<\/h4>\r\n                            <p>Ofrecer a nuestros clientes una experiencia \u00fanica al adquirir productos para sus mascotas, combinando calidad, innovaci\u00f3n y asesor\u00eda experta, con el respaldo de m\u00e1s de dos d\u00e9cadas de conocimiento en medicina veterinaria, est\u00e9tica y bienestar animal.<\/p>\r\n                        <\/div>\r\n                    <\/div>\t\t\t\t<\/div>\n\t\t\t\t<\/div>\n\t\t\t\t\t<\/div>\n\t\t<\/div>\n\t\t\t\t<div class=\"elementor-column elementor-col-50 elementor-inner-column elementor-element elementor-element-870d292 elementor-invisible\" data-id=\"870d292\" data-element_type=\"column\" data-e-type=\"column\" data-settings=\"{&quot;animation&quot;:&quot;slideInRight&quot;,&quot;animation_delay&quot;:1200}\">\n\t\t\t<div class=\"elementor-widget-wrap elementor-element-populated\">\n\t\t\t\t\t\t<div class=\"elementor-element elementor-element-ec03b03 elementor-widget elementor-widget-image\" data-id=\"ec03b03\" data-element_type=\"widget\" data-e-type=\"widget\" data-widget_type=\"image.default\">\n\t\t\t\t<div class=\"elementor-widget-container\">\n\t\t\t\t\t\t\t\t\t\t\t\t\t\t\t<img fetchpriority=\"high\" decoding=\"async\" width=\"2560\" height=\"1707\" src=\"https:\/\/groomluxuryvetcr.com\/wp-content\/uploads\/2022\/11\/beautiful-pet-portrait-small-dog-cat-min-scaled-1.jpg\" class=\"attachment-full size-full wp-image-5615\" alt=\"Nosotros Groom Luxury Vet\" srcset=\"https:\/\/groomluxuryvetcr.com\/wp-content\/uploads\/2022\/11\/beautiful-pet-portrait-small-dog-cat-min-scaled-1.jpg 2560w, https:\/\/groomluxuryvetcr.com\/wp-content\/uploads\/2022\/11\/beautiful-pet-portrait-small-dog-cat-min-scaled-1-300x200.jpg 300w, https:\/\/groomluxuryvetcr.com\/wp-content\/uploads\/2022\/11\/beautiful-pet-portrait-small-dog-cat-min-scaled-1-1024x683.jpg 1024w, https:\/\/groomluxuryvetcr.com\/wp-content\/uploads\/2022\/11\/beautiful-pet-portrait-small-dog-cat-min-scaled-1-768x512.jpg 768w, https:\/\/groomluxuryvetcr.com\/wp-content\/uploads\/2022\/11\/beautiful-pet-portrait-small-dog-cat-min-scaled-1-1536x1024.jpg 1536w, https:\/\/groomluxuryvetcr.com\/wp-content\/uploads\/2022\/11\/beautiful-pet-portrait-small-dog-cat-min-scaled-1-2048x1366.jpg 2048w, https:\/\/groomluxuryvetcr.com\/wp-content\/uploads\/2022\/11\/beautiful-pet-portrait-small-dog-cat-min-scaled-1-600x400.jpg 600w, https:\/\/groomluxuryvetcr.com\/wp-content\/uploads\/2022\/11\/beautiful-pet-portrait-small-dog-cat-min-scaled-1-18x12.jpg 18w\" sizes=\"(max-width: 2560px) 100vw, 2560px\" \/>\t\t\t\t\t\t\t\t\t\t\t\t\t\t\t<\/div>\n\t\t\t\t<\/div>\n\t\t\t\t\t<\/div>\n\t\t<\/div>\n\t\t\t\t\t<\/div>\n\t\t<\/section>\n\t\t\t\t\t<\/div>\n\t\t<\/div>\n\t\t\t\t\t<\/div>\n\t\t<\/section>\n\t\t\t\t<section class=\"elementor-section elementor-top-section elementor-element elementor-element-2e2ea8d elementor-section-full_width elementor-section-height-default elementor-section-height-default\" data-id=\"2e2ea8d\" data-element_type=\"section\" data-e-type=\"section\">\n\t\t\t\t\t\t<div class=\"elementor-container elementor-column-gap-no\">\n\t\t\t\t\t<div class=\"elementor-column elementor-col-100 elementor-top-column elementor-element elementor-element-c38dc37\" data-id=\"c38dc37\" data-element_type=\"column\" data-e-type=\"column\">\n\t\t\t<div class=\"elementor-widget-wrap elementor-element-populated\">\n\t\t\t\t\t\t<section class=\"elementor-section elementor-inner-section elementor-element elementor-element-d2b49bb elementor-section-boxed elementor-section-height-default elementor-section-height-default\" data-id=\"d2b49bb\" data-element_type=\"section\" data-e-type=\"section\">\n\t\t\t\t\t\t<div class=\"elementor-container elementor-column-gap-default\">\n\t\t\t\t\t<div class=\"elementor-column elementor-col-50 elementor-inner-column elementor-element elementor-element-1be63ab elementor-invisible\" data-id=\"1be63ab\" data-element_type=\"column\" data-e-type=\"column\" data-settings=\"{&quot;animation&quot;:&quot;slideInLeft&quot;,&quot;animation_delay&quot;:1200}\">\n\t\t\t<div class=\"elementor-widget-wrap elementor-element-populated\">\n\t\t\t\t\t\t<div class=\"elementor-element elementor-element-2448940 elementor-widget elementor-widget-image\" data-id=\"2448940\" data-element_type=\"widget\" data-e-type=\"widget\" data-widget_type=\"image.default\">\n\t\t\t\t<div class=\"elementor-widget-container\">\n\t\t\t\t\t\t\t\t\t\t\t\t\t\t\t<img decoding=\"async\" width=\"2560\" height=\"1440\" src=\"https:\/\/groomluxuryvetcr.com\/wp-content\/uploads\/2022\/11\/job562-nunoon-05-g-scaled-1.jpg\" class=\"attachment-full size-full wp-image-5617\" alt=\"\" srcset=\"https:\/\/groomluxuryvetcr.com\/wp-content\/uploads\/2022\/11\/job562-nunoon-05-g-scaled-1.jpg 2560w, https:\/\/groomluxuryvetcr.com\/wp-content\/uploads\/2022\/11\/job562-nunoon-05-g-scaled-1-300x169.jpg 300w, https:\/\/groomluxuryvetcr.com\/wp-content\/uploads\/2022\/11\/job562-nunoon-05-g-scaled-1-1024x576.jpg 1024w, https:\/\/groomluxuryvetcr.com\/wp-content\/uploads\/2022\/11\/job562-nunoon-05-g-scaled-1-768x432.jpg 768w, https:\/\/groomluxuryvetcr.com\/wp-content\/uploads\/2022\/11\/job562-nunoon-05-g-scaled-1-1536x864.jpg 1536w, https:\/\/groomluxuryvetcr.com\/wp-content\/uploads\/2022\/11\/job562-nunoon-05-g-scaled-1-2048x1152.jpg 2048w, https:\/\/groomluxuryvetcr.com\/wp-content\/uploads\/2022\/11\/job562-nunoon-05-g-scaled-1-600x338.jpg 600w, https:\/\/groomluxuryvetcr.com\/wp-content\/uploads\/2022\/11\/job562-nunoon-05-g-scaled-1-18x10.jpg 18w\" sizes=\"(max-width: 2560px) 100vw, 2560px\" \/>\t\t\t\t\t\t\t\t\t\t\t\t\t\t\t<\/div>\n\t\t\t\t<\/div>\n\t\t\t\t\t<\/div>\n\t\t<\/div>\n\t\t\t\t<div class=\"elementor-column elementor-col-50 elementor-inner-column elementor-element elementor-element-5920929 elementor-invisible\" data-id=\"5920929\" data-element_type=\"column\" data-e-type=\"column\" data-settings=\"{&quot;animation&quot;:&quot;slideInRight&quot;,&quot;animation_delay&quot;:1200}\">\n\t\t\t<div class=\"elementor-widget-wrap elementor-element-populated\">\n\t\t\t\t\t\t<div class=\"elementor-element elementor-element-9568063 elementor-widget elementor-widget-heading\" data-id=\"9568063\" data-element_type=\"widget\" data-e-type=\"widget\" data-widget_type=\"heading.default\">\n\t\t\t\t<div class=\"elementor-widget-container\">\n\t\t\t\t\t<h2 class=\"elementor-heading-title elementor-size-default\">Estamos orgullosos de brindar el mejor servicio a nuestros clientes<\/h2>\t\t\t\t<\/div>\n\t\t\t\t<\/div>\n\t\t\t\t<div class=\"elementor-element elementor-element-7a54116 text-about-1 elementor-widget elementor-widget-text-editor\" data-id=\"7a54116\" data-element_type=\"widget\" data-e-type=\"widget\" data-widget_type=\"text-editor.default\">\n\t\t\t\t<div class=\"elementor-widget-container\">\n\t\t\t\t\t\t\t\t\t<p>En <a href=\"https:\/\/waze.com\/ul\/hd1u0x2h6w\" target=\"_blank\" rel=\"noopener\"><strong data-start=\"1376\" data-end=\"1396\">Groom Luxury Vet<\/strong><\/a> nosotros trabajamos cada d\u00eda para superar las expectativas de quienes conf\u00edan en nosotros. Nuestro compromiso va m\u00e1s all\u00e1 de una venta: ofrecemos atenci\u00f3n personalizada, acompa\u00f1amiento antes y despu\u00e9s de la compra, y soluciones pensadas para el bienestar tanto de su mascota como de usted porque nosotros sabemos lo importante que es su compa\u00f1ero, y queremos que siempre est\u00e9 en las mejores manos.<\/p>\t\t\t\t\t\t\t\t<\/div>\n\t\t\t\t<\/div>\n\t\t\t\t<div class=\"elementor-element elementor-element-70feb5b elementor-widget elementor-widget-heading\" data-id=\"70feb5b\" data-element_type=\"widget\" data-e-type=\"widget\" data-widget_type=\"heading.default\">\n\t\t\t\t<div class=\"elementor-widget-container\">\n\t\t\t\t\t<h2 class=\"elementor-heading-title elementor-size-default\">Historia<\/h2>\t\t\t\t<\/div>\n\t\t\t\t<\/div>\n\t\t\t\t<div class=\"elementor-element elementor-element-b019e6c text-about-1 elementor-widget elementor-widget-text-editor\" data-id=\"b019e6c\" data-element_type=\"widget\" data-e-type=\"widget\" data-widget_type=\"text-editor.default\">\n\t\t\t\t<div class=\"elementor-widget-container\">\n\t\t\t\t\t\t\t\t\t<p class=\"\" data-start=\"703\" data-end=\"1175\">Nuestro equipo est\u00e1 conformado por profesionales con formaci\u00f3n en medicina veterinaria, est\u00e9tica animal y nutrici\u00f3n, quienes trabajan con compromiso y sensibilidad. Entendemos que cada mascota tiene necesidades particulares, por eso ofrecemos atenci\u00f3n personalizada y una selecci\u00f3n de productos que cumplen con los m\u00e1s altos est\u00e1ndares de calidad. Esta especializaci\u00f3n nos permite recomendar soluciones reales, efectivas y seguras para el bienestar de su compa\u00f1ero peludo.<\/p><p class=\"\" data-start=\"1177\" data-end=\"1571\">Gracias a nuestra experiencia, nosotros hoy somos una <a href=\"\/en\/tienda\/\"><strong>tienda en l\u00ednea de referencia<\/strong><\/a> para quienes buscan productos premium, asesor\u00eda experta y un servicio excepcional. No solo vendemos art\u00edculos para mascotas: brindamos confianza, respaldo profesional y una atenci\u00f3n cercana que nace del amor y respeto por los animales. En <strong data-start=\"1491\" data-end=\"1511\">Groom Luxury Vet<\/strong>, cada cliente y cada mascota son parte de nuestra historia.<\/p>\t\t\t\t\t\t\t\t<\/div>\n\t\t\t\t<\/div>\n\t\t\t\t<div class=\"elementor-element elementor-element-fe7eed0 elementor-widget elementor-widget-image\" data-id=\"fe7eed0\" data-element_type=\"widget\" data-e-type=\"widget\" data-widget_type=\"image.default\">\n\t\t\t\t<div class=\"elementor-widget-container\">\n\t\t\t\t\t\t\t\t\t\t\t\t\t\t\t<img decoding=\"async\" width=\"147\" height=\"60\" src=\"https:\/\/groomluxuryvetcr.com\/wp-content\/uploads\/2022\/08\/sig.png\" class=\"attachment-full size-full wp-image-3503\" alt=\"\" srcset=\"https:\/\/groomluxuryvetcr.com\/wp-content\/uploads\/2022\/08\/sig.png 147w, https:\/\/groomluxuryvetcr.com\/wp-content\/uploads\/2022\/08\/sig-18x7.png 18w\" sizes=\"(max-width: 147px) 100vw, 147px\" \/>\t\t\t\t\t\t\t\t\t\t\t\t\t\t\t<\/div>\n\t\t\t\t<\/div>\n\t\t\t\t<div class=\"elementor-element elementor-element-1c1bde6 elementor-widget elementor-widget-html\" data-id=\"1c1bde6\" data-element_type=\"widget\" data-e-type=\"widget\" data-widget_type=\"html.default\">\n\t\t\t\t<div class=\"elementor-widget-container\">\n\t\t\t\t\t<div class=\"sig-about\">\n<strong class=\"google-element-font\">Jefrey Madrigal Soto<\/strong> \/ CEO\n<\/div>\t\t\t\t<\/div>\n\t\t\t\t<\/div>\n\t\t\t\t\t<\/div>\n\t\t<\/div>\n\t\t\t\t\t<\/div>\n\t\t<\/section>\n\t\t\t\t\t<\/div>\n\t\t<\/div>\n\t\t\t\t\t<\/div>\n\t\t<\/section>\n\t\t\t\t<section class=\"elementor-section elementor-top-section elementor-element elementor-element-3737358 elementor-section-stretched elementor-section-boxed elementor-section-height-default elementor-section-height-default\" data-id=\"3737358\" data-element_type=\"section\" data-e-type=\"section\" data-settings=\"{&quot;stretch_section&quot;:&quot;section-stretched&quot;,&quot;background_background&quot;:&quot;classic&quot;}\">\n\t\t\t\t\t\t<div class=\"elementor-container elementor-column-gap-no\">\n\t\t\t\t\t<div class=\"elementor-column elementor-col-100 elementor-top-column elementor-element elementor-element-816c0ea\" data-id=\"816c0ea\" data-element_type=\"column\" data-e-type=\"column\">\n\t\t\t<div class=\"elementor-widget-wrap elementor-element-populated\">\n\t\t\t\t\t\t<section class=\"elementor-section elementor-inner-section elementor-element elementor-element-0e914d8 elementor-section-boxed elementor-section-height-default elementor-section-height-default\" data-id=\"0e914d8\" data-element_type=\"section\" data-e-type=\"section\">\n\t\t\t\t\t\t<div class=\"elementor-container elementor-column-gap-default\">\n\t\t\t\t\t<div class=\"elementor-column elementor-col-50 elementor-inner-column elementor-element elementor-element-9f8e0fb elementor-invisible\" data-id=\"9f8e0fb\" data-element_type=\"column\" data-e-type=\"column\" data-settings=\"{&quot;animation&quot;:&quot;slideInLeft&quot;,&quot;animation_delay&quot;:1200}\">\n\t\t\t<div class=\"elementor-widget-wrap elementor-element-populated\">\n\t\t\t\t\t\t<div class=\"elementor-element elementor-element-30002c5 elementor-widget elementor-widget-heading\" data-id=\"30002c5\" data-element_type=\"widget\" data-e-type=\"widget\" data-widget_type=\"heading.default\">\n\t\t\t\t<div class=\"elementor-widget-container\">\n\t\t\t\t\t<h2 class=\"elementor-heading-title elementor-size-default\">Preguntas frecuentes<\/h2>\t\t\t\t<\/div>\n\t\t\t\t<\/div>\n\t\t\t\t<div class=\"elementor-element elementor-element-dd38828 text-about-1 elementor-widget elementor-widget-accordion\" data-id=\"dd38828\" data-element_type=\"widget\" data-e-type=\"widget\" data-widget_type=\"accordion.default\">\n\t\t\t\t<div class=\"elementor-widget-container\">\n\t\t\t\t\t\t\t<div class=\"elementor-accordion\">\n\t\t\t\t\t\t\t<div class=\"elementor-accordion-item\">\n\t\t\t\t\t<div id=\"elementor-tab-title-2311\" class=\"elementor-tab-title\" data-tab=\"1\" role=\"button\" aria-controls=\"elementor-tab-content-2311\" aria-expanded=\"false\">\n\t\t\t\t\t\t\t\t\t\t\t\t\t<span class=\"elementor-accordion-icon elementor-accordion-icon-right\" aria-hidden=\"true\">\n\t\t\t\t\t\t\t\t\t\t\t\t\t\t\t<span class=\"elementor-accordion-icon-closed\"><i class=\"fas fa-chevron-down\"><\/i><\/span>\n\t\t\t\t\t\t\t\t<span class=\"elementor-accordion-icon-opened\"><i class=\"fas fa-chevron-up\"><\/i><\/span>\n\t\t\t\t\t\t\t\t\t\t\t\t\t\t<\/span>\n\t\t\t\t\t\t\t\t\t\t\t\t<a class=\"elementor-accordion-title\" tabindex=\"0\"> \u00bfQu\u00e9 tipo de productos ofrecen en Groom Luxury Vet?<\/a>\n\t\t\t\t\t<\/div>\n\t\t\t\t\t<div id=\"elementor-tab-content-2311\" class=\"elementor-tab-content elementor-clearfix\" data-tab=\"1\" role=\"region\" aria-labelledby=\"elementor-tab-title-2311\"><p>Ofrecemos una amplia gama de productos premium para mascotas: alimentos, suplementos, art\u00edculos de higiene, juguetes, camas, productos de est\u00e9tica y m\u00e1s, seleccionados cuidadosamente por profesionales veterinarios.<\/p><\/div>\n\t\t\t\t<\/div>\n\t\t\t\t\t\t\t<div class=\"elementor-accordion-item\">\n\t\t\t\t\t<div id=\"elementor-tab-title-2312\" class=\"elementor-tab-title\" data-tab=\"2\" role=\"button\" aria-controls=\"elementor-tab-content-2312\" aria-expanded=\"false\">\n\t\t\t\t\t\t\t\t\t\t\t\t\t<span class=\"elementor-accordion-icon elementor-accordion-icon-right\" aria-hidden=\"true\">\n\t\t\t\t\t\t\t\t\t\t\t\t\t\t\t<span class=\"elementor-accordion-icon-closed\"><i class=\"fas fa-chevron-down\"><\/i><\/span>\n\t\t\t\t\t\t\t\t<span class=\"elementor-accordion-icon-opened\"><i class=\"fas fa-chevron-up\"><\/i><\/span>\n\t\t\t\t\t\t\t\t\t\t\t\t\t\t<\/span>\n\t\t\t\t\t\t\t\t\t\t\t\t<a class=\"elementor-accordion-title\" tabindex=\"0\">\u00bfRealizan env\u00edos a todo el GAM?<\/a>\n\t\t\t\t\t<\/div>\n\t\t\t\t\t<div id=\"elementor-tab-content-2312\" class=\"elementor-tab-content elementor-clearfix\" data-tab=\"2\" role=\"region\" aria-labelledby=\"elementor-tab-title-2312\"><p>S\u00ed, realizamos env\u00edos a todo el GAM. Contamos con diferentes opciones de entrega para garantizar que reciba su pedido de forma segura y puntual.<\/p><\/div>\n\t\t\t\t<\/div>\n\t\t\t\t\t\t\t<div class=\"elementor-accordion-item\">\n\t\t\t\t\t<div id=\"elementor-tab-title-2313\" class=\"elementor-tab-title\" data-tab=\"3\" role=\"button\" aria-controls=\"elementor-tab-content-2313\" aria-expanded=\"false\">\n\t\t\t\t\t\t\t\t\t\t\t\t\t<span class=\"elementor-accordion-icon elementor-accordion-icon-right\" aria-hidden=\"true\">\n\t\t\t\t\t\t\t\t\t\t\t\t\t\t\t<span class=\"elementor-accordion-icon-closed\"><i class=\"fas fa-chevron-down\"><\/i><\/span>\n\t\t\t\t\t\t\t\t<span class=\"elementor-accordion-icon-opened\"><i class=\"fas fa-chevron-up\"><\/i><\/span>\n\t\t\t\t\t\t\t\t\t\t\t\t\t\t<\/span>\n\t\t\t\t\t\t\t\t\t\t\t\t<a class=\"elementor-accordion-title\" tabindex=\"0\">\u00bfPuedo recibir asesor\u00eda antes de realizar mi compra?<\/a>\n\t\t\t\t\t<\/div>\n\t\t\t\t\t<div id=\"elementor-tab-content-2313\" class=\"elementor-tab-content elementor-clearfix\" data-tab=\"3\" role=\"region\" aria-labelledby=\"elementor-tab-title-2313\"><p>Por supuesto. Nuestro equipo de atenci\u00f3n al cliente y veterinarios est\u00e1 disponible para asesorarle en la elecci\u00f3n del producto m\u00e1s adecuado para su mascota.<\/p><\/div>\n\t\t\t\t<\/div>\n\t\t\t\t\t\t\t<div class=\"elementor-accordion-item\">\n\t\t\t\t\t<div id=\"elementor-tab-title-2314\" class=\"elementor-tab-title\" data-tab=\"4\" role=\"button\" aria-controls=\"elementor-tab-content-2314\" aria-expanded=\"false\">\n\t\t\t\t\t\t\t\t\t\t\t\t\t<span class=\"elementor-accordion-icon elementor-accordion-icon-right\" aria-hidden=\"true\">\n\t\t\t\t\t\t\t\t\t\t\t\t\t\t\t<span class=\"elementor-accordion-icon-closed\"><i class=\"fas fa-chevron-down\"><\/i><\/span>\n\t\t\t\t\t\t\t\t<span class=\"elementor-accordion-icon-opened\"><i class=\"fas fa-chevron-up\"><\/i><\/span>\n\t\t\t\t\t\t\t\t\t\t\t\t\t\t<\/span>\n\t\t\t\t\t\t\t\t\t\t\t\t<a class=\"elementor-accordion-title\" tabindex=\"0\">\u00bfLos productos que ofrecen son recomendados por veterinarios?<\/a>\n\t\t\t\t\t<\/div>\n\t\t\t\t\t<div id=\"elementor-tab-content-2314\" class=\"elementor-tab-content elementor-clearfix\" data-tab=\"4\" role=\"region\" aria-labelledby=\"elementor-tab-title-2314\"><p>S\u00ed. Todos nuestros productos son seleccionados y avalados por profesionales con experiencia en el \u00e1rea de la salud y cuidado animal.<\/p><\/div>\n\t\t\t\t<\/div>\n\t\t\t\t\t\t\t<div class=\"elementor-accordion-item\">\n\t\t\t\t\t<div id=\"elementor-tab-title-2315\" class=\"elementor-tab-title\" data-tab=\"5\" role=\"button\" aria-controls=\"elementor-tab-content-2315\" aria-expanded=\"false\">\n\t\t\t\t\t\t\t\t\t\t\t\t\t<span class=\"elementor-accordion-icon elementor-accordion-icon-right\" aria-hidden=\"true\">\n\t\t\t\t\t\t\t\t\t\t\t\t\t\t\t<span class=\"elementor-accordion-icon-closed\"><i class=\"fas fa-chevron-down\"><\/i><\/span>\n\t\t\t\t\t\t\t\t<span class=\"elementor-accordion-icon-opened\"><i class=\"fas fa-chevron-up\"><\/i><\/span>\n\t\t\t\t\t\t\t\t\t\t\t\t\t\t<\/span>\n\t\t\t\t\t\t\t\t\t\t\t\t<a class=\"elementor-accordion-title\" tabindex=\"0\">\u00bfOfrecen servicios adicionales adem\u00e1s de la venta de productos?<\/a>\n\t\t\t\t\t<\/div>\n\t\t\t\t\t<div id=\"elementor-tab-content-2315\" class=\"elementor-tab-content elementor-clearfix\" data-tab=\"5\" role=\"region\" aria-labelledby=\"elementor-tab-title-2315\"><p>S\u00ed, tambi\u00e9n brindamos servicios de est\u00e9tica canina, orientaci\u00f3n veterinaria, y pr\u00f3ximamente lanzaremos programas de suscripci\u00f3n para entregas autom\u00e1ticas de productos esenciales.<\/p><\/div>\n\t\t\t\t<\/div>\n\t\t\t\t\t\t\t\t<\/div>\n\t\t\t\t\t\t<\/div>\n\t\t\t\t<\/div>\n\t\t\t\t\t<\/div>\n\t\t<\/div>\n\t\t\t\t<div class=\"elementor-column elementor-col-50 elementor-inner-column elementor-element elementor-element-a057c9a elementor-invisible\" data-id=\"a057c9a\" data-element_type=\"column\" data-e-type=\"column\" data-settings=\"{&quot;animation&quot;:&quot;slideInRight&quot;,&quot;animation_delay&quot;:1200}\">\n\t\t\t<div class=\"elementor-widget-wrap elementor-element-populated\">\n\t\t\t\t\t\t<div class=\"elementor-element elementor-element-1cb5c13 elementor-widget elementor-widget-image\" data-id=\"1cb5c13\" data-element_type=\"widget\" data-e-type=\"widget\" data-widget_type=\"image.default\">\n\t\t\t\t<div class=\"elementor-widget-container\">\n\t\t\t\t\t\t\t\t\t\t\t\t\t\t\t<img loading=\"lazy\" decoding=\"async\" width=\"616\" height=\"584\" src=\"https:\/\/groomluxuryvetcr.com\/wp-content\/uploads\/2022\/08\/about3.png\" class=\"attachment-full size-full wp-image-4005\" alt=\"\" srcset=\"https:\/\/groomluxuryvetcr.com\/wp-content\/uploads\/2022\/08\/about3.png 616w, https:\/\/groomluxuryvetcr.com\/wp-content\/uploads\/2022\/08\/about3-300x284.png 300w, https:\/\/groomluxuryvetcr.com\/wp-content\/uploads\/2022\/08\/about3-600x569.png 600w, https:\/\/groomluxuryvetcr.com\/wp-content\/uploads\/2022\/08\/about3-13x12.png 13w\" sizes=\"(max-width: 616px) 100vw, 616px\" \/>\t\t\t\t\t\t\t\t\t\t\t\t\t\t\t<\/div>\n\t\t\t\t<\/div>\n\t\t\t\t\t<\/div>\n\t\t<\/div>\n\t\t\t\t\t<\/div>\n\t\t<\/section>\n\t\t\t\t\t<\/div>\n\t\t<\/div>\n\t\t\t\t\t<\/div>\n\t\t<\/section>\n\t\t\t\t<\/div>","protected":false},"excerpt":{"rendered":"<p>Nosotros Groom Luxury Vet En Groom Luxury Vet hemos dedicado m\u00e1s de dos d\u00e9cadas y media al cuidado, la salud y el bienestar de las mascotas. Nuestra historia comenz\u00f3 con una profunda vocaci\u00f3n por los animales y un deseo genuino de ofrecer un servicio que marcara la diferencia en sus vidas y en las de [&hellip;]<\/p>\n","protected":false},"author":1,"featured_media":0,"parent":0,"menu_order":0,"comment_status":"closed","ping_status":"closed","template":"","meta":{"content-type":"","footnotes":""},"class_list":["post-339","page","type-page","status-publish","hentry"],"_links":{"self":[{"href":"https:\/\/groomluxuryvetcr.com\/en\/wp-json\/wp\/v2\/pages\/339","targetHints":{"allow":["GET"]}}],"collection":[{"href":"https:\/\/groomluxuryvetcr.com\/en\/wp-json\/wp\/v2\/pages"}],"about":[{"href":"https:\/\/groomluxuryvetcr.com\/en\/wp-json\/wp\/v2\/types\/page"}],"author":[{"embeddable":true,"href":"https:\/\/groomluxuryvetcr.com\/en\/wp-json\/wp\/v2\/users\/1"}],"replies":[{"embeddable":true,"href":"https:\/\/groomluxuryvetcr.com\/en\/wp-json\/wp\/v2\/comments?post=339"}],"version-history":[{"count":28,"href":"https:\/\/groomluxuryvetcr.com\/en\/wp-json\/wp\/v2\/pages\/339\/revisions"}],"predecessor-version":[{"id":12187,"href":"https:\/\/groomluxuryvetcr.com\/en\/wp-json\/wp\/v2\/pages\/339\/revisions\/12187"}],"wp:attachment":[{"href":"https:\/\/groomluxuryvetcr.com\/en\/wp-json\/wp\/v2\/media?parent=339"}],"curies":[{"name":"wp","href":"https:\/\/api.w.org\/{rel}","templated":true}]}}