{"id":4110,"date":"2022-06-15T03:42:10","date_gmt":"2022-06-15T03:42:10","guid":{"rendered":"http:\/\/localhost\/dev.bzotech.com\/templates\/bw_una\/cart\/"},"modified":"2025-06-11T18:51:54","modified_gmt":"2025-06-12T00:51:54","slug":"carrito","status":"publish","type":"page","link":"https:\/\/groomluxuryvetcr.com\/en\/carrito\/","title":{"rendered":"Carrito de compras"},"content":{"rendered":"<hr style=\"height:2px; background-color:#eee; border: 0;\" \/>\r\n<h2>\ud83d\uded2 Tu carrito de compras est\u00e1 casi listo<\/h2>\r\n<p data-start=\"258\" data-end=\"479\">En <strong data-start=\"261\" data-end=\"281\">Groom Luxury Vet<\/strong>, cuidamos cada detalle para que la experiencia de compra sea tan confiable como nuestros productos. Ac\u00e1 pod\u00e9s revisar lo que seleccionaste para tu mascota y finalizar tu pedido con total seguridad.<\/p>\r\n<p data-start=\"481\" data-end=\"662\">Record\u00e1 que si tu compra es mayor de <strong data-start=\"517\" data-end=\"528\">\u20a125,000<\/strong>, el <strong data-start=\"533\" data-end=\"578\">env\u00edo dentro del GAM es totalmente gratis<\/strong>.<\/p>\r\n<p data-start=\"481\" data-end=\"662\">\ud83d\udcb3 Su transacci\u00f3n es 100% segura, aceptamos todas las tarjetas de cr\u00e9dito y d\u00e9bito.<\/p>\r\n<p data-start=\"664\" data-end=\"787\">\ud83d\udce6 Si complet\u00e1s tu compra ahora, procesaremos tu pedido r\u00e1pidamente para que tu mascota reciba lo que necesita sin demoras.<\/p>","protected":false},"excerpt":{"rendered":"<p>\ud83d\uded2 Tu carrito de compras est\u00e1 casi listo En Groom Luxury Vet, cuidamos cada detalle para que la experiencia de compra sea tan confiable como nuestros productos. Ac\u00e1 pod\u00e9s revisar lo que seleccionaste para tu mascota y finalizar tu pedido con total seguridad. Record\u00e1 que si tu compra es mayor de \u20a125,000, el env\u00edo dentro [&hellip;]<\/p>\n","protected":false},"author":1,"featured_media":0,"parent":0,"menu_order":0,"comment_status":"closed","ping_status":"closed","template":"","meta":{"content-type":"","footnotes":""},"class_list":["post-4110","page","type-page","status-publish","hentry"],"_links":{"self":[{"href":"https:\/\/groomluxuryvetcr.com\/en\/wp-json\/wp\/v2\/pages\/4110","targetHints":{"allow":["GET"]}}],"collection":[{"href":"https:\/\/groomluxuryvetcr.com\/en\/wp-json\/wp\/v2\/pages"}],"about":[{"href":"https:\/\/groomluxuryvetcr.com\/en\/wp-json\/wp\/v2\/types\/page"}],"author":[{"embeddable":true,"href":"https:\/\/groomluxuryvetcr.com\/en\/wp-json\/wp\/v2\/users\/1"}],"replies":[{"embeddable":true,"href":"https:\/\/groomluxuryvetcr.com\/en\/wp-json\/wp\/v2\/comments?post=4110"}],"version-history":[{"count":15,"href":"https:\/\/groomluxuryvetcr.com\/en\/wp-json\/wp\/v2\/pages\/4110\/revisions"}],"predecessor-version":[{"id":13190,"href":"https:\/\/groomluxuryvetcr.com\/en\/wp-json\/wp\/v2\/pages\/4110\/revisions\/13190"}],"wp:attachment":[{"href":"https:\/\/groomluxuryvetcr.com\/en\/wp-json\/wp\/v2\/media?parent=4110"}],"curies":[{"name":"wp","href":"https:\/\/api.w.org\/{rel}","templated":true}]}}