{"id":11963,"date":"2025-05-19T16:16:42","date_gmt":"2025-05-19T22:16:42","guid":{"rendered":"https:\/\/groomluxuryvetcr.com\/?post_type=product&#038;p=11963"},"modified":"2025-06-13T12:53:32","modified_gmt":"2025-06-13T18:53:32","slug":"toallas-humedas-sandia","status":"publish","type":"product","link":"https:\/\/groomluxuryvetcr.com\/en\/product\/toallas-humedas-sandia\/","title":{"rendered":"Toallas h\u00famedas sand\u00eda TROPICLEAN"},"content":{"rendered":"<p>Nuestras toallas h\u00famedas permite realizar una limpieza f\u00e1cil y muy efectiva cuando sea necesario.<\/p>\n<h3><strong>Beneficios:<\/strong><\/h3>\n<ul>\n<li>\ud83d\udc9a F\u00e1cil de aplicar.<\/li>\n<li>\ud83d\udc9a Ingredientes naturales.<\/li>\n<li>\ud83d\udc9a Agradable aroma.<\/li>\n<li>\ud83d\udc9a No deja residuos aceitosos, grasosos ni pelo suelto.<\/li>\n<li>\ud83d\udc9a Libre de colorantes y fragancias artificiales.<\/li>\n<li>\ud83d\udc9a S\u00faper resistentes.<\/li>\n<li>\ud83d\udc9a Para perros y gatos. \ud83d\udc31\ud83d\udc36<\/li>\n<\/ul>\n<p><strong>Modo de uso:<\/strong> limpiar suavemente con la mano rostro, patas, cuerpo y cola.<\/p>\n<p><strong>Presentaci\u00f3n disponible:<\/strong> 100 unidades<\/p>\n<h3><strong>FAQS:<\/strong><\/h3>\n<p><strong>\u00bfA partir de qu\u00e9 edad se puede aplicar?<\/strong> R\/ se recomienda aplicarlo a partir de las 12 semanas de edad.<\/p>\n<p><strong>\u00bfCada cuanto se aplica?<\/strong> R\/ cuando sea necesario.<\/p>\n<p><strong>\u00bfSe puede utilizar en gatos?<\/strong> R\/ si claro, funciona para ambas especies.<\/p>\n<p><strong>\u00bfSe puede utilizar para la cara?<\/strong> R\/ para la cara recomendamos las hipoalerg\u00e9nicas.<\/p>","protected":false},"excerpt":{"rendered":"<p>Nuestras toallas h\u00famedas permite realizar una limpieza f\u00e1cil y muy efectiva cuando sea necesario.<\/p>","protected":false},"featured_media":11974,"comment_status":"open","ping_status":"closed","template":"","meta":{"content-type":""},"product_brand":[97],"product_cat":[43,41,15,56,57,55],"product_tag":[],"class_list":{"0":"post-11963","1":"product","2":"type-product","3":"status-publish","4":"has-post-thumbnail","6":"product_brand-tropiclean","7":"product_cat-perros","8":"product_cat-gatos","9":"product_cat-general","10":"product_cat-salud-y-bienestar-perros","11":"product_cat-salud-y-bienestar-gatos","12":"product_cat-salud-y-bienestar","14":"first","15":"instock","16":"taxable","17":"shipping-taxable","18":"purchasable","19":"product-type-simple"},"_links":{"self":[{"href":"https:\/\/groomluxuryvetcr.com\/en\/wp-json\/wp\/v2\/product\/11963","targetHints":{"allow":["GET"]}}],"collection":[{"href":"https:\/\/groomluxuryvetcr.com\/en\/wp-json\/wp\/v2\/product"}],"about":[{"href":"https:\/\/groomluxuryvetcr.com\/en\/wp-json\/wp\/v2\/types\/product"}],"replies":[{"embeddable":true,"href":"https:\/\/groomluxuryvetcr.com\/en\/wp-json\/wp\/v2\/comments?post=11963"}],"version-history":[{"count":2,"href":"https:\/\/groomluxuryvetcr.com\/en\/wp-json\/wp\/v2\/product\/11963\/revisions"}],"predecessor-version":[{"id":13195,"href":"https:\/\/groomluxuryvetcr.com\/en\/wp-json\/wp\/v2\/product\/11963\/revisions\/13195"}],"wp:featuredmedia":[{"embeddable":true,"href":"https:\/\/groomluxuryvetcr.com\/en\/wp-json\/wp\/v2\/media\/11974"}],"wp:attachment":[{"href":"https:\/\/groomluxuryvetcr.com\/en\/wp-json\/wp\/v2\/media?parent=11963"}],"wp:term":[{"taxonomy":"product_brand","embeddable":true,"href":"https:\/\/groomluxuryvetcr.com\/en\/wp-json\/wp\/v2\/product_brand?post=11963"},{"taxonomy":"product_cat","embeddable":true,"href":"https:\/\/groomluxuryvetcr.com\/en\/wp-json\/wp\/v2\/product_cat?post=11963"},{"taxonomy":"product_tag","embeddable":true,"href":"https:\/\/groomluxuryvetcr.com\/en\/wp-json\/wp\/v2\/product_tag?post=11963"}],"curies":[{"name":"wp","href":"https:\/\/api.w.org\/{rel}","templated":true}]}}