{"id":12262,"date":"2025-05-24T23:12:23","date_gmt":"2025-05-25T05:12:23","guid":{"rendered":"https:\/\/groomluxuryvetcr.com\/?post_type=product&#038;p=12262"},"modified":"2025-05-27T18:39:15","modified_gmt":"2025-05-28T00:39:15","slug":"heartgard","status":"publish","type":"product","link":"https:\/\/groomluxuryvetcr.com\/en\/product\/heartgard\/","title":{"rendered":"HEARTGARD"},"content":{"rendered":"<p>Heartgard Plus \u00ae\u00a0 est\u00e1 indicado para su uso en perros para prevenir la dirofilariosis canina eliminando la fase tisular de las larvas del gusano del coraz\u00f3n durante un mes (30 d\u00edas) despu\u00e9s de la infecci\u00f3n, y para el tratamiento y control de lombrices intestinales y anquilostomas.<\/p>","protected":false},"excerpt":{"rendered":"<p>Heartgard Plus \u00ae\u00a0 est\u00e1 indicado para su uso en perros para prevenir la dirofilariosis canina.<\/p>","protected":false},"featured_media":12267,"comment_status":"open","ping_status":"closed","template":"","meta":{"content-type":""},"product_brand":[109],"product_cat":[15,43,55,56],"product_tag":[],"class_list":{"0":"post-12262","1":"product","2":"type-product","3":"status-publish","4":"has-post-thumbnail","6":"product_brand-heartgard","7":"product_cat-general","8":"product_cat-perros","9":"product_cat-salud-y-bienestar","10":"product_cat-salud-y-bienestar-perros","12":"first","13":"instock","14":"taxable","15":"shipping-taxable","16":"product-type-variable"},"_links":{"self":[{"href":"https:\/\/groomluxuryvetcr.com\/en\/wp-json\/wp\/v2\/product\/12262","targetHints":{"allow":["GET"]}}],"collection":[{"href":"https:\/\/groomluxuryvetcr.com\/en\/wp-json\/wp\/v2\/product"}],"about":[{"href":"https:\/\/groomluxuryvetcr.com\/en\/wp-json\/wp\/v2\/types\/product"}],"replies":[{"embeddable":true,"href":"https:\/\/groomluxuryvetcr.com\/en\/wp-json\/wp\/v2\/comments?post=12262"}],"version-history":[{"count":4,"href":"https:\/\/groomluxuryvetcr.com\/en\/wp-json\/wp\/v2\/product\/12262\/revisions"}],"predecessor-version":[{"id":12310,"href":"https:\/\/groomluxuryvetcr.com\/en\/wp-json\/wp\/v2\/product\/12262\/revisions\/12310"}],"wp:featuredmedia":[{"embeddable":true,"href":"https:\/\/groomluxuryvetcr.com\/en\/wp-json\/wp\/v2\/media\/12267"}],"wp:attachment":[{"href":"https:\/\/groomluxuryvetcr.com\/en\/wp-json\/wp\/v2\/media?parent=12262"}],"wp:term":[{"taxonomy":"product_brand","embeddable":true,"href":"https:\/\/groomluxuryvetcr.com\/en\/wp-json\/wp\/v2\/product_brand?post=12262"},{"taxonomy":"product_cat","embeddable":true,"href":"https:\/\/groomluxuryvetcr.com\/en\/wp-json\/wp\/v2\/product_cat?post=12262"},{"taxonomy":"product_tag","embeddable":true,"href":"https:\/\/groomluxuryvetcr.com\/en\/wp-json\/wp\/v2\/product_tag?post=12262"}],"curies":[{"name":"wp","href":"https:\/\/api.w.org\/{rel}","templated":true}]}}