{"id":12278,"date":"2025-05-24T23:39:46","date_gmt":"2025-05-25T05:39:46","guid":{"rendered":"https:\/\/groomluxuryvetcr.com\/?post_type=product&#038;p=12278"},"modified":"2025-07-17T12:40:41","modified_gmt":"2025-07-17T18:40:41","slug":"frontline-plus-felino","status":"publish","type":"product","link":"https:\/\/groomluxuryvetcr.com\/en\/product\/frontline-plus-felino\/","title":{"rendered":"FRONTLINE PLUS FELINO"},"content":{"rendered":"<p>Gracias a su exclusiva formulaci\u00f3n con el agregado de Metopreno, brinda protecci\u00f3n continua, con doble acci\u00f3n sobre pulgas y sobre estadios inmaduros de pulgas (huevos y larvas) presentes en el medio ambiente. FRONTLINE<span class=\"font6\">\u00ae<\/span><span class=\"font5\">\u00a0Plus tambi\u00e9n elimina garrapatas.<\/span><\/p>","protected":false},"excerpt":{"rendered":"<p>Metopreno brinda protecci\u00f3n continua, con doble acci\u00f3n sobre pulgas y sobre estadios inmaduros de pulgas.<\/p>","protected":false},"featured_media":12281,"comment_status":"open","ping_status":"closed","template":"","meta":{"content-type":""},"product_brand":[110],"product_cat":[41,15,55,57],"product_tag":[],"class_list":{"0":"post-12278","1":"product","2":"type-product","3":"status-publish","4":"has-post-thumbnail","6":"product_brand-frontline-felinos","7":"product_cat-gatos","8":"product_cat-general","9":"product_cat-salud-y-bienestar","10":"product_cat-salud-y-bienestar-gatos","12":"first","13":"instock","14":"sale","15":"taxable","16":"shipping-taxable","17":"purchasable","18":"product-type-simple"},"_links":{"self":[{"href":"https:\/\/groomluxuryvetcr.com\/en\/wp-json\/wp\/v2\/product\/12278","targetHints":{"allow":["GET"]}}],"collection":[{"href":"https:\/\/groomluxuryvetcr.com\/en\/wp-json\/wp\/v2\/product"}],"about":[{"href":"https:\/\/groomluxuryvetcr.com\/en\/wp-json\/wp\/v2\/types\/product"}],"replies":[{"embeddable":true,"href":"https:\/\/groomluxuryvetcr.com\/en\/wp-json\/wp\/v2\/comments?post=12278"}],"version-history":[{"count":4,"href":"https:\/\/groomluxuryvetcr.com\/en\/wp-json\/wp\/v2\/product\/12278\/revisions"}],"predecessor-version":[{"id":12308,"href":"https:\/\/groomluxuryvetcr.com\/en\/wp-json\/wp\/v2\/product\/12278\/revisions\/12308"}],"wp:featuredmedia":[{"embeddable":true,"href":"https:\/\/groomluxuryvetcr.com\/en\/wp-json\/wp\/v2\/media\/12281"}],"wp:attachment":[{"href":"https:\/\/groomluxuryvetcr.com\/en\/wp-json\/wp\/v2\/media?parent=12278"}],"wp:term":[{"taxonomy":"product_brand","embeddable":true,"href":"https:\/\/groomluxuryvetcr.com\/en\/wp-json\/wp\/v2\/product_brand?post=12278"},{"taxonomy":"product_cat","embeddable":true,"href":"https:\/\/groomluxuryvetcr.com\/en\/wp-json\/wp\/v2\/product_cat?post=12278"},{"taxonomy":"product_tag","embeddable":true,"href":"https:\/\/groomluxuryvetcr.com\/en\/wp-json\/wp\/v2\/product_tag?post=12278"}],"curies":[{"name":"wp","href":"https:\/\/api.w.org\/{rel}","templated":true}]}}