{"id":12413,"date":"2025-05-28T18:01:47","date_gmt":"2025-05-29T00:01:47","guid":{"rendered":"https:\/\/groomluxuryvetcr.com\/?post_type=product&#038;p=12413"},"modified":"2025-05-28T18:01:48","modified_gmt":"2025-05-29T00:01:48","slug":"1st-choice-puppy-skin-coat","status":"publish","type":"product","link":"https:\/\/groomluxuryvetcr.com\/en\/product\/1st-choice-puppy-skin-coat\/","title":{"rendered":"1ST CHOICE PUPPY SKIN &amp; COAT"},"content":{"rendered":"<p><span data-sheets-root=\"1\">La f\u00f3rmula PIEL Y PELO satisface las necesidades nutricionales de cachorros de todas las razas. La adici\u00f3n de omega-3 y omega-6 cuida la piel y garantiza un pelaje sedoso. Las peque\u00f1as croquetas est\u00e1n repletas de sabor para que descubrir el alimento seco sea lo m\u00e1s placentero y exitoso posible. Esta f\u00f3rmula completa y equilibrada favorece el crecimiento \u00f3seo, las funciones vitales y el desarrollo cerebral. Tambi\u00e9n ayuda a los cachorros a fortalecer su sistema inmunitario. F\u00e1cil de digerir, esta opci\u00f3n sin pollo es muy apreciada. \u00a1El primer paso para convertirse en un perro sano y hermoso!<\/span><\/p>\n<p>2KG<\/p>","protected":false},"excerpt":{"rendered":"<p>La f\u00f3rmula PIEL Y PELO satisface las necesidades nutricionales de cachorros de todas las razas. La adici\u00f3n de omega-3 y omega-6 cuida la piel y garantiza un pelaje sedoso. Las peque\u00f1as croquetas est\u00e1n repletas de sabor para que descubrir el alimento seco sea lo m\u00e1s placentero y exitoso posible. Esta f\u00f3rmula completa y equilibrada favorece [&hellip;]<\/p>\n","protected":false},"featured_media":12414,"comment_status":"open","ping_status":"closed","template":"","meta":{"content-type":""},"product_brand":[114],"product_cat":[47,54,15,43],"product_tag":[],"class_list":{"0":"post-12413","1":"product","2":"type-product","3":"status-publish","4":"has-post-thumbnail","6":"product_brand-1s-choice","7":"product_cat-alimentos","8":"product_cat-alimentos-general","9":"product_cat-general","10":"product_cat-perros","12":"first","13":"instock","14":"taxable","15":"shipping-taxable","16":"purchasable","17":"product-type-simple"},"_links":{"self":[{"href":"https:\/\/groomluxuryvetcr.com\/en\/wp-json\/wp\/v2\/product\/12413","targetHints":{"allow":["GET"]}}],"collection":[{"href":"https:\/\/groomluxuryvetcr.com\/en\/wp-json\/wp\/v2\/product"}],"about":[{"href":"https:\/\/groomluxuryvetcr.com\/en\/wp-json\/wp\/v2\/types\/product"}],"replies":[{"embeddable":true,"href":"https:\/\/groomluxuryvetcr.com\/en\/wp-json\/wp\/v2\/comments?post=12413"}],"version-history":[{"count":1,"href":"https:\/\/groomluxuryvetcr.com\/en\/wp-json\/wp\/v2\/product\/12413\/revisions"}],"predecessor-version":[{"id":12415,"href":"https:\/\/groomluxuryvetcr.com\/en\/wp-json\/wp\/v2\/product\/12413\/revisions\/12415"}],"wp:featuredmedia":[{"embeddable":true,"href":"https:\/\/groomluxuryvetcr.com\/en\/wp-json\/wp\/v2\/media\/12414"}],"wp:attachment":[{"href":"https:\/\/groomluxuryvetcr.com\/en\/wp-json\/wp\/v2\/media?parent=12413"}],"wp:term":[{"taxonomy":"product_brand","embeddable":true,"href":"https:\/\/groomluxuryvetcr.com\/en\/wp-json\/wp\/v2\/product_brand?post=12413"},{"taxonomy":"product_cat","embeddable":true,"href":"https:\/\/groomluxuryvetcr.com\/en\/wp-json\/wp\/v2\/product_cat?post=12413"},{"taxonomy":"product_tag","embeddable":true,"href":"https:\/\/groomluxuryvetcr.com\/en\/wp-json\/wp\/v2\/product_tag?post=12413"}],"curies":[{"name":"wp","href":"https:\/\/api.w.org\/{rel}","templated":true}]}}