{"id":12416,"date":"2025-05-28T18:09:35","date_gmt":"2025-05-29T00:09:35","guid":{"rendered":"https:\/\/groomluxuryvetcr.com\/?post_type=product&#038;p=12416"},"modified":"2025-05-30T10:41:42","modified_gmt":"2025-05-30T16:41:42","slug":"1st-choice-cat-skin-coat-salmon","status":"publish","type":"product","link":"https:\/\/groomluxuryvetcr.com\/en\/product\/1st-choice-cat-skin-coat-salmon\/","title":{"rendered":"1ST CHOICE CAT SKIN &amp; COAT SALMON"},"content":{"rendered":"<p><span data-sheets-root=\"1\">La f\u00f3rmula Choice Piel y Pelaje Saludables est\u00e1 dise\u00f1ada espec\u00edficamente para mejorar el estado de la piel en todas las estaciones y lograr un pelaje suave y brillante tanto en gatos de pelo largo como corto. El pescado y los aceites de pescado se consideran desde hace mucho tiempo la clave para una piel sana y un pelaje espl\u00e9ndido.\u00a0<\/span><\/p>\n<p>2.7kg<\/p>","protected":false},"excerpt":{"rendered":"<p>La f\u00f3rmula Choice Piel y Pelaje Saludables est\u00e1 dise\u00f1ada espec\u00edficamente para mejorar el estado de la piel en todas las estaciones y lograr un pelaje suave y brillante tanto en gatos de pelo largo como corto. El pescado y los aceites de pescado se consideran desde hace mucho tiempo la clave para una piel sana [&hellip;]<\/p>\n","protected":false},"featured_media":12418,"comment_status":"open","ping_status":"closed","template":"","meta":{"content-type":""},"product_brand":[114],"product_cat":[54,48,41,15],"product_tag":[],"class_list":{"0":"post-12416","1":"product","2":"type-product","3":"status-publish","4":"has-post-thumbnail","6":"product_brand-1s-choice","7":"product_cat-alimentos-general","8":"product_cat-alimentos-gatos","9":"product_cat-gatos","10":"product_cat-general","12":"first","13":"instock","14":"featured","15":"taxable","16":"shipping-taxable","17":"purchasable","18":"product-type-simple"},"_links":{"self":[{"href":"https:\/\/groomluxuryvetcr.com\/en\/wp-json\/wp\/v2\/product\/12416","targetHints":{"allow":["GET"]}}],"collection":[{"href":"https:\/\/groomluxuryvetcr.com\/en\/wp-json\/wp\/v2\/product"}],"about":[{"href":"https:\/\/groomluxuryvetcr.com\/en\/wp-json\/wp\/v2\/types\/product"}],"replies":[{"embeddable":true,"href":"https:\/\/groomluxuryvetcr.com\/en\/wp-json\/wp\/v2\/comments?post=12416"}],"version-history":[{"count":2,"href":"https:\/\/groomluxuryvetcr.com\/en\/wp-json\/wp\/v2\/product\/12416\/revisions"}],"predecessor-version":[{"id":12420,"href":"https:\/\/groomluxuryvetcr.com\/en\/wp-json\/wp\/v2\/product\/12416\/revisions\/12420"}],"wp:featuredmedia":[{"embeddable":true,"href":"https:\/\/groomluxuryvetcr.com\/en\/wp-json\/wp\/v2\/media\/12418"}],"wp:attachment":[{"href":"https:\/\/groomluxuryvetcr.com\/en\/wp-json\/wp\/v2\/media?parent=12416"}],"wp:term":[{"taxonomy":"product_brand","embeddable":true,"href":"https:\/\/groomluxuryvetcr.com\/en\/wp-json\/wp\/v2\/product_brand?post=12416"},{"taxonomy":"product_cat","embeddable":true,"href":"https:\/\/groomluxuryvetcr.com\/en\/wp-json\/wp\/v2\/product_cat?post=12416"},{"taxonomy":"product_tag","embeddable":true,"href":"https:\/\/groomluxuryvetcr.com\/en\/wp-json\/wp\/v2\/product_tag?post=12416"}],"curies":[{"name":"wp","href":"https:\/\/api.w.org\/{rel}","templated":true}]}}