{"id":12421,"date":"2025-05-29T09:10:14","date_gmt":"2025-05-29T15:10:14","guid":{"rendered":"https:\/\/groomluxuryvetcr.com\/?post_type=product&#038;p=12421"},"modified":"2025-05-29T09:18:22","modified_gmt":"2025-05-29T15:18:22","slug":"1st-choice-kitten","status":"publish","type":"product","link":"https:\/\/groomluxuryvetcr.com\/en\/product\/1st-choice-kitten\/","title":{"rendered":"1ST CHOICE KITTEN"},"content":{"rendered":"<p><span data-sheets-root=\"1\">La f\u00f3rmula Choice Healthy Start es la mejor manera de iniciarse en el alimento seco tras el destete. Una f\u00f3rmula rica en calcio para fortalecer los huesos, \u00e1cidos grasos para el desarrollo \u00f3ptimo de los \u00f3rganos vitales y prebi\u00f3ticos para asegurar un sistema inmunitario fuerte. \u00a1Todos los gatitos merecen un comienzo saludable para una larga vida!\u00a0<\/span><\/p>\n<p>2kg<\/p>","protected":false},"excerpt":{"rendered":"<p>La f\u00f3rmula Choice Healthy Start es la mejor manera de iniciarse en el alimento seco tras el destete. Una f\u00f3rmula rica en calcio para fortalecer los huesos, \u00e1cidos grasos para el desarrollo \u00f3ptimo de los \u00f3rganos vitales y prebi\u00f3ticos para asegurar un sistema inmunitario fuerte. \u00a1Todos los gatitos merecen un comienzo saludable para una larga [&hellip;]<\/p>\n","protected":false},"featured_media":12422,"comment_status":"open","ping_status":"closed","template":"","meta":{"content-type":""},"product_brand":[114],"product_cat":[48,54,41,15],"product_tag":[],"class_list":{"0":"post-12421","1":"product","2":"type-product","3":"status-publish","4":"has-post-thumbnail","6":"product_brand-1s-choice","7":"product_cat-alimentos-gatos","8":"product_cat-alimentos-general","9":"product_cat-gatos","10":"product_cat-general","12":"first","13":"instock","14":"taxable","15":"shipping-taxable","16":"purchasable","17":"product-type-simple"},"_links":{"self":[{"href":"https:\/\/groomluxuryvetcr.com\/en\/wp-json\/wp\/v2\/product\/12421","targetHints":{"allow":["GET"]}}],"collection":[{"href":"https:\/\/groomluxuryvetcr.com\/en\/wp-json\/wp\/v2\/product"}],"about":[{"href":"https:\/\/groomluxuryvetcr.com\/en\/wp-json\/wp\/v2\/types\/product"}],"replies":[{"embeddable":true,"href":"https:\/\/groomluxuryvetcr.com\/en\/wp-json\/wp\/v2\/comments?post=12421"}],"version-history":[{"count":1,"href":"https:\/\/groomluxuryvetcr.com\/en\/wp-json\/wp\/v2\/product\/12421\/revisions"}],"predecessor-version":[{"id":12423,"href":"https:\/\/groomluxuryvetcr.com\/en\/wp-json\/wp\/v2\/product\/12421\/revisions\/12423"}],"wp:featuredmedia":[{"embeddable":true,"href":"https:\/\/groomluxuryvetcr.com\/en\/wp-json\/wp\/v2\/media\/12422"}],"wp:attachment":[{"href":"https:\/\/groomluxuryvetcr.com\/en\/wp-json\/wp\/v2\/media?parent=12421"}],"wp:term":[{"taxonomy":"product_brand","embeddable":true,"href":"https:\/\/groomluxuryvetcr.com\/en\/wp-json\/wp\/v2\/product_brand?post=12421"},{"taxonomy":"product_cat","embeddable":true,"href":"https:\/\/groomluxuryvetcr.com\/en\/wp-json\/wp\/v2\/product_cat?post=12421"},{"taxonomy":"product_tag","embeddable":true,"href":"https:\/\/groomluxuryvetcr.com\/en\/wp-json\/wp\/v2\/product_tag?post=12421"}],"curies":[{"name":"wp","href":"https:\/\/api.w.org\/{rel}","templated":true}]}}