{"id":12430,"date":"2025-05-29T09:31:44","date_gmt":"2025-05-29T15:31:44","guid":{"rendered":"https:\/\/groomluxuryvetcr.com\/?post_type=product&#038;p=12430"},"modified":"2026-03-16T09:25:57","modified_gmt":"2026-03-16T15:25:57","slug":"nexgard-spectra-l-morada","status":"publish","type":"product","link":"https:\/\/groomluxuryvetcr.com\/en\/product\/nexgard-spectra-l-morada\/","title":{"rendered":"NEXGARD SPECTRA L MORADA"},"content":{"rendered":"<p><span data-sheets-root=\"1\">-Elimina pulgas r\u00e1pidamente.<\/span><\/p>\n<p>-Elimina garrapatas.<\/p>\n<p>-Elimina \u00e1caros, causantes de sarna.<\/p>\n<p>-Elimina gusanos intestinales (redondos, de gancho y de l\u00e1tigo).<\/p>\n<p>-Previene gusano de coraz\u00f3n.<\/p>\n<p>-Previene gusanos tisulares (gusano del ojo y gusano pulmonar).<\/p>\n<p>Todo en un solo masticable sabroso que los perros prefieren.<\/p>","protected":false},"excerpt":{"rendered":"<p>-Elimina pulgas r\u00e1pidamente. -Elimina garrapatas. -Elimina \u00e1caros, causantes de sarna. -Elimina gusanos intestinales (redondos, de gancho y de l\u00e1tigo). -Previene gusano de coraz\u00f3n. -Previene gusanos tisulares (gusano del ojo y gusano pulmonar). Todo en un solo masticable sabroso que los perros prefieren.<\/p>","protected":false},"featured_media":12431,"comment_status":"open","ping_status":"closed","template":"","meta":{"content-type":""},"product_brand":[115],"product_cat":[15,43,56,55],"product_tag":[],"class_list":{"0":"post-12430","1":"product","2":"type-product","3":"status-publish","4":"has-post-thumbnail","6":"product_brand-nexgard","7":"product_cat-general","8":"product_cat-perros","9":"product_cat-salud-y-bienestar-perros","10":"product_cat-salud-y-bienestar","12":"first","13":"instock","14":"featured","15":"taxable","16":"shipping-taxable","17":"purchasable","18":"product-type-simple"},"_links":{"self":[{"href":"https:\/\/groomluxuryvetcr.com\/en\/wp-json\/wp\/v2\/product\/12430","targetHints":{"allow":["GET"]}}],"collection":[{"href":"https:\/\/groomluxuryvetcr.com\/en\/wp-json\/wp\/v2\/product"}],"about":[{"href":"https:\/\/groomluxuryvetcr.com\/en\/wp-json\/wp\/v2\/types\/product"}],"replies":[{"embeddable":true,"href":"https:\/\/groomluxuryvetcr.com\/en\/wp-json\/wp\/v2\/comments?post=12430"}],"version-history":[{"count":1,"href":"https:\/\/groomluxuryvetcr.com\/en\/wp-json\/wp\/v2\/product\/12430\/revisions"}],"predecessor-version":[{"id":12432,"href":"https:\/\/groomluxuryvetcr.com\/en\/wp-json\/wp\/v2\/product\/12430\/revisions\/12432"}],"wp:featuredmedia":[{"embeddable":true,"href":"https:\/\/groomluxuryvetcr.com\/en\/wp-json\/wp\/v2\/media\/12431"}],"wp:attachment":[{"href":"https:\/\/groomluxuryvetcr.com\/en\/wp-json\/wp\/v2\/media?parent=12430"}],"wp:term":[{"taxonomy":"product_brand","embeddable":true,"href":"https:\/\/groomluxuryvetcr.com\/en\/wp-json\/wp\/v2\/product_brand?post=12430"},{"taxonomy":"product_cat","embeddable":true,"href":"https:\/\/groomluxuryvetcr.com\/en\/wp-json\/wp\/v2\/product_cat?post=12430"},{"taxonomy":"product_tag","embeddable":true,"href":"https:\/\/groomluxuryvetcr.com\/en\/wp-json\/wp\/v2\/product_tag?post=12430"}],"curies":[{"name":"wp","href":"https:\/\/api.w.org\/{rel}","templated":true}]}}