{"id":12586,"date":"2025-05-31T13:28:59","date_gmt":"2025-05-31T19:28:59","guid":{"rendered":"https:\/\/groomluxuryvetcr.com\/?post_type=product&#038;p=12586"},"modified":"2025-05-31T13:43:11","modified_gmt":"2025-05-31T19:43:11","slug":"1st-choice-urinary-cat-18kg","status":"publish","type":"product","link":"https:\/\/groomluxuryvetcr.com\/en\/product\/1st-choice-urinary-cat-18kg\/","title":{"rendered":"1ST CHOICE URINARY CAT 1,8KG"},"content":{"rendered":"<p><span data-sheets-root=\"1\">Choice Urinary Health fue especialmente formulado para ayudar a prevenir la formaci\u00f3n de c\u00e1lculos vesicales gracias a su bajo contenido de magnesio, calcio y f\u00f3sforo, y a su pH ligeramente \u00e1cido. Tambi\u00e9n ayuda a prevenir la formaci\u00f3n de c\u00e1lculos vesicales de oxalato de calcio.<\/span><\/p>","protected":false},"excerpt":{"rendered":"<p>\ud83d\udc31 <strong data-start=\"58\" data-end=\"91\">1st Choice Urinary Cat 1.8\u202fkg: <\/strong>Especial para la salud urinaria de tu gato \ud83d\udca7\ud83e\udde1 Ayuda a prevenir c\u00e1lculos vesicales \ud83e\udea8 gracias a su bajo contenido de magnesio, calcio y f\u00f3sforo \u2696\ufe0f y su pH ligeramente \u00e1cido \ud83e\uddea. Ideal para evitar cristales de oxalato de calcio \ud83d\udee1\ufe0f.<\/p>","protected":false},"featured_media":12587,"comment_status":"open","ping_status":"closed","template":"","meta":{"content-type":""},"product_brand":[114],"product_cat":[48,54,41,15,55,57],"product_tag":[],"class_list":{"0":"post-12586","1":"product","2":"type-product","3":"status-publish","4":"has-post-thumbnail","6":"product_brand-1s-choice","7":"product_cat-alimentos-gatos","8":"product_cat-alimentos-general","9":"product_cat-gatos","10":"product_cat-general","11":"product_cat-salud-y-bienestar","12":"product_cat-salud-y-bienestar-gatos","14":"first","15":"instock","16":"taxable","17":"shipping-taxable","18":"purchasable","19":"product-type-simple"},"_links":{"self":[{"href":"https:\/\/groomluxuryvetcr.com\/en\/wp-json\/wp\/v2\/product\/12586","targetHints":{"allow":["GET"]}}],"collection":[{"href":"https:\/\/groomluxuryvetcr.com\/en\/wp-json\/wp\/v2\/product"}],"about":[{"href":"https:\/\/groomluxuryvetcr.com\/en\/wp-json\/wp\/v2\/types\/product"}],"replies":[{"embeddable":true,"href":"https:\/\/groomluxuryvetcr.com\/en\/wp-json\/wp\/v2\/comments?post=12586"}],"version-history":[{"count":3,"href":"https:\/\/groomluxuryvetcr.com\/en\/wp-json\/wp\/v2\/product\/12586\/revisions"}],"predecessor-version":[{"id":12590,"href":"https:\/\/groomluxuryvetcr.com\/en\/wp-json\/wp\/v2\/product\/12586\/revisions\/12590"}],"wp:featuredmedia":[{"embeddable":true,"href":"https:\/\/groomluxuryvetcr.com\/en\/wp-json\/wp\/v2\/media\/12587"}],"wp:attachment":[{"href":"https:\/\/groomluxuryvetcr.com\/en\/wp-json\/wp\/v2\/media?parent=12586"}],"wp:term":[{"taxonomy":"product_brand","embeddable":true,"href":"https:\/\/groomluxuryvetcr.com\/en\/wp-json\/wp\/v2\/product_brand?post=12586"},{"taxonomy":"product_cat","embeddable":true,"href":"https:\/\/groomluxuryvetcr.com\/en\/wp-json\/wp\/v2\/product_cat?post=12586"},{"taxonomy":"product_tag","embeddable":true,"href":"https:\/\/groomluxuryvetcr.com\/en\/wp-json\/wp\/v2\/product_tag?post=12586"}],"curies":[{"name":"wp","href":"https:\/\/api.w.org\/{rel}","templated":true}]}}