{"id":12591,"date":"2025-05-31T13:43:26","date_gmt":"2025-05-31T19:43:26","guid":{"rendered":"https:\/\/groomluxuryvetcr.com\/?post_type=product&#038;p=12591"},"modified":"2025-05-31T13:47:16","modified_gmt":"2025-05-31T19:47:16","slug":"st-choice-cat-indoor-2-7kg","status":"publish","type":"product","link":"https:\/\/groomluxuryvetcr.com\/en\/product\/st-choice-cat-indoor-2-7kg\/","title":{"rendered":"ST CHOICE CAT INDOOR 2.7KG"},"content":{"rendered":"<p><span data-sheets-root=\"1\">La f\u00f3rmula Choice Indoor Vitality es la opci\u00f3n perfecta para tu mimado amigo felino de interior. Nuestros ingredientes, cuidadosamente seleccionados, est\u00e1n dise\u00f1ados espec\u00edficamente para gatos que disfrutan de nuestro estilo de vida moderno. La reconocida revista Prot\u00e9gez-Vous de Quebec recomienda nuestra f\u00f3rmula Indoor Vitality como una de las &#8220;Mejores Selecciones&#8221; entre 180 alimentos para gatos no especializados analizados por su panel de expertos.<\/span><\/p>","protected":false},"excerpt":{"rendered":"<p>\ud83d\udc31\ud83c\udfe0 <strong data-start=\"75\" data-end=\"107\">1st Choice Cat Indoor 2.7\u202fkg: <\/strong>Nutrici\u00f3n premium para gatos de interior \u2728. Ingredientes seleccionados para su estilo de vida moderno \ud83d\ude3d\ud83d\udca4. \u00a1Recomendada como una de las mejores opciones por expertos en alimentos para gatos! \ud83c\udfc5\ud83c\udf7d\ufe0f<\/p>","protected":false},"featured_media":12592,"comment_status":"open","ping_status":"closed","template":"","meta":{"content-type":""},"product_brand":[114],"product_cat":[48,54,41,15],"product_tag":[],"class_list":{"0":"post-12591","1":"product","2":"type-product","3":"status-publish","4":"has-post-thumbnail","6":"product_brand-1s-choice","7":"product_cat-alimentos-gatos","8":"product_cat-alimentos-general","9":"product_cat-gatos","10":"product_cat-general","12":"first","13":"instock","14":"taxable","15":"shipping-taxable","16":"purchasable","17":"product-type-simple"},"_links":{"self":[{"href":"https:\/\/groomluxuryvetcr.com\/en\/wp-json\/wp\/v2\/product\/12591","targetHints":{"allow":["GET"]}}],"collection":[{"href":"https:\/\/groomluxuryvetcr.com\/en\/wp-json\/wp\/v2\/product"}],"about":[{"href":"https:\/\/groomluxuryvetcr.com\/en\/wp-json\/wp\/v2\/types\/product"}],"replies":[{"embeddable":true,"href":"https:\/\/groomluxuryvetcr.com\/en\/wp-json\/wp\/v2\/comments?post=12591"}],"version-history":[{"count":3,"href":"https:\/\/groomluxuryvetcr.com\/en\/wp-json\/wp\/v2\/product\/12591\/revisions"}],"predecessor-version":[{"id":12596,"href":"https:\/\/groomluxuryvetcr.com\/en\/wp-json\/wp\/v2\/product\/12591\/revisions\/12596"}],"wp:featuredmedia":[{"embeddable":true,"href":"https:\/\/groomluxuryvetcr.com\/en\/wp-json\/wp\/v2\/media\/12592"}],"wp:attachment":[{"href":"https:\/\/groomluxuryvetcr.com\/en\/wp-json\/wp\/v2\/media?parent=12591"}],"wp:term":[{"taxonomy":"product_brand","embeddable":true,"href":"https:\/\/groomluxuryvetcr.com\/en\/wp-json\/wp\/v2\/product_brand?post=12591"},{"taxonomy":"product_cat","embeddable":true,"href":"https:\/\/groomluxuryvetcr.com\/en\/wp-json\/wp\/v2\/product_cat?post=12591"},{"taxonomy":"product_tag","embeddable":true,"href":"https:\/\/groomluxuryvetcr.com\/en\/wp-json\/wp\/v2\/product_tag?post=12591"}],"curies":[{"name":"wp","href":"https:\/\/api.w.org\/{rel}","templated":true}]}}