{"id":12597,"date":"2025-05-31T13:50:02","date_gmt":"2025-05-31T19:50:02","guid":{"rendered":"https:\/\/groomluxuryvetcr.com\/?post_type=product&#038;p=12597"},"modified":"2025-05-31T13:58:45","modified_gmt":"2025-05-31T19:58:45","slug":"1st-choice-feline-weight-control-2-72kg","status":"publish","type":"product","link":"https:\/\/groomluxuryvetcr.com\/en\/product\/1st-choice-feline-weight-control-2-72kg\/","title":{"rendered":"1ST CHOICE FELINE WEIGHT CONTROL 2.72KG"},"content":{"rendered":"<p><span data-sheets-root=\"1\">La f\u00f3rmula Choice Weight Control est\u00e1 dise\u00f1ada espec\u00edficamente para gatos con tendencia a engordar, as\u00ed como para gatos esterilizados o castrados. Una f\u00f3rmula baja en calor\u00edas que promueve una silueta ideal.<\/span><\/p>","protected":false},"excerpt":{"rendered":"<p>\ud83d\udc31\u2696\ufe0f <strong data-start=\"65\" data-end=\"109\">1st Choice Feline Weight Control 2.72\u202fkg: <\/strong>Especial para gatitos con tendencia a engordar o esterilizados \ud83c\udf7d\ufe0f\ud83d\udca4. Su f\u00f3rmula baja en calor\u00edas ayuda a mantener una silueta ideal \u2728\ud83d\udc3e. \u00a1Salud y equilibrio en cada bocado! \ud83e\udd57\ud83d\udcaa<\/p>","protected":false},"featured_media":12601,"comment_status":"open","ping_status":"closed","template":"","meta":{"content-type":""},"product_brand":[114],"product_cat":[48,54,41,15],"product_tag":[],"class_list":{"0":"post-12597","1":"product","2":"type-product","3":"status-publish","4":"has-post-thumbnail","6":"product_brand-1s-choice","7":"product_cat-alimentos-gatos","8":"product_cat-alimentos-general","9":"product_cat-gatos","10":"product_cat-general","12":"first","13":"instock","14":"taxable","15":"shipping-taxable","16":"purchasable","17":"product-type-simple"},"_links":{"self":[{"href":"https:\/\/groomluxuryvetcr.com\/en\/wp-json\/wp\/v2\/product\/12597","targetHints":{"allow":["GET"]}}],"collection":[{"href":"https:\/\/groomluxuryvetcr.com\/en\/wp-json\/wp\/v2\/product"}],"about":[{"href":"https:\/\/groomluxuryvetcr.com\/en\/wp-json\/wp\/v2\/types\/product"}],"replies":[{"embeddable":true,"href":"https:\/\/groomluxuryvetcr.com\/en\/wp-json\/wp\/v2\/comments?post=12597"}],"version-history":[{"count":2,"href":"https:\/\/groomluxuryvetcr.com\/en\/wp-json\/wp\/v2\/product\/12597\/revisions"}],"predecessor-version":[{"id":12599,"href":"https:\/\/groomluxuryvetcr.com\/en\/wp-json\/wp\/v2\/product\/12597\/revisions\/12599"}],"wp:featuredmedia":[{"embeddable":true,"href":"https:\/\/groomluxuryvetcr.com\/en\/wp-json\/wp\/v2\/media\/12601"}],"wp:attachment":[{"href":"https:\/\/groomluxuryvetcr.com\/en\/wp-json\/wp\/v2\/media?parent=12597"}],"wp:term":[{"taxonomy":"product_brand","embeddable":true,"href":"https:\/\/groomluxuryvetcr.com\/en\/wp-json\/wp\/v2\/product_brand?post=12597"},{"taxonomy":"product_cat","embeddable":true,"href":"https:\/\/groomluxuryvetcr.com\/en\/wp-json\/wp\/v2\/product_cat?post=12597"},{"taxonomy":"product_tag","embeddable":true,"href":"https:\/\/groomluxuryvetcr.com\/en\/wp-json\/wp\/v2\/product_tag?post=12597"}],"curies":[{"name":"wp","href":"https:\/\/api.w.org\/{rel}","templated":true}]}}