{"id":12600,"date":"2025-06-02T08:07:38","date_gmt":"2025-06-02T14:07:38","guid":{"rendered":"https:\/\/groomluxuryvetcr.com\/?post_type=product&#038;p=12600"},"modified":"2025-06-02T08:43:19","modified_gmt":"2025-06-02T14:43:19","slug":"1st-choice-adulto-toysmall-breeds-2kg","status":"publish","type":"product","link":"https:\/\/groomluxuryvetcr.com\/en\/product\/1st-choice-adulto-toysmall-breeds-2kg\/","title":{"rendered":"1ST CHOICE ADULTO TOY&amp;SMALL BREEDS 2KG"},"content":{"rendered":"<p><span data-sheets-root=\"1\">Esta f\u00f3rmula es perfecta para perros ADULTOS de razas toy y peque\u00f1as. Proporciona un aporte energ\u00e9tico espec\u00edfico para aumentar la vitalidad y ayudar a mantener el peso ideal. Elegimos pollo por su alta digestibilidad. Adem\u00e1s, dado que los perros de razas peque\u00f1as son propensos al estre\u00f1imiento, se ha a\u00f1adido fibra prebi\u00f3tica para optimizar el movimiento intestinal y promover heces saludables. La f\u00f3rmula tambi\u00e9n contiene una combinaci\u00f3n \u00fanica de antioxidantes para fortalecer el sistema inmunitario y proteger los \u00f3rganos, la piel y el pelaje. \u00a1Adem\u00e1s, los perros peque\u00f1os m\u00e1s exigentes encuentran esta nueva f\u00f3rmula irresistiblemente sabrosa!<\/span><\/p>","protected":false},"excerpt":{"rendered":"<p>\ud83d\udc36\ud83c\udf57 <strong data-start=\"71\" data-end=\"116\">1st Choice Adulto Toy &amp; Small Breeds 2\u202fkg<\/strong><br data-start=\"116\" data-end=\"119\" data-is-only-node=\"\" \/>Nutrici\u00f3n ideal para perritos adultos de razas peque\u00f1as y toy \ud83d\udc3e\ud83d\udc9b. Aporta energ\u00eda, ayuda a mantener el peso ideal \u2696\ufe0f y mejora la digesti\u00f3n con fibra prebi\u00f3tica \ud83c\udf3f\ud83d\udca9. Refuerza el sistema inmunol\u00f3gico \ud83d\udee1\ufe0f y cuida piel y pelaje \u2728\ud83d\udc15. \u00a1S\u00faper sabroso para los m\u00e1s exigentes! \ud83d\ude0b\ud83e\udd47<\/p>","protected":false},"featured_media":12604,"comment_status":"open","ping_status":"closed","template":"","meta":{"content-type":""},"product_brand":[114],"product_cat":[54,47,15,43],"product_tag":[],"class_list":{"0":"post-12600","1":"product","2":"type-product","3":"status-publish","4":"has-post-thumbnail","6":"product_brand-1s-choice","7":"product_cat-alimentos-general","8":"product_cat-alimentos","9":"product_cat-general","10":"product_cat-perros","12":"first","13":"instock","14":"taxable","15":"shipping-taxable","16":"purchasable","17":"product-type-simple"},"_links":{"self":[{"href":"https:\/\/groomluxuryvetcr.com\/en\/wp-json\/wp\/v2\/product\/12600","targetHints":{"allow":["GET"]}}],"collection":[{"href":"https:\/\/groomluxuryvetcr.com\/en\/wp-json\/wp\/v2\/product"}],"about":[{"href":"https:\/\/groomluxuryvetcr.com\/en\/wp-json\/wp\/v2\/types\/product"}],"replies":[{"embeddable":true,"href":"https:\/\/groomluxuryvetcr.com\/en\/wp-json\/wp\/v2\/comments?post=12600"}],"version-history":[{"count":3,"href":"https:\/\/groomluxuryvetcr.com\/en\/wp-json\/wp\/v2\/product\/12600\/revisions"}],"predecessor-version":[{"id":12611,"href":"https:\/\/groomluxuryvetcr.com\/en\/wp-json\/wp\/v2\/product\/12600\/revisions\/12611"}],"wp:featuredmedia":[{"embeddable":true,"href":"https:\/\/groomluxuryvetcr.com\/en\/wp-json\/wp\/v2\/media\/12604"}],"wp:attachment":[{"href":"https:\/\/groomluxuryvetcr.com\/en\/wp-json\/wp\/v2\/media?parent=12600"}],"wp:term":[{"taxonomy":"product_brand","embeddable":true,"href":"https:\/\/groomluxuryvetcr.com\/en\/wp-json\/wp\/v2\/product_brand?post=12600"},{"taxonomy":"product_cat","embeddable":true,"href":"https:\/\/groomluxuryvetcr.com\/en\/wp-json\/wp\/v2\/product_cat?post=12600"},{"taxonomy":"product_tag","embeddable":true,"href":"https:\/\/groomluxuryvetcr.com\/en\/wp-json\/wp\/v2\/product_tag?post=12600"}],"curies":[{"name":"wp","href":"https:\/\/api.w.org\/{rel}","templated":true}]}}