{"id":12612,"date":"2025-06-02T08:45:25","date_gmt":"2025-06-02T14:45:25","guid":{"rendered":"https:\/\/groomluxuryvetcr.com\/?post_type=product&#038;p=12612"},"modified":"2025-06-02T14:34:47","modified_gmt":"2025-06-02T20:34:47","slug":"1st-choice-senior-all-breeds-2kg","status":"publish","type":"product","link":"https:\/\/groomluxuryvetcr.com\/en\/product\/1st-choice-senior-all-breeds-2kg\/","title":{"rendered":"1ST CHOICE SENIOR ALL BREEDS 2KG"},"content":{"rendered":"<p>Esta f\u00f3rmula PIEL Y PELAJE con cordero y pescado fue dise\u00f1ada para satisfacer las necesidades espec\u00edficas de los perros SENIORES de todas las razas. Hemos a\u00f1adido glucosamina y condroitina para proteger los cart\u00edlagos y las articulaciones sensibles de los perros mayores. Los omega-3 y omega-6 adicionales mantienen su piel sana y su pelaje brillante. La f\u00f3rmula se digiere f\u00e1cilmente y promueve la regularidad gracias a las fibras prebi\u00f3ticas a\u00f1adidas. Una combinaci\u00f3n \u00fanica de extractos de plantas ricos en antioxidantes ayuda a limitar la inflamaci\u00f3n y el da\u00f1o celular. Esta es la f\u00f3rmula ideal para mantener la movilidad y frenar los signos del envejecimiento prematuro y el deterioro cognitivo. \u00a1Una estrategia preventiva eficaz que promueve la salud general y un pelaje sedoso!<\/p>","protected":false},"excerpt":{"rendered":"<p>\ud83d\udc36\ud83d\udc75 <strong data-start=\"59\" data-end=\"112\">1st Choice Senior All Breeds \u2013 Piel y Pelaje 2\u202fkg <\/strong>Especial para perritos senior de todas las razas \ud83d\udc9b. Con cordero y pescado \ud83c\udf56\ud83d\udc1f, glucosamina y condroitina para cuidar sus articulaciones \ud83e\uddb4, y omega-3 y 6 para una piel sana y pelaje brillante \u2728\ud83d\udc15. F\u00e1cil de digerir \ud83c\udf7d\ufe0f y rica en antioxidantes \ud83c\udf3f\ud83d\udee1\ufe0f. \u00a1Salud, movilidad y un pelaje sedoso en cada porci\u00f3n! \ud83d\udcaa\ud83d\udc3e<\/p>","protected":false},"featured_media":12613,"comment_status":"open","ping_status":"closed","template":"","meta":{"content-type":""},"product_brand":[114],"product_cat":[47,54,15,43],"product_tag":[],"class_list":{"0":"post-12612","1":"product","2":"type-product","3":"status-publish","4":"has-post-thumbnail","6":"product_brand-1s-choice","7":"product_cat-alimentos","8":"product_cat-alimentos-general","9":"product_cat-general","10":"product_cat-perros","12":"first","13":"instock","14":"taxable","15":"shipping-taxable","16":"purchasable","17":"product-type-simple"},"_links":{"self":[{"href":"https:\/\/groomluxuryvetcr.com\/en\/wp-json\/wp\/v2\/product\/12612","targetHints":{"allow":["GET"]}}],"collection":[{"href":"https:\/\/groomluxuryvetcr.com\/en\/wp-json\/wp\/v2\/product"}],"about":[{"href":"https:\/\/groomluxuryvetcr.com\/en\/wp-json\/wp\/v2\/types\/product"}],"replies":[{"embeddable":true,"href":"https:\/\/groomluxuryvetcr.com\/en\/wp-json\/wp\/v2\/comments?post=12612"}],"version-history":[{"count":1,"href":"https:\/\/groomluxuryvetcr.com\/en\/wp-json\/wp\/v2\/product\/12612\/revisions"}],"predecessor-version":[{"id":12614,"href":"https:\/\/groomluxuryvetcr.com\/en\/wp-json\/wp\/v2\/product\/12612\/revisions\/12614"}],"wp:featuredmedia":[{"embeddable":true,"href":"https:\/\/groomluxuryvetcr.com\/en\/wp-json\/wp\/v2\/media\/12613"}],"wp:attachment":[{"href":"https:\/\/groomluxuryvetcr.com\/en\/wp-json\/wp\/v2\/media?parent=12612"}],"wp:term":[{"taxonomy":"product_brand","embeddable":true,"href":"https:\/\/groomluxuryvetcr.com\/en\/wp-json\/wp\/v2\/product_brand?post=12612"},{"taxonomy":"product_cat","embeddable":true,"href":"https:\/\/groomluxuryvetcr.com\/en\/wp-json\/wp\/v2\/product_cat?post=12612"},{"taxonomy":"product_tag","embeddable":true,"href":"https:\/\/groomluxuryvetcr.com\/en\/wp-json\/wp\/v2\/product_tag?post=12612"}],"curies":[{"name":"wp","href":"https:\/\/api.w.org\/{rel}","templated":true}]}}