{"id":12624,"date":"2025-06-02T14:39:44","date_gmt":"2025-06-02T20:39:44","guid":{"rendered":"https:\/\/groomluxuryvetcr.com\/?post_type=product&#038;p=12624"},"modified":"2025-06-02T14:42:02","modified_gmt":"2025-06-02T20:42:02","slug":"1st-choice-toy-adulto-healthy-skin-coat-lamb-2kg","status":"publish","type":"product","link":"https:\/\/groomluxuryvetcr.com\/en\/product\/1st-choice-toy-adulto-healthy-skin-coat-lamb-2kg\/","title":{"rendered":"1ST CHOICE TOY ADULTO HEALTHY SKIN &amp; COAT LAMB 2kg"},"content":{"rendered":"<p><span data-sheets-root=\"1\">Los ingredientes de esta f\u00f3rmula para PIEL Y PELO han sido cuidadosamente seleccionados y equilibrados para satisfacer las necesidades espec\u00edficas de perros ADULTOS de razas toy y peque\u00f1as. La proporci\u00f3n ideal de \u00e1cidos grasos omega-3 y omega-6 cuida la piel, limita la muda y da brillo al pelaje. Este alimento proporciona una ingesta energ\u00e9tica bien enfocada para mantener la vitalidad y un peso saludable. La deliciosa combinaci\u00f3n de cordero y pescado convierte a esta f\u00f3rmula en una opci\u00f3n sin pollo muy apreciada. La fibra prebi\u00f3tica y los cereales integrales saludables favorecen la funci\u00f3n intestinal y previenen el estre\u00f1imiento. Adem\u00e1s, la exclusiva combinaci\u00f3n de antioxidantes fortalece el sistema inmunitario y protege los \u00f3rganos, la piel y el pelaje. \u00a1Una f\u00f3rmula excelente que promueve la vitalidad, el bienestar y la salud a largo plazo!<\/span><\/p>","protected":false},"excerpt":{"rendered":"<p>\ud83d\udc36\u2728 <strong data-start=\"76\" data-end=\"136\">1st Choice Toy Adulto Healthy Skin &amp; Coat \u2013 Cordero 2\u202fkg <\/strong>Ideal para perritos adultos de razas peque\u00f1as \ud83d\udc3e. Con omega-3 y 6 para una piel sana y pelaje brillante \ud83c\udf1f\ud83d\udc15, cordero y pescado como opci\u00f3n sin pollo \ud83c\udf56\ud83d\udc1f, y fibra prebi\u00f3tica para una buena digesti\u00f3n \ud83c\udf3e\ud83d\udca9. Refuerza el sistema inmunol\u00f3gico \ud83d\udee1\ufe0f y mantiene su vitalidad y peso saludable \u2696\ufe0f\ud83d\udcaa. \u00a1Bienestar total en cada bocado! \ud83c\udf7d\ufe0f\u2764\ufe0f<\/p>","protected":false},"featured_media":12625,"comment_status":"open","ping_status":"closed","template":"","meta":{"content-type":""},"product_brand":[114],"product_cat":[47,54,15,43],"product_tag":[],"class_list":{"0":"post-12624","1":"product","2":"type-product","3":"status-publish","4":"has-post-thumbnail","6":"product_brand-1s-choice","7":"product_cat-alimentos","8":"product_cat-alimentos-general","9":"product_cat-general","10":"product_cat-perros","12":"first","13":"instock","14":"taxable","15":"shipping-taxable","16":"purchasable","17":"product-type-simple"},"_links":{"self":[{"href":"https:\/\/groomluxuryvetcr.com\/en\/wp-json\/wp\/v2\/product\/12624","targetHints":{"allow":["GET"]}}],"collection":[{"href":"https:\/\/groomluxuryvetcr.com\/en\/wp-json\/wp\/v2\/product"}],"about":[{"href":"https:\/\/groomluxuryvetcr.com\/en\/wp-json\/wp\/v2\/types\/product"}],"replies":[{"embeddable":true,"href":"https:\/\/groomluxuryvetcr.com\/en\/wp-json\/wp\/v2\/comments?post=12624"}],"version-history":[{"count":1,"href":"https:\/\/groomluxuryvetcr.com\/en\/wp-json\/wp\/v2\/product\/12624\/revisions"}],"predecessor-version":[{"id":12626,"href":"https:\/\/groomluxuryvetcr.com\/en\/wp-json\/wp\/v2\/product\/12624\/revisions\/12626"}],"wp:featuredmedia":[{"embeddable":true,"href":"https:\/\/groomluxuryvetcr.com\/en\/wp-json\/wp\/v2\/media\/12625"}],"wp:attachment":[{"href":"https:\/\/groomluxuryvetcr.com\/en\/wp-json\/wp\/v2\/media?parent=12624"}],"wp:term":[{"taxonomy":"product_brand","embeddable":true,"href":"https:\/\/groomluxuryvetcr.com\/en\/wp-json\/wp\/v2\/product_brand?post=12624"},{"taxonomy":"product_cat","embeddable":true,"href":"https:\/\/groomluxuryvetcr.com\/en\/wp-json\/wp\/v2\/product_cat?post=12624"},{"taxonomy":"product_tag","embeddable":true,"href":"https:\/\/groomluxuryvetcr.com\/en\/wp-json\/wp\/v2\/product_tag?post=12624"}],"curies":[{"name":"wp","href":"https:\/\/api.w.org\/{rel}","templated":true}]}}