{"id":12627,"date":"2025-06-02T14:57:55","date_gmt":"2025-06-02T20:57:55","guid":{"rendered":"https:\/\/groomluxuryvetcr.com\/?post_type=product&#038;p=12627"},"modified":"2025-06-06T13:12:35","modified_gmt":"2025-06-06T19:12:35","slug":"1st-choice-hypoalergenico-16kg","status":"publish","type":"product","link":"https:\/\/groomluxuryvetcr.com\/en\/product\/1st-choice-hypoalergenico-16kg\/","title":{"rendered":"1ST CHOICE HYPOALERGENICO"},"content":{"rendered":"<p><span data-sheets-root=\"1\">La f\u00f3rmula HIPOALERG\u00c9NICA de bacalao ha sido dise\u00f1ada para satisfacer las necesidades de perros adultos con alergias alimentarias, intolerancias o que necesitan evitar los cereales. Para crear una f\u00f3rmula suave para su est\u00f3mago, nuestros expertos en nutrici\u00f3n animal seleccionaron ingredientes de f\u00e1cil digesti\u00f3n que rara vez causan reacciones al\u00e9rgicas. La proporci\u00f3n de fibra soluble e insoluble tambi\u00e9n promueve la salud intestinal, \u00a1para que los perros se sientan bien y llenos de energ\u00eda!<\/span><\/p>","protected":false},"excerpt":{"rendered":"<p>\ud83d\udc36\ud83e\udd63 <strong data-start=\"65\" data-end=\"100\">1st Choice Hipoalerg\u00e9nico 16\u202fkg <\/strong>Especial para perritos con alergias o sensibilidad alimentaria \ud83c\udf3e\ud83d\udeab. Con bacalao \ud83d\udc1f y ingredientes de alta digestibilidad para cuidar su pancita \ud83d\udc9a\ud83d\udc15. Sin cereales y con fibra balanceada para una buena salud intestinal \ud83c\udf3f\ud83d\udca9. \u00a1M\u00e1s bienestar, menos alergias y mucha energ\u00eda! \u26a1\ud83d\udee1\ufe0f<\/p>","protected":false},"featured_media":12632,"comment_status":"open","ping_status":"closed","template":"","meta":{"content-type":""},"product_brand":[114],"product_cat":[47,54,15,43],"product_tag":[],"class_list":{"0":"post-12627","1":"product","2":"type-product","3":"status-publish","4":"has-post-thumbnail","6":"product_brand-1s-choice","7":"product_cat-alimentos","8":"product_cat-alimentos-general","9":"product_cat-general","10":"product_cat-perros","12":"first","13":"instock","14":"taxable","15":"shipping-taxable","16":"purchasable","17":"product-type-variable"},"_links":{"self":[{"href":"https:\/\/groomluxuryvetcr.com\/en\/wp-json\/wp\/v2\/product\/12627","targetHints":{"allow":["GET"]}}],"collection":[{"href":"https:\/\/groomluxuryvetcr.com\/en\/wp-json\/wp\/v2\/product"}],"about":[{"href":"https:\/\/groomluxuryvetcr.com\/en\/wp-json\/wp\/v2\/types\/product"}],"replies":[{"embeddable":true,"href":"https:\/\/groomluxuryvetcr.com\/en\/wp-json\/wp\/v2\/comments?post=12627"}],"version-history":[{"count":3,"href":"https:\/\/groomluxuryvetcr.com\/en\/wp-json\/wp\/v2\/product\/12627\/revisions"}],"predecessor-version":[{"id":12643,"href":"https:\/\/groomluxuryvetcr.com\/en\/wp-json\/wp\/v2\/product\/12627\/revisions\/12643"}],"wp:featuredmedia":[{"embeddable":true,"href":"https:\/\/groomluxuryvetcr.com\/en\/wp-json\/wp\/v2\/media\/12632"}],"wp:attachment":[{"href":"https:\/\/groomluxuryvetcr.com\/en\/wp-json\/wp\/v2\/media?parent=12627"}],"wp:term":[{"taxonomy":"product_brand","embeddable":true,"href":"https:\/\/groomluxuryvetcr.com\/en\/wp-json\/wp\/v2\/product_brand?post=12627"},{"taxonomy":"product_cat","embeddable":true,"href":"https:\/\/groomluxuryvetcr.com\/en\/wp-json\/wp\/v2\/product_cat?post=12627"},{"taxonomy":"product_tag","embeddable":true,"href":"https:\/\/groomluxuryvetcr.com\/en\/wp-json\/wp\/v2\/product_tag?post=12627"}],"curies":[{"name":"wp","href":"https:\/\/api.w.org\/{rel}","templated":true}]}}