{"id":12666,"date":"2025-06-02T17:28:16","date_gmt":"2025-06-02T23:28:16","guid":{"rendered":"https:\/\/groomluxuryvetcr.com\/?post_type=product&#038;p=12666"},"modified":"2025-06-02T17:28:20","modified_gmt":"2025-06-02T23:28:20","slug":"ursovet-60ml","status":"publish","type":"product","link":"https:\/\/groomluxuryvetcr.com\/en\/product\/ursovet-60ml\/","title":{"rendered":"URSOVET 60ML"},"content":{"rendered":"<p><span data-sheets-root=\"1\">Ursovet\u00ae suspensi\u00f3n oral, est\u00e1 indicado para el tratamiento de enfermedades hepatobiliares inflamatorias que cursan con colestasis hepatobiliar, en perros y gatos. Por sus propiedades coler\u00e9ticas, citoprotectoras e inmunomoduladoras su uso es \u00fatil en cuadros de hepatitis cr\u00f3nica, colangitis, colangiohepatitis y cuadros de colestasis que no cursen con obstrucci\u00f3n biliar.<\/span><\/p>","protected":false},"excerpt":{"rendered":"<p>\ud83d\udc36\ud83d\udc31\ud83e\uddea <strong data-start=\"84\" data-end=\"118\">Ursovet\u00ae Suspensi\u00f3n Oral 60\u202fml <\/strong>Apoya la salud del h\u00edgado en perros y gatos \ud83d\udc9a\ud83d\udc3e. Ideal para tratar enfermedades hep\u00e1ticas e inflamatorias con colestasis \ud83e\ude7a. Con efecto coler\u00e9tico, citoprotector e inmunomodulador \ud83d\udee1\ufe0f. \u00a1Una ayuda efectiva en casos de hepatitis cr\u00f3nica, colangitis y m\u00e1s! \ud83e\uddec\u2728<\/p>","protected":false},"featured_media":12667,"comment_status":"open","ping_status":"closed","template":"","meta":{"content-type":""},"product_brand":[119],"product_cat":[41,15,43,55,56,57],"product_tag":[],"class_list":{"0":"post-12666","1":"product","2":"type-product","3":"status-publish","4":"has-post-thumbnail","6":"product_brand-ursovet","7":"product_cat-gatos","8":"product_cat-general","9":"product_cat-perros","10":"product_cat-salud-y-bienestar","11":"product_cat-salud-y-bienestar-perros","12":"product_cat-salud-y-bienestar-gatos","14":"first","15":"instock","16":"taxable","17":"shipping-taxable","18":"purchasable","19":"product-type-simple"},"_links":{"self":[{"href":"https:\/\/groomluxuryvetcr.com\/en\/wp-json\/wp\/v2\/product\/12666","targetHints":{"allow":["GET"]}}],"collection":[{"href":"https:\/\/groomluxuryvetcr.com\/en\/wp-json\/wp\/v2\/product"}],"about":[{"href":"https:\/\/groomluxuryvetcr.com\/en\/wp-json\/wp\/v2\/types\/product"}],"replies":[{"embeddable":true,"href":"https:\/\/groomluxuryvetcr.com\/en\/wp-json\/wp\/v2\/comments?post=12666"}],"version-history":[{"count":1,"href":"https:\/\/groomluxuryvetcr.com\/en\/wp-json\/wp\/v2\/product\/12666\/revisions"}],"predecessor-version":[{"id":12668,"href":"https:\/\/groomluxuryvetcr.com\/en\/wp-json\/wp\/v2\/product\/12666\/revisions\/12668"}],"wp:featuredmedia":[{"embeddable":true,"href":"https:\/\/groomluxuryvetcr.com\/en\/wp-json\/wp\/v2\/media\/12667"}],"wp:attachment":[{"href":"https:\/\/groomluxuryvetcr.com\/en\/wp-json\/wp\/v2\/media?parent=12666"}],"wp:term":[{"taxonomy":"product_brand","embeddable":true,"href":"https:\/\/groomluxuryvetcr.com\/en\/wp-json\/wp\/v2\/product_brand?post=12666"},{"taxonomy":"product_cat","embeddable":true,"href":"https:\/\/groomluxuryvetcr.com\/en\/wp-json\/wp\/v2\/product_cat?post=12666"},{"taxonomy":"product_tag","embeddable":true,"href":"https:\/\/groomluxuryvetcr.com\/en\/wp-json\/wp\/v2\/product_tag?post=12666"}],"curies":[{"name":"wp","href":"https:\/\/api.w.org\/{rel}","templated":true}]}}