{"id":12673,"date":"2025-06-02T17:57:30","date_gmt":"2025-06-02T23:57:30","guid":{"rendered":"https:\/\/groomluxuryvetcr.com\/?post_type=product&#038;p=12673"},"modified":"2025-06-02T17:58:53","modified_gmt":"2025-06-02T23:58:53","slug":"immunol-himalaya-100ml","status":"publish","type":"product","link":"https:\/\/groomluxuryvetcr.com\/en\/product\/immunol-himalaya-100ml\/","title":{"rendered":"IMMUNOL HIMALAYA 100ML"},"content":{"rendered":"<ul>\n<li><span data-sheets-root=\"1\">Defensas bajas, infecciones cr\u00f3nicas y\/o recurrentes.<br \/>\n<\/span><\/li>\n<li><span data-sheets-root=\"1\">Infecciones leves.<\/span><\/li>\n<li><span data-sheets-root=\"1\">Coadyuvante en:<br \/>\nEsquema de vacunaci\u00f3n.<br \/>\nTerapias antibacterianas, antif\u00fangicas y contra \u00e1caros.<br \/>\nTratamientos con corticosteroides y antineopl\u00e1sicos.<\/span><\/li>\n<\/ul>","protected":false},"excerpt":{"rendered":"<p>\ud83d\udc36\ud83d\udc31\ud83d\udee1\ufe0f <strong data-start=\"95\" data-end=\"122\">Immunol Himalaya 100\u202fml<\/strong><br data-start=\"122\" data-end=\"125\" data-is-only-node=\"\" \/>Refuerza las defensas naturales \ud83d\udcaa, ideal para infecciones leves o recurrentes \ud83e\udda0. Coadyuvante en vacunas \ud83d\udc89, tratamientos con antibi\u00f3ticos, antif\u00fangicos y m\u00e1s \ud83c\udf3f. \u00a1Apoyo integral para el sistema inmune de tu peludo! \ud83d\udc9a\u2728<\/p>","protected":false},"featured_media":12674,"comment_status":"open","ping_status":"closed","template":"","meta":{"content-type":""},"product_brand":[96],"product_cat":[41,15,43,57,55,56],"product_tag":[],"class_list":{"0":"post-12673","1":"product","2":"type-product","3":"status-publish","4":"has-post-thumbnail","6":"product_brand-himalayan","7":"product_cat-gatos","8":"product_cat-general","9":"product_cat-perros","10":"product_cat-salud-y-bienestar-gatos","11":"product_cat-salud-y-bienestar","12":"product_cat-salud-y-bienestar-perros","14":"first","15":"instock","16":"taxable","17":"shipping-taxable","18":"purchasable","19":"product-type-simple"},"_links":{"self":[{"href":"https:\/\/groomluxuryvetcr.com\/en\/wp-json\/wp\/v2\/product\/12673","targetHints":{"allow":["GET"]}}],"collection":[{"href":"https:\/\/groomluxuryvetcr.com\/en\/wp-json\/wp\/v2\/product"}],"about":[{"href":"https:\/\/groomluxuryvetcr.com\/en\/wp-json\/wp\/v2\/types\/product"}],"replies":[{"embeddable":true,"href":"https:\/\/groomluxuryvetcr.com\/en\/wp-json\/wp\/v2\/comments?post=12673"}],"version-history":[{"count":1,"href":"https:\/\/groomluxuryvetcr.com\/en\/wp-json\/wp\/v2\/product\/12673\/revisions"}],"predecessor-version":[{"id":12675,"href":"https:\/\/groomluxuryvetcr.com\/en\/wp-json\/wp\/v2\/product\/12673\/revisions\/12675"}],"wp:featuredmedia":[{"embeddable":true,"href":"https:\/\/groomluxuryvetcr.com\/en\/wp-json\/wp\/v2\/media\/12674"}],"wp:attachment":[{"href":"https:\/\/groomluxuryvetcr.com\/en\/wp-json\/wp\/v2\/media?parent=12673"}],"wp:term":[{"taxonomy":"product_brand","embeddable":true,"href":"https:\/\/groomluxuryvetcr.com\/en\/wp-json\/wp\/v2\/product_brand?post=12673"},{"taxonomy":"product_cat","embeddable":true,"href":"https:\/\/groomluxuryvetcr.com\/en\/wp-json\/wp\/v2\/product_cat?post=12673"},{"taxonomy":"product_tag","embeddable":true,"href":"https:\/\/groomluxuryvetcr.com\/en\/wp-json\/wp\/v2\/product_tag?post=12673"}],"curies":[{"name":"wp","href":"https:\/\/api.w.org\/{rel}","templated":true}]}}