{"id":12681,"date":"2025-06-02T18:26:54","date_gmt":"2025-06-03T00:26:54","guid":{"rendered":"https:\/\/groomluxuryvetcr.com\/?post_type=product&#038;p=12681"},"modified":"2025-06-02T18:28:38","modified_gmt":"2025-06-03T00:28:38","slug":"organew-pet-pasta-100g","status":"publish","type":"product","link":"https:\/\/groomluxuryvetcr.com\/en\/product\/organew-pet-pasta-100g\/","title":{"rendered":"ORGANEW PET PASTA 100g"},"content":{"rendered":"<p><span data-sheets-root=\"1\">Organew\u00ae Pet re\u00fane en su formulaci\u00f3n vitaminas, amino\u00e1cidos, FOS, MOS y levaduras vivas. Esta perfecta combinaci\u00f3n ayuda en el desarrollo de una microbiota intestinal sana, que proporciona una mejor digestibilidad de los alimentos y, consecuentemente, una mejor eficiencia alimentar.<\/span><\/p>","protected":false},"excerpt":{"rendered":"<p>\ud83d\udc36\ud83d\udc31\ud83c\udf7d\ufe0f <strong data-start=\"95\" data-end=\"123\">Organew\u00ae Pet Pasta 100\u202fg <\/strong>Con vitaminas, amino\u00e1cidos y probi\u00f3ticos \ud83c\udf3f\ud83d\udc8a. Favorece una microbiota intestinal sana \ud83e\udda0, mejora la digesti\u00f3n y la absorci\u00f3n de nutrientes \ud83c\udf72\u2728. \u00a1M\u00e1s salud, energ\u00eda y nutrici\u00f3n para tu peludo! \ud83d\udc9a\ud83d\udc3e<\/p>","protected":false},"featured_media":12685,"comment_status":"open","ping_status":"closed","template":"","meta":{"content-type":""},"product_brand":[122],"product_cat":[48,54,47,41,15,43,57,55,56],"product_tag":[],"class_list":{"0":"post-12681","1":"product","2":"type-product","3":"status-publish","4":"has-post-thumbnail","6":"product_brand-organew","7":"product_cat-alimentos-gatos","8":"product_cat-alimentos-general","9":"product_cat-alimentos","10":"product_cat-gatos","11":"product_cat-general","12":"product_cat-perros","13":"product_cat-salud-y-bienestar-gatos","14":"product_cat-salud-y-bienestar","15":"product_cat-salud-y-bienestar-perros","17":"first","18":"instock","19":"taxable","20":"shipping-taxable","21":"purchasable","22":"product-type-simple"},"_links":{"self":[{"href":"https:\/\/groomluxuryvetcr.com\/en\/wp-json\/wp\/v2\/product\/12681","targetHints":{"allow":["GET"]}}],"collection":[{"href":"https:\/\/groomluxuryvetcr.com\/en\/wp-json\/wp\/v2\/product"}],"about":[{"href":"https:\/\/groomluxuryvetcr.com\/en\/wp-json\/wp\/v2\/types\/product"}],"replies":[{"embeddable":true,"href":"https:\/\/groomluxuryvetcr.com\/en\/wp-json\/wp\/v2\/comments?post=12681"}],"version-history":[{"count":3,"href":"https:\/\/groomluxuryvetcr.com\/en\/wp-json\/wp\/v2\/product\/12681\/revisions"}],"predecessor-version":[{"id":12688,"href":"https:\/\/groomluxuryvetcr.com\/en\/wp-json\/wp\/v2\/product\/12681\/revisions\/12688"}],"wp:featuredmedia":[{"embeddable":true,"href":"https:\/\/groomluxuryvetcr.com\/en\/wp-json\/wp\/v2\/media\/12685"}],"wp:attachment":[{"href":"https:\/\/groomluxuryvetcr.com\/en\/wp-json\/wp\/v2\/media?parent=12681"}],"wp:term":[{"taxonomy":"product_brand","embeddable":true,"href":"https:\/\/groomluxuryvetcr.com\/en\/wp-json\/wp\/v2\/product_brand?post=12681"},{"taxonomy":"product_cat","embeddable":true,"href":"https:\/\/groomluxuryvetcr.com\/en\/wp-json\/wp\/v2\/product_cat?post=12681"},{"taxonomy":"product_tag","embeddable":true,"href":"https:\/\/groomluxuryvetcr.com\/en\/wp-json\/wp\/v2\/product_tag?post=12681"}],"curies":[{"name":"wp","href":"https:\/\/api.w.org\/{rel}","templated":true}]}}