{"id":12776,"date":"2025-06-04T09:18:09","date_gmt":"2025-06-04T15:18:09","guid":{"rendered":"https:\/\/groomluxuryvetcr.com\/?post_type=product&#038;p=12776"},"modified":"2025-06-04T09:22:28","modified_gmt":"2025-06-04T15:22:28","slug":"nutri-plus-gel-120g","status":"publish","type":"product","link":"https:\/\/groomluxuryvetcr.com\/en\/product\/nutri-plus-gel-120g\/","title":{"rendered":"NUTRI PLUS GEL 120G"},"content":{"rendered":"<p><span data-sheets-root=\"1\">Altamente energ\u00e9tico: 455 kcal por tubo<br \/>\nAceptaci\u00f3n elevada gracias a su sabor<br \/>\nF\u00e1cil administraci\u00f3n: Se puede mezclar con la raci\u00f3n diaria<br \/>\nComplemento de la dieta habitual o sustitutivo provisional hasta recuperaci\u00f3n de apetito.<\/span><\/p>","protected":false},"excerpt":{"rendered":"<p>\ud83d\udc36\ud83d\udc31\u26a1 <strong data-start=\"90\" data-end=\"114\">Nutri Plus Gel 120\u202fg <\/strong>Energ\u00eda concentrada: 455\u202fkcal por tubo \ud83d\udca5\ud83c\udf6f. Sabor delicioso y f\u00e1cil de administrar \ud83c\udf7d\ufe0f\ud83d\ude0b. Ideal como suplemento diario o apoyo nutricional en casos de inapetencia \ud83d\udc3e\u2764\ufe0f. \u00a1Recupera vitalidad y apetito r\u00e1pidamente! \ud83d\udcaa\u2728<\/p>","protected":false},"featured_media":12778,"comment_status":"open","ping_status":"closed","template":"","meta":{"content-type":""},"product_brand":[124],"product_cat":[15,43,55,56],"product_tag":[],"class_list":{"0":"post-12776","1":"product","2":"type-product","3":"status-publish","4":"has-post-thumbnail","6":"product_brand-virbac","7":"product_cat-general","8":"product_cat-perros","9":"product_cat-salud-y-bienestar","10":"product_cat-salud-y-bienestar-perros","12":"first","13":"instock","14":"taxable","15":"shipping-taxable","16":"purchasable","17":"product-type-simple"},"_links":{"self":[{"href":"https:\/\/groomluxuryvetcr.com\/en\/wp-json\/wp\/v2\/product\/12776","targetHints":{"allow":["GET"]}}],"collection":[{"href":"https:\/\/groomluxuryvetcr.com\/en\/wp-json\/wp\/v2\/product"}],"about":[{"href":"https:\/\/groomluxuryvetcr.com\/en\/wp-json\/wp\/v2\/types\/product"}],"replies":[{"embeddable":true,"href":"https:\/\/groomluxuryvetcr.com\/en\/wp-json\/wp\/v2\/comments?post=12776"}],"version-history":[{"count":1,"href":"https:\/\/groomluxuryvetcr.com\/en\/wp-json\/wp\/v2\/product\/12776\/revisions"}],"predecessor-version":[{"id":12779,"href":"https:\/\/groomluxuryvetcr.com\/en\/wp-json\/wp\/v2\/product\/12776\/revisions\/12779"}],"wp:featuredmedia":[{"embeddable":true,"href":"https:\/\/groomluxuryvetcr.com\/en\/wp-json\/wp\/v2\/media\/12778"}],"wp:attachment":[{"href":"https:\/\/groomluxuryvetcr.com\/en\/wp-json\/wp\/v2\/media?parent=12776"}],"wp:term":[{"taxonomy":"product_brand","embeddable":true,"href":"https:\/\/groomluxuryvetcr.com\/en\/wp-json\/wp\/v2\/product_brand?post=12776"},{"taxonomy":"product_cat","embeddable":true,"href":"https:\/\/groomluxuryvetcr.com\/en\/wp-json\/wp\/v2\/product_cat?post=12776"},{"taxonomy":"product_tag","embeddable":true,"href":"https:\/\/groomluxuryvetcr.com\/en\/wp-json\/wp\/v2\/product_tag?post=12776"}],"curies":[{"name":"wp","href":"https:\/\/api.w.org\/{rel}","templated":true}]}}