{"id":12780,"date":"2025-06-04T09:31:57","date_gmt":"2025-06-04T15:31:57","guid":{"rendered":"https:\/\/groomluxuryvetcr.com\/?post_type=product&#038;p=12780"},"modified":"2025-06-04T09:32:23","modified_gmt":"2025-06-04T15:32:23","slug":"clorhexidin-gingival-20ml","status":"publish","type":"product","link":"https:\/\/groomluxuryvetcr.com\/en\/product\/clorhexidin-gingival-20ml\/","title":{"rendered":"CLORHEXIDIN GINGIVAL 20ML"},"content":{"rendered":"<p><span data-sheets-root=\"1\">Clorhexidin Gingival es un antis\u00e9ptico bucal destinado a la prevenci\u00f3n de la formaci\u00f3n de placa dentaria que provoca mal aliento (halitosis) y para el tratamiento de la periodontitis ( enfermendad del periodonto) Bactericida frente a Escherichia Coli , Staphylococcus aureus y Pseudomona aureginosa.<\/span><\/p>","protected":false},"excerpt":{"rendered":"<p>\ud83d\udc36\ud83d\udc31\ud83e\uddb7 <strong data-start=\"104\" data-end=\"134\">Clorhexidin Gingival 20\u202fml<\/strong><br data-start=\"134\" data-end=\"137\" data-is-only-node=\"\" \/>Antis\u00e9ptico bucal que previene la placa dental \ud83e\udea5, combate el mal aliento \ud83d\ude2e\u200d\ud83d\udca8 y trata la periodontitis \ud83e\udda0. Efectivo contra bacterias como E. coli y Staphylococcus \ud83e\uddeb. \u00a1Sonrisas m\u00e1s sanas y aliento fresco! \u2728\ud83d\udc3e<\/p>","protected":false},"featured_media":12781,"comment_status":"open","ping_status":"closed","template":"","meta":{"content-type":""},"product_brand":[125],"product_cat":[41,15,43,55,56,57],"product_tag":[],"class_list":{"0":"post-12780","1":"product","2":"type-product","3":"status-publish","4":"has-post-thumbnail","6":"product_brand-unimedical","7":"product_cat-gatos","8":"product_cat-general","9":"product_cat-perros","10":"product_cat-salud-y-bienestar","11":"product_cat-salud-y-bienestar-perros","12":"product_cat-salud-y-bienestar-gatos","14":"first","15":"instock","16":"taxable","17":"shipping-taxable","18":"purchasable","19":"product-type-simple"},"_links":{"self":[{"href":"https:\/\/groomluxuryvetcr.com\/en\/wp-json\/wp\/v2\/product\/12780","targetHints":{"allow":["GET"]}}],"collection":[{"href":"https:\/\/groomluxuryvetcr.com\/en\/wp-json\/wp\/v2\/product"}],"about":[{"href":"https:\/\/groomluxuryvetcr.com\/en\/wp-json\/wp\/v2\/types\/product"}],"replies":[{"embeddable":true,"href":"https:\/\/groomluxuryvetcr.com\/en\/wp-json\/wp\/v2\/comments?post=12780"}],"version-history":[{"count":1,"href":"https:\/\/groomluxuryvetcr.com\/en\/wp-json\/wp\/v2\/product\/12780\/revisions"}],"predecessor-version":[{"id":12782,"href":"https:\/\/groomluxuryvetcr.com\/en\/wp-json\/wp\/v2\/product\/12780\/revisions\/12782"}],"wp:featuredmedia":[{"embeddable":true,"href":"https:\/\/groomluxuryvetcr.com\/en\/wp-json\/wp\/v2\/media\/12781"}],"wp:attachment":[{"href":"https:\/\/groomluxuryvetcr.com\/en\/wp-json\/wp\/v2\/media?parent=12780"}],"wp:term":[{"taxonomy":"product_brand","embeddable":true,"href":"https:\/\/groomluxuryvetcr.com\/en\/wp-json\/wp\/v2\/product_brand?post=12780"},{"taxonomy":"product_cat","embeddable":true,"href":"https:\/\/groomluxuryvetcr.com\/en\/wp-json\/wp\/v2\/product_cat?post=12780"},{"taxonomy":"product_tag","embeddable":true,"href":"https:\/\/groomluxuryvetcr.com\/en\/wp-json\/wp\/v2\/product_tag?post=12780"}],"curies":[{"name":"wp","href":"https:\/\/api.w.org\/{rel}","templated":true}]}}