{"id":12783,"date":"2025-06-04T09:38:37","date_gmt":"2025-06-04T15:38:37","guid":{"rendered":"https:\/\/groomluxuryvetcr.com\/?post_type=product&#038;p=12783"},"modified":"2025-06-04T09:40:08","modified_gmt":"2025-06-04T15:40:08","slug":"vitalflex-hyaluronic-30-tap","status":"publish","type":"product","link":"https:\/\/groomluxuryvetcr.com\/en\/product\/vitalflex-hyaluronic-30-tap\/","title":{"rendered":"VITALFLEX HYALURONIC 30 TAP"},"content":{"rendered":"<p><span data-sheets-root=\"1\">Mejorador de la funci\u00f3n articular. Condroprotector.<\/span><\/p>\n<p>Alimento complementario para perros a base de \u00c1cido Hialuronico, Glucosamida, condroitin y Sulfato de magnesio.<\/p>\n<p>\u00danico suplemento con \u00e1cido Hialur\u00f3nico incorporado.<\/p>","protected":false},"excerpt":{"rendered":"<p>\ud83d\udc36\ud83d\udcaa <strong data-start=\"96\" data-end=\"127\">Vitalflex Hyaluronic 30 TAP<\/strong><br data-start=\"127\" data-end=\"130\" data-is-only-node=\"\" \/>Suplemento para cuidar las articulaciones \ud83e\uddb4\u2728. Con \u00e1cido hialur\u00f3nico, glucosamina y condroitina \ud83d\udd2c, ideal para mejorar la movilidad y proteger el cart\u00edlago \ud83d\udee1\ufe0f. \u00a1\u00danico con \u00e1cido hialur\u00f3nico incorporado! \ud83d\udc3e\u2764\ufe0f<\/p>","protected":false},"featured_media":12784,"comment_status":"open","ping_status":"closed","template":"","meta":{"content-type":""},"product_brand":[125],"product_cat":[15,43,55,56],"product_tag":[],"class_list":{"0":"post-12783","1":"product","2":"type-product","3":"status-publish","4":"has-post-thumbnail","6":"product_brand-unimedical","7":"product_cat-general","8":"product_cat-perros","9":"product_cat-salud-y-bienestar","10":"product_cat-salud-y-bienestar-perros","12":"first","13":"instock","14":"taxable","15":"shipping-taxable","16":"purchasable","17":"product-type-simple"},"_links":{"self":[{"href":"https:\/\/groomluxuryvetcr.com\/en\/wp-json\/wp\/v2\/product\/12783","targetHints":{"allow":["GET"]}}],"collection":[{"href":"https:\/\/groomluxuryvetcr.com\/en\/wp-json\/wp\/v2\/product"}],"about":[{"href":"https:\/\/groomluxuryvetcr.com\/en\/wp-json\/wp\/v2\/types\/product"}],"replies":[{"embeddable":true,"href":"https:\/\/groomluxuryvetcr.com\/en\/wp-json\/wp\/v2\/comments?post=12783"}],"version-history":[{"count":2,"href":"https:\/\/groomluxuryvetcr.com\/en\/wp-json\/wp\/v2\/product\/12783\/revisions"}],"predecessor-version":[{"id":12786,"href":"https:\/\/groomluxuryvetcr.com\/en\/wp-json\/wp\/v2\/product\/12783\/revisions\/12786"}],"wp:featuredmedia":[{"embeddable":true,"href":"https:\/\/groomluxuryvetcr.com\/en\/wp-json\/wp\/v2\/media\/12784"}],"wp:attachment":[{"href":"https:\/\/groomluxuryvetcr.com\/en\/wp-json\/wp\/v2\/media?parent=12783"}],"wp:term":[{"taxonomy":"product_brand","embeddable":true,"href":"https:\/\/groomluxuryvetcr.com\/en\/wp-json\/wp\/v2\/product_brand?post=12783"},{"taxonomy":"product_cat","embeddable":true,"href":"https:\/\/groomluxuryvetcr.com\/en\/wp-json\/wp\/v2\/product_cat?post=12783"},{"taxonomy":"product_tag","embeddable":true,"href":"https:\/\/groomluxuryvetcr.com\/en\/wp-json\/wp\/v2\/product_tag?post=12783"}],"curies":[{"name":"wp","href":"https:\/\/api.w.org\/{rel}","templated":true}]}}