{"id":12849,"date":"2025-06-04T14:40:44","date_gmt":"2025-06-04T20:40:44","guid":{"rendered":"https:\/\/groomluxuryvetcr.com\/?post_type=product&#038;p=12849"},"modified":"2025-06-04T14:41:37","modified_gmt":"2025-06-04T20:41:37","slug":"nature-logic-distinction-pork-2kg","status":"publish","type":"product","link":"https:\/\/groomluxuryvetcr.com\/en\/product\/nature-logic-distinction-pork-2kg\/","title":{"rendered":"NATURE LOGIC DISTINCTION PORK 2KG"},"content":{"rendered":"<p><span data-sheets-root=\"1\">Ingredientes:<br \/>\nCerdo, harina de cerdo, mijo, grasa de cerdo preservada con tocoferoles mezclados), levadura (Saccharomyces cerevisiae), harina de pescado (arenque americano), semillas de calabaza, h\u00edgado de cerdo deshidratado, arcilla montmorillonita, col rizada seca, algas secas, plasma de cerdo deshidratado, tomate seco, ra\u00edz seca de achicoria, manzana seca, zanahoria seca. calabaza seca, albaricoque seco, ar\u00e1ndano azul seco, espinaca seca, br\u00f3coli seco, perejil, ar\u00e1ndano rojo seco, alcachofa seca, hongo seco, antioxidantes naturales (aceite vegetal, mezcla natural de tocoferoles, lecitina, extracto de romero),<\/span><\/p>","protected":false},"excerpt":{"rendered":"<p>\ud83d\udc36\ud83e\udd69 <strong data-start=\"119\" data-end=\"166\">Nature&#8217;s Logic Distinction Canine Pork 2\u202fkg<\/strong><br data-start=\"166\" data-end=\"169\" \/>Alimento 100\u202f% natural y sin vitaminas sint\u00e9ticas \ud83e\uddec\u274c. Con carne de cerdo como primer ingrediente \ud83d\udc16, sin legumbres, papas ni granos comunes \ud83c\udf3e\ud83d\udeab. Incluye probi\u00f3ticos y enzimas para una digesti\u00f3n saludable \ud83e\udda0\ud83d\udc9a. Ideal para perros de todas las edades, tama\u00f1os y razas \ud83d\udc3e\u2728. \u00a1Nutrici\u00f3n completa y sabrosa para tu peludo! \ud83d\udc15\ud83e\udd70<\/p>","protected":false},"featured_media":12850,"comment_status":"open","ping_status":"closed","template":"","meta":{"content-type":""},"product_brand":[126],"product_cat":[47,54,15,43],"product_tag":[],"class_list":{"0":"post-12849","1":"product","2":"type-product","3":"status-publish","4":"has-post-thumbnail","6":"product_brand-logic","7":"product_cat-alimentos","8":"product_cat-alimentos-general","9":"product_cat-general","10":"product_cat-perros","12":"first","13":"instock","14":"taxable","15":"shipping-taxable","16":"purchasable","17":"product-type-simple"},"_links":{"self":[{"href":"https:\/\/groomluxuryvetcr.com\/en\/wp-json\/wp\/v2\/product\/12849","targetHints":{"allow":["GET"]}}],"collection":[{"href":"https:\/\/groomluxuryvetcr.com\/en\/wp-json\/wp\/v2\/product"}],"about":[{"href":"https:\/\/groomluxuryvetcr.com\/en\/wp-json\/wp\/v2\/types\/product"}],"replies":[{"embeddable":true,"href":"https:\/\/groomluxuryvetcr.com\/en\/wp-json\/wp\/v2\/comments?post=12849"}],"version-history":[{"count":1,"href":"https:\/\/groomluxuryvetcr.com\/en\/wp-json\/wp\/v2\/product\/12849\/revisions"}],"predecessor-version":[{"id":12851,"href":"https:\/\/groomluxuryvetcr.com\/en\/wp-json\/wp\/v2\/product\/12849\/revisions\/12851"}],"wp:featuredmedia":[{"embeddable":true,"href":"https:\/\/groomluxuryvetcr.com\/en\/wp-json\/wp\/v2\/media\/12850"}],"wp:attachment":[{"href":"https:\/\/groomluxuryvetcr.com\/en\/wp-json\/wp\/v2\/media?parent=12849"}],"wp:term":[{"taxonomy":"product_brand","embeddable":true,"href":"https:\/\/groomluxuryvetcr.com\/en\/wp-json\/wp\/v2\/product_brand?post=12849"},{"taxonomy":"product_cat","embeddable":true,"href":"https:\/\/groomluxuryvetcr.com\/en\/wp-json\/wp\/v2\/product_cat?post=12849"},{"taxonomy":"product_tag","embeddable":true,"href":"https:\/\/groomluxuryvetcr.com\/en\/wp-json\/wp\/v2\/product_tag?post=12849"}],"curies":[{"name":"wp","href":"https:\/\/api.w.org\/{rel}","templated":true}]}}