{"id":12904,"date":"2025-06-04T21:08:18","date_gmt":"2025-06-05T03:08:18","guid":{"rendered":"https:\/\/groomluxuryvetcr.com\/?post_type=product&#038;p=12904"},"modified":"2025-06-04T21:14:17","modified_gmt":"2025-06-05T03:14:17","slug":"nature-logic-grain-free-beef-2kg","status":"publish","type":"product","link":"https:\/\/groomluxuryvetcr.com\/en\/product\/nature-logic-grain-free-beef-2kg\/","title":{"rendered":"NATURE LOGIC GRAIN FREE &#8211; BEEF 2KG"},"content":{"rendered":"<p><span data-sheets-root=\"1\">Ingredientes:<br \/>\nHarina de res, mijo, grasa de pollo (preservada con tocoferoles mezclados), semillas de calabaza, levadura (Saccharomyces cerevisiae), h\u00edgado de cerdo deshidratado, concentrado de alfalfa, arcilla montmorillonita, algas secas, plasma de cerdo<br \/>\ndeshidratado, tomate seco, almendras, ra\u00edz de achicoria seca, zanahoria seca, manzana seca, harina de pescado {arenque americano), calabaza seca, albaricoque seco, ar\u00e1ndano azul seco, espinaca seca, br\u00f3coli seco, ar\u00e1ndano rojo seco, perejil, alcachofa seca, .romero, hongo seco, antioxidantes naturales (aceite vegetal, mezcla natural de tocoferoles, .lecitina, extracto de romero}<\/span><\/p>","protected":false},"excerpt":{"rendered":"<p>\ud83d\udc36\ud83e\udd69 <strong data-start=\"104\" data-end=\"143\">Nature&#8217;s Logic Grain-Free Beef 2\u202fkg<\/strong><br data-start=\"143\" data-end=\"146\" \/>Alimento 100\u202f% natural y sin vitaminas sint\u00e9ticas \ud83e\uddec\u274c. Con carne de res como primer ingrediente \ud83d\udc04, sin legumbres, papas ni granos comunes \ud83c\udf3e\ud83d\udeab. Incluye probi\u00f3ticos y enzimas para una digesti\u00f3n saludable \ud83e\udda0\ud83d\udc9a. Ideal para perros de todas las edades, tama\u00f1os y razas \ud83d\udc3e\u2728. \u00a1Nutrici\u00f3n completa y sabrosa para tu peludo! \ud83d\udc15\ud83e\udd70<\/p>","protected":false},"featured_media":12905,"comment_status":"open","ping_status":"closed","template":"","meta":{"content-type":""},"product_brand":[],"product_cat":[47,54,15,43],"product_tag":[],"class_list":{"0":"post-12904","1":"product","2":"type-product","3":"status-publish","4":"has-post-thumbnail","6":"product_cat-alimentos","7":"product_cat-alimentos-general","8":"product_cat-general","9":"product_cat-perros","11":"first","12":"instock","13":"taxable","14":"shipping-taxable","15":"purchasable","16":"product-type-simple"},"_links":{"self":[{"href":"https:\/\/groomluxuryvetcr.com\/en\/wp-json\/wp\/v2\/product\/12904","targetHints":{"allow":["GET"]}}],"collection":[{"href":"https:\/\/groomluxuryvetcr.com\/en\/wp-json\/wp\/v2\/product"}],"about":[{"href":"https:\/\/groomluxuryvetcr.com\/en\/wp-json\/wp\/v2\/types\/product"}],"replies":[{"embeddable":true,"href":"https:\/\/groomluxuryvetcr.com\/en\/wp-json\/wp\/v2\/comments?post=12904"}],"version-history":[{"count":2,"href":"https:\/\/groomluxuryvetcr.com\/en\/wp-json\/wp\/v2\/product\/12904\/revisions"}],"predecessor-version":[{"id":12907,"href":"https:\/\/groomluxuryvetcr.com\/en\/wp-json\/wp\/v2\/product\/12904\/revisions\/12907"}],"wp:featuredmedia":[{"embeddable":true,"href":"https:\/\/groomluxuryvetcr.com\/en\/wp-json\/wp\/v2\/media\/12905"}],"wp:attachment":[{"href":"https:\/\/groomluxuryvetcr.com\/en\/wp-json\/wp\/v2\/media?parent=12904"}],"wp:term":[{"taxonomy":"product_brand","embeddable":true,"href":"https:\/\/groomluxuryvetcr.com\/en\/wp-json\/wp\/v2\/product_brand?post=12904"},{"taxonomy":"product_cat","embeddable":true,"href":"https:\/\/groomluxuryvetcr.com\/en\/wp-json\/wp\/v2\/product_cat?post=12904"},{"taxonomy":"product_tag","embeddable":true,"href":"https:\/\/groomluxuryvetcr.com\/en\/wp-json\/wp\/v2\/product_tag?post=12904"}],"curies":[{"name":"wp","href":"https:\/\/api.w.org\/{rel}","templated":true}]}}