{"id":12908,"date":"2025-06-04T21:26:25","date_gmt":"2025-06-05T03:26:25","guid":{"rendered":"https:\/\/groomluxuryvetcr.com\/?post_type=product&#038;p=12908"},"modified":"2025-06-04T21:33:52","modified_gmt":"2025-06-05T03:33:52","slug":"natures-logic-turkey-2kg","status":"publish","type":"product","link":"https:\/\/groomluxuryvetcr.com\/en\/product\/natures-logic-turkey-2kg\/","title":{"rendered":"NATURE\u00b4S LOGIC &#8211; TURKEY 2KG"},"content":{"rendered":"<p><span data-sheets-root=\"1\">Ingredientes:<br \/>\nHarina de pavo, mijo, grasa de pollo (preservada con tocoferoles mezclados), semillas de calabaza, levadura (Saccharomyces Cerevisiae), h\u00edgado de cerdo deshidratado, concentrado de alfalfa, arcilla montmorillonita, algas secas, plasma de cerdo deshidratado, tomate seco, almendras, ra\u00edz seca de. achicoria, zanahoria seca, manzana seca, harina de pescado (arenque americano, calabaza seca, albaricoque seco, ar\u00e1ndano azul seco, espinaca seca, br\u00f3coli seco, ar\u00e1ndano rojo seco; perejil, alcachofa seca, romero, hongo seco, antioxidantes naturales (aceite vegetal, mezcla natural de tocoferoles, lecitina, extracto de romero),<\/span><\/p>","protected":false},"excerpt":{"rendered":"<p>\ud83d\udc36\ud83e\udd83 <strong data-start=\"111\" data-end=\"152\">Nature&#8217;s Logic Canine Dry Turkey 2\u202fkg <\/strong>Alimento 100\u202f% natural y sin vitaminas sint\u00e9ticas \ud83e\uddec\u274c. Con harina de pavo como primer ingrediente \ud83e\udd83, sin legumbres, papas ni granos comunes \ud83c\udf3e\ud83d\udeab. Incluye probi\u00f3ticos y enzimas para una digesti\u00f3n saludable \ud83e\udda0\ud83d\udc9a. Ideal para perros de todas las edades, tama\u00f1os y razas \ud83d\udc3e\u2728. \u00a1Nutrici\u00f3n completa y sabrosa para tu peludo! \ud83d\udc15\ud83e\udd70<\/p>","protected":false},"featured_media":12909,"comment_status":"open","ping_status":"closed","template":"","meta":{"content-type":""},"product_brand":[126],"product_cat":[15],"product_tag":[],"class_list":{"0":"post-12908","1":"product","2":"type-product","3":"status-publish","4":"has-post-thumbnail","6":"product_brand-logic","7":"product_cat-general","9":"first","10":"instock","11":"taxable","12":"shipping-taxable","13":"purchasable","14":"product-type-simple"},"_links":{"self":[{"href":"https:\/\/groomluxuryvetcr.com\/en\/wp-json\/wp\/v2\/product\/12908","targetHints":{"allow":["GET"]}}],"collection":[{"href":"https:\/\/groomluxuryvetcr.com\/en\/wp-json\/wp\/v2\/product"}],"about":[{"href":"https:\/\/groomluxuryvetcr.com\/en\/wp-json\/wp\/v2\/types\/product"}],"replies":[{"embeddable":true,"href":"https:\/\/groomluxuryvetcr.com\/en\/wp-json\/wp\/v2\/comments?post=12908"}],"version-history":[{"count":1,"href":"https:\/\/groomluxuryvetcr.com\/en\/wp-json\/wp\/v2\/product\/12908\/revisions"}],"predecessor-version":[{"id":12910,"href":"https:\/\/groomluxuryvetcr.com\/en\/wp-json\/wp\/v2\/product\/12908\/revisions\/12910"}],"wp:featuredmedia":[{"embeddable":true,"href":"https:\/\/groomluxuryvetcr.com\/en\/wp-json\/wp\/v2\/media\/12909"}],"wp:attachment":[{"href":"https:\/\/groomluxuryvetcr.com\/en\/wp-json\/wp\/v2\/media?parent=12908"}],"wp:term":[{"taxonomy":"product_brand","embeddable":true,"href":"https:\/\/groomluxuryvetcr.com\/en\/wp-json\/wp\/v2\/product_brand?post=12908"},{"taxonomy":"product_cat","embeddable":true,"href":"https:\/\/groomluxuryvetcr.com\/en\/wp-json\/wp\/v2\/product_cat?post=12908"},{"taxonomy":"product_tag","embeddable":true,"href":"https:\/\/groomluxuryvetcr.com\/en\/wp-json\/wp\/v2\/product_tag?post=12908"}],"curies":[{"name":"wp","href":"https:\/\/api.w.org\/{rel}","templated":true}]}}