{"id":12921,"date":"2025-06-04T21:47:36","date_gmt":"2025-06-05T03:47:36","guid":{"rendered":"https:\/\/groomluxuryvetcr.com\/?post_type=product&#038;p=12921"},"modified":"2025-06-04T21:47:37","modified_gmt":"2025-06-05T03:47:37","slug":"lata-natures-logic-duck-salmon-feast-374g","status":"publish","type":"product","link":"https:\/\/groomluxuryvetcr.com\/en\/product\/lata-natures-logic-duck-salmon-feast-374g\/","title":{"rendered":"LATA NATURE&#8217;S LOGIC DUCK &amp; SALMON FEAST 374G"},"content":{"rendered":"<p><span data-sheets-root=\"1\">Ingredientes: Pato, caldo de pato, h\u00edgado de pato, coraz\u00f3n de pato, producto de huevo seco, plasma de cerdo, arcilla montmorillonita, aceite de arenque americano, levadura cervecera seca (Saccharomyces cerevisiae), manzana seca, albaricoque seco, harina de alfalfa, alcachofa seca, ar\u00e1ndano azul seco, br\u00f3coli seco, zanahoria seca, ra\u00edz seca de achicoria, ar\u00e1ndano rojo seco, algas secas, perejil, calabaza seca, romero, espinaca seca, tomate seco, harina de huevo.<\/p>\n<p>Nature\u2019s Logic proporciona una nutrici\u00f3n completa y balanceada para todas las razas, edades y tama\u00f1o de mascotas.<\/span><\/p>","protected":false},"excerpt":{"rendered":"<p>\ud83d\udc36\ud83e\udd86\ud83d\udc1f <strong data-start=\"123\" data-end=\"167\">Nature&#8217;s Logic Duck &amp; Salmon Feast 374\u202fg <\/strong>Alimento h\u00famedo 100\u202f% natural y sin vitaminas sint\u00e9ticas \ud83e\uddec\u274c. Elaborado con carne de pato y salm\u00f3n, acompa\u00f1ado de v\u00edsceras nutritivas y una selecci\u00f3n de frutas y verduras \ud83c\udf4e\ud83e\udd66. Sin cereales, legumbres ni aditivos artificiales \ud83c\udf3e\ud83d\udeab. Incluye calcio natural de c\u00e1scara de huevo y plasma animal para una digesti\u00f3n saludable \ud83e\uddb4\ud83e\udda0. Ideal para perros de todas las edades y tama\u00f1os \ud83d\udc3e\u2728. \u00a1Nutrici\u00f3n completa y sabrosa para tu peludo! \ud83d\udc15\ud83e\udd70<\/p>","protected":false},"featured_media":12922,"comment_status":"open","ping_status":"closed","template":"","meta":{"content-type":""},"product_brand":[126],"product_cat":[47,54,15,43],"product_tag":[],"class_list":{"0":"post-12921","1":"product","2":"type-product","3":"status-publish","4":"has-post-thumbnail","6":"product_brand-logic","7":"product_cat-alimentos","8":"product_cat-alimentos-general","9":"product_cat-general","10":"product_cat-perros","12":"first","13":"instock","14":"taxable","15":"shipping-taxable","16":"purchasable","17":"product-type-simple"},"_links":{"self":[{"href":"https:\/\/groomluxuryvetcr.com\/en\/wp-json\/wp\/v2\/product\/12921","targetHints":{"allow":["GET"]}}],"collection":[{"href":"https:\/\/groomluxuryvetcr.com\/en\/wp-json\/wp\/v2\/product"}],"about":[{"href":"https:\/\/groomluxuryvetcr.com\/en\/wp-json\/wp\/v2\/types\/product"}],"replies":[{"embeddable":true,"href":"https:\/\/groomluxuryvetcr.com\/en\/wp-json\/wp\/v2\/comments?post=12921"}],"version-history":[{"count":1,"href":"https:\/\/groomluxuryvetcr.com\/en\/wp-json\/wp\/v2\/product\/12921\/revisions"}],"predecessor-version":[{"id":12923,"href":"https:\/\/groomluxuryvetcr.com\/en\/wp-json\/wp\/v2\/product\/12921\/revisions\/12923"}],"wp:featuredmedia":[{"embeddable":true,"href":"https:\/\/groomluxuryvetcr.com\/en\/wp-json\/wp\/v2\/media\/12922"}],"wp:attachment":[{"href":"https:\/\/groomluxuryvetcr.com\/en\/wp-json\/wp\/v2\/media?parent=12921"}],"wp:term":[{"taxonomy":"product_brand","embeddable":true,"href":"https:\/\/groomluxuryvetcr.com\/en\/wp-json\/wp\/v2\/product_brand?post=12921"},{"taxonomy":"product_cat","embeddable":true,"href":"https:\/\/groomluxuryvetcr.com\/en\/wp-json\/wp\/v2\/product_cat?post=12921"},{"taxonomy":"product_tag","embeddable":true,"href":"https:\/\/groomluxuryvetcr.com\/en\/wp-json\/wp\/v2\/product_tag?post=12921"}],"curies":[{"name":"wp","href":"https:\/\/api.w.org\/{rel}","templated":true}]}}