{"id":12936,"date":"2025-06-04T22:24:16","date_gmt":"2025-06-05T04:24:16","guid":{"rendered":"https:\/\/groomluxuryvetcr.com\/?post_type=product&#038;p=12936"},"modified":"2025-06-04T22:56:56","modified_gmt":"2025-06-05T04:56:56","slug":"natures-logic-feline-chicken-1-5kg","status":"publish","type":"product","link":"https:\/\/groomluxuryvetcr.com\/en\/product\/natures-logic-feline-chicken-1-5kg\/","title":{"rendered":"NATURE\u00b4S LOGIC FELINE CHICKEN 1.5KG"},"content":{"rendered":"<p><span data-sheets-root=\"1\">Ingredientes: <\/span><\/p>\n<p><span data-sheets-root=\"1\">Harina de pollo, mijo, grasa de pollo (preservada con tocoferoles mezclados), semillas de calabaza, levadura (Saccharomyces cerevisiae), h\u00edgado de cerdo deshidratado, producto de huevo seco, concentrado de nutrientes de alfalfa, arcilla montmorillonita, algas secas, plasma de cerdo deshidratado, tomate seco, almendras, ra\u00edz seca de achicoria, zanahoria seca, manzana seca, harina de pescado (arenque americano), calabaza seca, albaricoque seco, ar\u00e1ndano azul. seco, espinaca seca, br\u00f3coli seco, ar\u00e1ndano rojo seco, perejil, alcachofa seca, romero, hongo seco, antioxidantes naturales (aceite vegetal, mezcla natural de tocoferoles, lecitina, extracto de romero)<\/span><\/p>","protected":false},"excerpt":{"rendered":"<p>\ud83d\udc31\ud83c\udf57 <strong data-start=\"128\" data-end=\"179\">Nature&#8217;s Logic Feline Chicken Meal Feast 1.5\u202fkg <\/strong>Alimento seco 100\u202f% natural y sin vitaminas sint\u00e9ticas \ud83e\uddec\u274c. Elaborado con harina de pollo como primer ingrediente \ud83d\udc14, enriquecido con frutas y verduras seleccionadas \ud83c\udf4e\ud83e\udd66. Sin cereales, legumbres ni aditivos artificiales \ud83c\udf3e\ud83d\udeab. Incluye probi\u00f3ticos y enzimas para una digesti\u00f3n saludable \ud83e\udda0\ud83d\udc9a. Ideal para gatos de todas las edades y tama\u00f1os \ud83d\udc3e\u2728. \u00a1Nutrici\u00f3n completa y sabrosa para tu felino! \ud83d\udc08\ud83e\udd70<\/p>","protected":false},"featured_media":12937,"comment_status":"open","ping_status":"closed","template":"","meta":{"content-type":""},"product_brand":[126],"product_cat":[48,54,41,15],"product_tag":[],"class_list":{"0":"post-12936","1":"product","2":"type-product","3":"status-publish","4":"has-post-thumbnail","6":"product_brand-logic","7":"product_cat-alimentos-gatos","8":"product_cat-alimentos-general","9":"product_cat-gatos","10":"product_cat-general","12":"first","13":"instock","14":"taxable","15":"shipping-taxable","16":"purchasable","17":"product-type-simple"},"_links":{"self":[{"href":"https:\/\/groomluxuryvetcr.com\/en\/wp-json\/wp\/v2\/product\/12936","targetHints":{"allow":["GET"]}}],"collection":[{"href":"https:\/\/groomluxuryvetcr.com\/en\/wp-json\/wp\/v2\/product"}],"about":[{"href":"https:\/\/groomluxuryvetcr.com\/en\/wp-json\/wp\/v2\/types\/product"}],"replies":[{"embeddable":true,"href":"https:\/\/groomluxuryvetcr.com\/en\/wp-json\/wp\/v2\/comments?post=12936"}],"version-history":[{"count":1,"href":"https:\/\/groomluxuryvetcr.com\/en\/wp-json\/wp\/v2\/product\/12936\/revisions"}],"predecessor-version":[{"id":12938,"href":"https:\/\/groomluxuryvetcr.com\/en\/wp-json\/wp\/v2\/product\/12936\/revisions\/12938"}],"wp:featuredmedia":[{"embeddable":true,"href":"https:\/\/groomluxuryvetcr.com\/en\/wp-json\/wp\/v2\/media\/12937"}],"wp:attachment":[{"href":"https:\/\/groomluxuryvetcr.com\/en\/wp-json\/wp\/v2\/media?parent=12936"}],"wp:term":[{"taxonomy":"product_brand","embeddable":true,"href":"https:\/\/groomluxuryvetcr.com\/en\/wp-json\/wp\/v2\/product_brand?post=12936"},{"taxonomy":"product_cat","embeddable":true,"href":"https:\/\/groomluxuryvetcr.com\/en\/wp-json\/wp\/v2\/product_cat?post=12936"},{"taxonomy":"product_tag","embeddable":true,"href":"https:\/\/groomluxuryvetcr.com\/en\/wp-json\/wp\/v2\/product_tag?post=12936"}],"curies":[{"name":"wp","href":"https:\/\/api.w.org\/{rel}","templated":true}]}}