{"id":12939,"date":"2025-06-04T22:35:33","date_gmt":"2025-06-05T04:35:33","guid":{"rendered":"https:\/\/groomluxuryvetcr.com\/?post_type=product&#038;p=12939"},"modified":"2025-06-04T22:57:04","modified_gmt":"2025-06-05T04:57:04","slug":"nature-logic-lata-feline-chicken-156g","status":"publish","type":"product","link":"https:\/\/groomluxuryvetcr.com\/en\/product\/nature-logic-lata-feline-chicken-156g\/","title":{"rendered":"NATURE LOGIC LATA FELINE CHICKEN 156G"},"content":{"rendered":"<p><span data-sheets-root=\"1\">Ingredientes: Pollo, caldo de pollo, h\u00edgado de pollo, coraz\u00f3n de pollo, producto de huevo seco, plasma de cerdo, arcilla montmorillonita, aceite de arenque americano, levadura cervecera seca (Saccharomyces cerevisiae), manzana seca, albaricoque seco, harina de alfalfa, alcachofa seca, ar\u00e1ndano azul seco, br\u00f3coli seco, zanahoria seca, ra\u00edz seca de achicoria, ar\u00e1ndano rojo seco, algas secas, perejil, calabaza seca, romero, espinaca seca, tomate seco, harina de huevo.<\/span><\/p>\n<p>Nature\u2019s Logic proporciona una nutrici\u00f3n completa y balanceada para todas las razas, edades y tama\u00f1o de mascotas.<\/p>","protected":false},"excerpt":{"rendered":"<p>\ud83d\udc31\ud83c\udf57 <strong data-start=\"122\" data-end=\"167\">Nature&#8217;s Logic Feline Chicken Feast 156\u202fg <\/strong>Alimento h\u00famedo 100\u202f% natural y sin vitaminas sint\u00e9ticas \ud83e\uddec\u274c. Elaborado con carne, h\u00edgado y coraz\u00f3n de pollo \ud83d\udc14, enriquecido con frutas y verduras seleccionadas \ud83c\udf4e\ud83e\udd66. Sin cereales, legumbres ni aditivos artificiales \ud83c\udf3e\ud83d\udeab. Incluye calcio de c\u00e1scara de huevo y plasma animal para una digesti\u00f3n saludable \ud83e\uddb4\ud83e\udda0. Ideal para gatos de todas las edades y tama\u00f1os \ud83d\udc3e\u2728. \u00a1Nutrici\u00f3n completa y sabrosa para tu felino! \ud83d\udc08\ud83e\udd70<\/p>","protected":false},"featured_media":12940,"comment_status":"open","ping_status":"closed","template":"","meta":{"content-type":""},"product_brand":[126],"product_cat":[48,54,41,15],"product_tag":[],"class_list":{"0":"post-12939","1":"product","2":"type-product","3":"status-publish","4":"has-post-thumbnail","6":"product_brand-logic","7":"product_cat-alimentos-gatos","8":"product_cat-alimentos-general","9":"product_cat-gatos","10":"product_cat-general","12":"first","13":"instock","14":"taxable","15":"shipping-taxable","16":"purchasable","17":"product-type-simple"},"_links":{"self":[{"href":"https:\/\/groomluxuryvetcr.com\/en\/wp-json\/wp\/v2\/product\/12939","targetHints":{"allow":["GET"]}}],"collection":[{"href":"https:\/\/groomluxuryvetcr.com\/en\/wp-json\/wp\/v2\/product"}],"about":[{"href":"https:\/\/groomluxuryvetcr.com\/en\/wp-json\/wp\/v2\/types\/product"}],"replies":[{"embeddable":true,"href":"https:\/\/groomluxuryvetcr.com\/en\/wp-json\/wp\/v2\/comments?post=12939"}],"version-history":[{"count":2,"href":"https:\/\/groomluxuryvetcr.com\/en\/wp-json\/wp\/v2\/product\/12939\/revisions"}],"predecessor-version":[{"id":12942,"href":"https:\/\/groomluxuryvetcr.com\/en\/wp-json\/wp\/v2\/product\/12939\/revisions\/12942"}],"wp:featuredmedia":[{"embeddable":true,"href":"https:\/\/groomluxuryvetcr.com\/en\/wp-json\/wp\/v2\/media\/12940"}],"wp:attachment":[{"href":"https:\/\/groomluxuryvetcr.com\/en\/wp-json\/wp\/v2\/media?parent=12939"}],"wp:term":[{"taxonomy":"product_brand","embeddable":true,"href":"https:\/\/groomluxuryvetcr.com\/en\/wp-json\/wp\/v2\/product_brand?post=12939"},{"taxonomy":"product_cat","embeddable":true,"href":"https:\/\/groomluxuryvetcr.com\/en\/wp-json\/wp\/v2\/product_cat?post=12939"},{"taxonomy":"product_tag","embeddable":true,"href":"https:\/\/groomluxuryvetcr.com\/en\/wp-json\/wp\/v2\/product_tag?post=12939"}],"curies":[{"name":"wp","href":"https:\/\/api.w.org\/{rel}","templated":true}]}}