{"id":12944,"date":"2025-06-04T23:11:31","date_gmt":"2025-06-05T05:11:31","guid":{"rendered":"https:\/\/groomluxuryvetcr.com\/?post_type=product&#038;p=12944"},"modified":"2025-06-04T23:11:32","modified_gmt":"2025-06-05T05:11:32","slug":"lata-natures-logic-feline-duck-salmon-156g","status":"publish","type":"product","link":"https:\/\/groomluxuryvetcr.com\/en\/product\/lata-natures-logic-feline-duck-salmon-156g\/","title":{"rendered":"LATA NATURE&#8217;S LOGIC FELINE DUCK &amp; SALMON 156G"},"content":{"rendered":"<p><span data-sheets-root=\"1\">Ingredientes: Pato, caldo de pato, h\u00edgado de pato, coraz\u00f3n de pato, salm\u00f3n, producto de huevo seco, plasma de cerdo, arcilla montmorillonita, aceite de arenque americano (preservado con tocoferoles mezclados), levadura cervecera seca (Saccharomyces cerevisiae), manzana seca, albaricoque seco, harina de alfalfa, alcachofa seca, ar\u00e1ndano azul seco, br\u00f3coli seco, zanahoria seca, ra\u00edz seca de achicoria, ar\u00e1ndano rojo seco, algas secas, perejil, calabaza seca, romero, espinaca seca, tomate seco, harina de c\u00e1scara de huevo, extracto de romero.<\/p>\n<p>Nature\u2019s Logic proporciona una nutrici\u00f3n completa y balanceada para todas las razas, edades y tama\u00f1o de mascotas.<\/span><\/p>","protected":false},"excerpt":{"rendered":"<p>\ud83d\udc31\ud83e\udd86\ud83d\udc1f <strong data-start=\"130\" data-end=\"181\">Nature&#8217;s Logic Feline Duck &amp; Salmon Feast 156\u202fg<\/strong><br data-start=\"181\" data-end=\"184\" \/>Alimento h\u00famedo 100\u202f% natural y sin vitaminas sint\u00e9ticas \ud83e\uddec\u274c. Elaborado con carne de pato y salm\u00f3n, acompa\u00f1ado de v\u00edsceras nutritivas y una selecci\u00f3n de frutas y verduras \ud83c\udf4e\ud83e\udd66. Sin cereales, legumbres ni aditivos artificiales \ud83c\udf3e\ud83d\udeab. Incluye calcio natural y plasma animal para una digesti\u00f3n saludable \ud83e\uddb4\ud83e\udda0. Ideal para gatos de todas las edades y tama\u00f1os \ud83d\udc3e\u2728. \u00a1Nutrici\u00f3n completa y sabrosa para tu felino! \ud83d\udc08\ud83e\udd70<\/p>","protected":false},"featured_media":12945,"comment_status":"open","ping_status":"closed","template":"","meta":{"content-type":""},"product_brand":[126],"product_cat":[48,41,15],"product_tag":[],"class_list":{"0":"post-12944","1":"product","2":"type-product","3":"status-publish","4":"has-post-thumbnail","6":"product_brand-logic","7":"product_cat-alimentos-gatos","8":"product_cat-gatos","9":"product_cat-general","11":"first","12":"instock","13":"taxable","14":"shipping-taxable","15":"purchasable","16":"product-type-simple"},"_links":{"self":[{"href":"https:\/\/groomluxuryvetcr.com\/en\/wp-json\/wp\/v2\/product\/12944","targetHints":{"allow":["GET"]}}],"collection":[{"href":"https:\/\/groomluxuryvetcr.com\/en\/wp-json\/wp\/v2\/product"}],"about":[{"href":"https:\/\/groomluxuryvetcr.com\/en\/wp-json\/wp\/v2\/types\/product"}],"replies":[{"embeddable":true,"href":"https:\/\/groomluxuryvetcr.com\/en\/wp-json\/wp\/v2\/comments?post=12944"}],"version-history":[{"count":1,"href":"https:\/\/groomluxuryvetcr.com\/en\/wp-json\/wp\/v2\/product\/12944\/revisions"}],"predecessor-version":[{"id":12946,"href":"https:\/\/groomluxuryvetcr.com\/en\/wp-json\/wp\/v2\/product\/12944\/revisions\/12946"}],"wp:featuredmedia":[{"embeddable":true,"href":"https:\/\/groomluxuryvetcr.com\/en\/wp-json\/wp\/v2\/media\/12945"}],"wp:attachment":[{"href":"https:\/\/groomluxuryvetcr.com\/en\/wp-json\/wp\/v2\/media?parent=12944"}],"wp:term":[{"taxonomy":"product_brand","embeddable":true,"href":"https:\/\/groomluxuryvetcr.com\/en\/wp-json\/wp\/v2\/product_brand?post=12944"},{"taxonomy":"product_cat","embeddable":true,"href":"https:\/\/groomluxuryvetcr.com\/en\/wp-json\/wp\/v2\/product_cat?post=12944"},{"taxonomy":"product_tag","embeddable":true,"href":"https:\/\/groomluxuryvetcr.com\/en\/wp-json\/wp\/v2\/product_tag?post=12944"}],"curies":[{"name":"wp","href":"https:\/\/api.w.org\/{rel}","templated":true}]}}