{"id":12950,"date":"2025-06-04T23:45:40","date_gmt":"2025-06-05T05:45:40","guid":{"rendered":"https:\/\/groomluxuryvetcr.com\/?post_type=product&#038;p=12950"},"modified":"2025-06-04T23:47:07","modified_gmt":"2025-06-05T05:47:07","slug":"natures-logic-lata-feline-sardine-156g","status":"publish","type":"product","link":"https:\/\/groomluxuryvetcr.com\/en\/product\/natures-logic-lata-feline-sardine-156g\/","title":{"rendered":"NATURE\u00b4S LOGIC LATA FELINE SARDINE 156G"},"content":{"rendered":"<p><span data-sheets-root=\"1\">Ingredientes:<\/span><\/p>\n<p>Sardina, caldo de sardina, h\u00edgado de sardina, coraz\u00f3n de sardina, producto de huevo seco, plasma de cerdo, arcilla montmorillonita, aceite de arenque americano, levadura cervecera seca (Saccharomyces cerevisiae), manzana seca, albaricoque seco, harina de alfalfa, alcachofa seca, ar\u00e1ndano azul seco, br\u00f3coli seco, zanahoria seca, ra\u00edz seca de achicoria. ar\u00e1ndano rojo seco, algas secas, perejil, calabaza seca, romero. espinaca seca, tomate seco, harina de huevo.<\/p>\n<p>Nature\u2019s Logic proporciona una nutrici\u00f3n completa y balanceada para todas las razas, edades y tama\u00f1o de mascotas.<\/p>","protected":false},"excerpt":{"rendered":"<p>\ud83d\udc31\ud83d\udc1f <strong data-start=\"115\" data-end=\"160\">Nature&#8217;s Logic Feline Sardine Feast 156\u202fg <\/strong>Alimento h\u00famedo 100\u202f% natural y sin vitaminas sint\u00e9ticas \ud83e\uddec\u274c. Elaborado con sardinas, v\u00edsceras nutritivas y una selecci\u00f3n de frutas y verduras \ud83c\udf4e\ud83e\udd66. Sin cereales, legumbres ni aditivos artificiales \ud83c\udf3e\ud83d\udeab. Incluye calcio natural y plasma animal para una digesti\u00f3n saludable \ud83e\uddb4\ud83e\udda0. Ideal para gatos de todas las edades y tama\u00f1os \ud83d\udc3e\u2728. \u00a1Nutrici\u00f3n completa y sabrosa para tu felino! \ud83d\udc08\ud83e\udd70<\/p>","protected":false},"featured_media":12951,"comment_status":"open","ping_status":"closed","template":"","meta":{"content-type":""},"product_brand":[126],"product_cat":[15],"product_tag":[],"class_list":{"0":"post-12950","1":"product","2":"type-product","3":"status-publish","4":"has-post-thumbnail","6":"product_brand-logic","7":"product_cat-general","9":"first","10":"instock","11":"taxable","12":"shipping-taxable","13":"purchasable","14":"product-type-simple"},"_links":{"self":[{"href":"https:\/\/groomluxuryvetcr.com\/en\/wp-json\/wp\/v2\/product\/12950","targetHints":{"allow":["GET"]}}],"collection":[{"href":"https:\/\/groomluxuryvetcr.com\/en\/wp-json\/wp\/v2\/product"}],"about":[{"href":"https:\/\/groomluxuryvetcr.com\/en\/wp-json\/wp\/v2\/types\/product"}],"replies":[{"embeddable":true,"href":"https:\/\/groomluxuryvetcr.com\/en\/wp-json\/wp\/v2\/comments?post=12950"}],"version-history":[{"count":2,"href":"https:\/\/groomluxuryvetcr.com\/en\/wp-json\/wp\/v2\/product\/12950\/revisions"}],"predecessor-version":[{"id":12953,"href":"https:\/\/groomluxuryvetcr.com\/en\/wp-json\/wp\/v2\/product\/12950\/revisions\/12953"}],"wp:featuredmedia":[{"embeddable":true,"href":"https:\/\/groomluxuryvetcr.com\/en\/wp-json\/wp\/v2\/media\/12951"}],"wp:attachment":[{"href":"https:\/\/groomluxuryvetcr.com\/en\/wp-json\/wp\/v2\/media?parent=12950"}],"wp:term":[{"taxonomy":"product_brand","embeddable":true,"href":"https:\/\/groomluxuryvetcr.com\/en\/wp-json\/wp\/v2\/product_brand?post=12950"},{"taxonomy":"product_cat","embeddable":true,"href":"https:\/\/groomluxuryvetcr.com\/en\/wp-json\/wp\/v2\/product_cat?post=12950"},{"taxonomy":"product_tag","embeddable":true,"href":"https:\/\/groomluxuryvetcr.com\/en\/wp-json\/wp\/v2\/product_tag?post=12950"}],"curies":[{"name":"wp","href":"https:\/\/api.w.org\/{rel}","templated":true}]}}