{"id":12998,"date":"2025-06-05T21:36:05","date_gmt":"2025-06-06T03:36:05","guid":{"rendered":"https:\/\/groomluxuryvetcr.com\/?post_type=product&#038;p=12998"},"modified":"2025-06-05T21:36:06","modified_gmt":"2025-06-06T03:36:06","slug":"fruitables-cat-70g","status":"publish","type":"product","link":"https:\/\/groomluxuryvetcr.com\/en\/product\/fruitables-cat-70g\/","title":{"rendered":"FRUITABLES CAT 70G"},"content":{"rendered":"<p><span data-sheets-root=\"1\">Si deseas consentir a tu gato con un delicioso premio saludable, las golosinas Fruitables con sabor a at\u00fan y calabaza o pollo y ar\u00e1ndanos son la opci\u00f3n perfecta. Estas golosinas han sido dise\u00f1adas pensando en la nutrici\u00f3n y el sabor que m\u00e1s atrae a los felinos. Con ingredientes de alta calidad, como at\u00fan real y superalimentos ricos en nutrientes, estas golosinas son una forma deliciosa y nutritiva de mimar a tu mascota.<\/span><\/p>","protected":false},"excerpt":{"rendered":"<p>\ud83d\udc31\ud83c\udf57\ud83d\udc1f\ud83c\udf83\ud83e\uded0 <strong data-start=\"112\" data-end=\"174\">Fruitables Cat \u2013 Tuna &amp; Pumpkin \/ Chicken &amp; Blueberry 70\u202fg<\/strong><br data-start=\"174\" data-end=\"177\" \/>\u00a1Dos sabores irresistibles para consentir a tu gato! \ud83d\ude3b Con at\u00fan y calabaza \ud83c\udf83\ud83d\udc1f o pollo y ar\u00e1ndanos \ud83e\uded0\ud83c\udf57, estos premios crujientes aportan solo 1.25 kcal por unidad, ideales para cuidar su peso \ud83d\udc9a. Elaborados sin subproductos animales ni ingredientes artificiales \ud83d\udeab\ud83c\udf3e. Su textura ayuda a mantener dientes limpios \ud83e\uddb7\u2728. \u00a1Salud y sabor en cada mordida! \ud83d\udc3e\ud83d\udcab<\/p>","protected":false},"featured_media":12987,"comment_status":"open","ping_status":"closed","template":"","meta":{"content-type":""},"product_brand":[128],"product_cat":[48,54,41,15],"product_tag":[],"class_list":{"0":"post-12998","1":"product","2":"type-product","3":"status-publish","4":"has-post-thumbnail","6":"product_brand-fruitables","7":"product_cat-alimentos-gatos","8":"product_cat-alimentos-general","9":"product_cat-gatos","10":"product_cat-general","12":"first","13":"instock","14":"taxable","15":"shipping-taxable","16":"purchasable","17":"product-type-variable"},"_links":{"self":[{"href":"https:\/\/groomluxuryvetcr.com\/en\/wp-json\/wp\/v2\/product\/12998","targetHints":{"allow":["GET"]}}],"collection":[{"href":"https:\/\/groomluxuryvetcr.com\/en\/wp-json\/wp\/v2\/product"}],"about":[{"href":"https:\/\/groomluxuryvetcr.com\/en\/wp-json\/wp\/v2\/types\/product"}],"replies":[{"embeddable":true,"href":"https:\/\/groomluxuryvetcr.com\/en\/wp-json\/wp\/v2\/comments?post=12998"}],"version-history":[{"count":2,"href":"https:\/\/groomluxuryvetcr.com\/en\/wp-json\/wp\/v2\/product\/12998\/revisions"}],"predecessor-version":[{"id":13002,"href":"https:\/\/groomluxuryvetcr.com\/en\/wp-json\/wp\/v2\/product\/12998\/revisions\/13002"}],"wp:featuredmedia":[{"embeddable":true,"href":"https:\/\/groomluxuryvetcr.com\/en\/wp-json\/wp\/v2\/media\/12987"}],"wp:attachment":[{"href":"https:\/\/groomluxuryvetcr.com\/en\/wp-json\/wp\/v2\/media?parent=12998"}],"wp:term":[{"taxonomy":"product_brand","embeddable":true,"href":"https:\/\/groomluxuryvetcr.com\/en\/wp-json\/wp\/v2\/product_brand?post=12998"},{"taxonomy":"product_cat","embeddable":true,"href":"https:\/\/groomluxuryvetcr.com\/en\/wp-json\/wp\/v2\/product_cat?post=12998"},{"taxonomy":"product_tag","embeddable":true,"href":"https:\/\/groomluxuryvetcr.com\/en\/wp-json\/wp\/v2\/product_tag?post=12998"}],"curies":[{"name":"wp","href":"https:\/\/api.w.org\/{rel}","templated":true}]}}