{"id":13102,"date":"2025-06-09T17:46:51","date_gmt":"2025-06-09T23:46:51","guid":{"rendered":"https:\/\/groomluxuryvetcr.com\/?post_type=product&#038;p=13102"},"modified":"2025-06-09T17:46:52","modified_gmt":"2025-06-09T23:46:52","slug":"fly-toy-yellow-l","status":"publish","type":"product","link":"https:\/\/groomluxuryvetcr.com\/en\/product\/fly-toy-yellow-l\/","title":{"rendered":"FLY TOY YELLOW L"},"content":{"rendered":"<p><span data-sheets-root=\"1\">Dise\u00f1o \u00fanico con borde arqueado que hace que sea f\u00e1cil para cualquier perro o persona levantarlo y jugar con \u00e9l.<br \/>\nEl material suave es delicado con la boca de tu perro y con tus manos.<br \/>\nFlota en el agua.<br \/>\nLos perros ven el color amarillo, por lo que es f\u00e1cil encontrarlo en la hierba.<br \/>\nApto para lavavajillas en rejilla superior.<\/span><\/p>","protected":false},"excerpt":{"rendered":"<p>\ud83d\udef8\ud83d\udc36 <strong data-start=\"92\" data-end=\"112\">Fly Toy Yellow L<\/strong><br data-start=\"112\" data-end=\"115\" \/>\u00a1Diversi\u00f3n que vuela! Liviano, suave y flotante \ud83d\udca6. F\u00e1cil de lanzar y recoger \ud83c\udfaf. Su color amarillo \ud83c\udf3c lo hace visible para tu perro y es apto para lavavajillas \ud83e\uddfc.<\/p>","protected":false},"featured_media":13103,"comment_status":"open","ping_status":"closed","template":"","meta":{"content-type":""},"product_brand":[135],"product_cat":[15,81,85,43],"product_tag":[],"class_list":{"0":"post-13102","1":"product","2":"type-product","3":"status-publish","4":"has-post-thumbnail","6":"product_brand-earth-rate","7":"product_cat-general","8":"product_cat-juguetes-y-accesorios-general","9":"product_cat-juguetes-y-accesorios-perros","10":"product_cat-perros","12":"first","13":"instock","14":"taxable","15":"shipping-taxable","16":"purchasable","17":"product-type-simple"},"_links":{"self":[{"href":"https:\/\/groomluxuryvetcr.com\/en\/wp-json\/wp\/v2\/product\/13102","targetHints":{"allow":["GET"]}}],"collection":[{"href":"https:\/\/groomluxuryvetcr.com\/en\/wp-json\/wp\/v2\/product"}],"about":[{"href":"https:\/\/groomluxuryvetcr.com\/en\/wp-json\/wp\/v2\/types\/product"}],"replies":[{"embeddable":true,"href":"https:\/\/groomluxuryvetcr.com\/en\/wp-json\/wp\/v2\/comments?post=13102"}],"version-history":[{"count":1,"href":"https:\/\/groomluxuryvetcr.com\/en\/wp-json\/wp\/v2\/product\/13102\/revisions"}],"predecessor-version":[{"id":13104,"href":"https:\/\/groomluxuryvetcr.com\/en\/wp-json\/wp\/v2\/product\/13102\/revisions\/13104"}],"wp:featuredmedia":[{"embeddable":true,"href":"https:\/\/groomluxuryvetcr.com\/en\/wp-json\/wp\/v2\/media\/13103"}],"wp:attachment":[{"href":"https:\/\/groomluxuryvetcr.com\/en\/wp-json\/wp\/v2\/media?parent=13102"}],"wp:term":[{"taxonomy":"product_brand","embeddable":true,"href":"https:\/\/groomluxuryvetcr.com\/en\/wp-json\/wp\/v2\/product_brand?post=13102"},{"taxonomy":"product_cat","embeddable":true,"href":"https:\/\/groomluxuryvetcr.com\/en\/wp-json\/wp\/v2\/product_cat?post=13102"},{"taxonomy":"product_tag","embeddable":true,"href":"https:\/\/groomluxuryvetcr.com\/en\/wp-json\/wp\/v2\/product_tag?post=13102"}],"curies":[{"name":"wp","href":"https:\/\/api.w.org\/{rel}","templated":true}]}}