{"id":13105,"date":"2025-06-09T17:53:40","date_gmt":"2025-06-09T23:53:40","guid":{"rendered":"https:\/\/groomluxuryvetcr.com\/?post_type=product&#038;p=13105"},"modified":"2025-06-09T17:53:40","modified_gmt":"2025-06-09T23:53:40","slug":"sazonador-70g","status":"publish","type":"product","link":"https:\/\/groomluxuryvetcr.com\/en\/product\/sazonador-70g\/","title":{"rendered":"SAZONADOR 70G"},"content":{"rendered":"<p><span data-sheets-root=\"1\">Jolies \u2013 SaDale a tu mascota un toque nutritivo y delicioso con nuestro Sazonador con Spirulina, enriquecido con superalimentos como spirulina, man\u00ed y carne de res de pastoreo. Esta mezcla natural aporta prote\u00ednas, vitaminas y minerales esenciales que ayudan a mejorar el bienestar general de tu peludo, fortaleciendo su sistema inmunol\u00f3gico y d\u00e1ndole energ\u00eda. Perfecto para espolvorear sobre el alimento de tu mascota, es una opci\u00f3n saludable y sin aditivos que tambi\u00e9n promueve un pelaje brillante y una mejor digesti\u00f3n. Ideal para perros y gatos de todas las edades. zonador.<\/span><\/p>","protected":false},"excerpt":{"rendered":"<p>\ud83e\udd44\ud83d\udc3e <strong data-start=\"103\" data-end=\"137\">Jolies Sazonador con Spirulina<\/strong><br data-start=\"137\" data-end=\"140\" \/>Un superboost \ud83c\udf31 para su comida diaria \ud83c\udf7d\ufe0f. Con spirulina, man\u00ed \ud83e\udd5c y carne de res \ud83d\udc04, fortalece defensas \ud83d\udee1\ufe0f, da energ\u00eda \u26a1 y mejora digesti\u00f3n y pelaje \u2728. \u00a1Ideal para perros y gatos de todas las edades! \ud83d\udc36\ud83d\udc31<\/p>","protected":false},"featured_media":13106,"comment_status":"open","ping_status":"closed","template":"","meta":{"content-type":""},"product_brand":[133],"product_cat":[47,54,15,43],"product_tag":[],"class_list":{"0":"post-13105","1":"product","2":"type-product","3":"status-publish","4":"has-post-thumbnail","6":"product_brand-jolies","7":"product_cat-alimentos","8":"product_cat-alimentos-general","9":"product_cat-general","10":"product_cat-perros","12":"first","13":"instock","14":"taxable","15":"shipping-taxable","16":"purchasable","17":"product-type-simple"},"_links":{"self":[{"href":"https:\/\/groomluxuryvetcr.com\/en\/wp-json\/wp\/v2\/product\/13105","targetHints":{"allow":["GET"]}}],"collection":[{"href":"https:\/\/groomluxuryvetcr.com\/en\/wp-json\/wp\/v2\/product"}],"about":[{"href":"https:\/\/groomluxuryvetcr.com\/en\/wp-json\/wp\/v2\/types\/product"}],"replies":[{"embeddable":true,"href":"https:\/\/groomluxuryvetcr.com\/en\/wp-json\/wp\/v2\/comments?post=13105"}],"version-history":[{"count":1,"href":"https:\/\/groomluxuryvetcr.com\/en\/wp-json\/wp\/v2\/product\/13105\/revisions"}],"predecessor-version":[{"id":13107,"href":"https:\/\/groomluxuryvetcr.com\/en\/wp-json\/wp\/v2\/product\/13105\/revisions\/13107"}],"wp:featuredmedia":[{"embeddable":true,"href":"https:\/\/groomluxuryvetcr.com\/en\/wp-json\/wp\/v2\/media\/13106"}],"wp:attachment":[{"href":"https:\/\/groomluxuryvetcr.com\/en\/wp-json\/wp\/v2\/media?parent=13105"}],"wp:term":[{"taxonomy":"product_brand","embeddable":true,"href":"https:\/\/groomluxuryvetcr.com\/en\/wp-json\/wp\/v2\/product_brand?post=13105"},{"taxonomy":"product_cat","embeddable":true,"href":"https:\/\/groomluxuryvetcr.com\/en\/wp-json\/wp\/v2\/product_cat?post=13105"},{"taxonomy":"product_tag","embeddable":true,"href":"https:\/\/groomluxuryvetcr.com\/en\/wp-json\/wp\/v2\/product_tag?post=13105"}],"curies":[{"name":"wp","href":"https:\/\/api.w.org\/{rel}","templated":true}]}}