{"id":13108,"date":"2025-06-09T18:01:36","date_gmt":"2025-06-10T00:01:36","guid":{"rendered":"https:\/\/groomluxuryvetcr.com\/?post_type=product&#038;p=13108"},"modified":"2025-06-09T18:01:59","modified_gmt":"2025-06-10T00:01:59","slug":"oh-bowl-cat-pink","status":"publish","type":"product","link":"https:\/\/groomluxuryvetcr.com\/en\/product\/oh-bowl-cat-pink\/","title":{"rendered":"OH BOWL CAT PINK"},"content":{"rendered":"<p><span data-sheets-root=\"1\">El primer plato de comida para gatos en el mundo que promueve la salud bucal. Desarrollado para tratar los problemas de: Las bolas de pelo, el mal aliento y la salud bucal.<\/span><\/p>\n<p>Redise\u00f1amos cada aspecto del producto para satisfacer las preferencias de los gatos, comenzando por cambiar la forma del taz\u00f3n: muy bajo en la parte delantera y m\u00e1s alto en la parte posterior, para eliminar el estr\u00e9s de los bigotes y evitar que los bigotes del gato toquen los lados del comedero.<\/p>","protected":false},"excerpt":{"rendered":"<p>\ud83c\udf7d\ufe0f\ud83d\udc31 <strong data-start=\"98\" data-end=\"118\">OH Bowl Cat Pink<\/strong><br data-start=\"118\" data-end=\"121\" \/>El platito que cuida su salud bucal \ud83e\uddb7\ud83d\udc95. Dise\u00f1ado para ayudar a limpiar la lengua y reducir el mal aliento \ud83d\ude3d\ud83d\udca8 mientras come. \u00a1Funcional, lindo y saludable! \ud83c\udf38<\/p>","protected":false},"featured_media":13109,"comment_status":"open","ping_status":"closed","template":"","meta":{"content-type":""},"product_brand":[136],"product_cat":[41,15,80,81],"product_tag":[],"class_list":{"0":"post-13108","1":"product","2":"type-product","3":"status-publish","4":"has-post-thumbnail","6":"product_brand-oh-bowl","7":"product_cat-gatos","8":"product_cat-general","9":"product_cat-juguetes-y-accesorios-gatos","10":"product_cat-juguetes-y-accesorios-general","12":"first","13":"instock","14":"taxable","15":"shipping-taxable","16":"purchasable","17":"product-type-simple"},"_links":{"self":[{"href":"https:\/\/groomluxuryvetcr.com\/en\/wp-json\/wp\/v2\/product\/13108","targetHints":{"allow":["GET"]}}],"collection":[{"href":"https:\/\/groomluxuryvetcr.com\/en\/wp-json\/wp\/v2\/product"}],"about":[{"href":"https:\/\/groomluxuryvetcr.com\/en\/wp-json\/wp\/v2\/types\/product"}],"replies":[{"embeddable":true,"href":"https:\/\/groomluxuryvetcr.com\/en\/wp-json\/wp\/v2\/comments?post=13108"}],"version-history":[{"count":2,"href":"https:\/\/groomluxuryvetcr.com\/en\/wp-json\/wp\/v2\/product\/13108\/revisions"}],"predecessor-version":[{"id":13111,"href":"https:\/\/groomluxuryvetcr.com\/en\/wp-json\/wp\/v2\/product\/13108\/revisions\/13111"}],"wp:featuredmedia":[{"embeddable":true,"href":"https:\/\/groomluxuryvetcr.com\/en\/wp-json\/wp\/v2\/media\/13109"}],"wp:attachment":[{"href":"https:\/\/groomluxuryvetcr.com\/en\/wp-json\/wp\/v2\/media?parent=13108"}],"wp:term":[{"taxonomy":"product_brand","embeddable":true,"href":"https:\/\/groomluxuryvetcr.com\/en\/wp-json\/wp\/v2\/product_brand?post=13108"},{"taxonomy":"product_cat","embeddable":true,"href":"https:\/\/groomluxuryvetcr.com\/en\/wp-json\/wp\/v2\/product_cat?post=13108"},{"taxonomy":"product_tag","embeddable":true,"href":"https:\/\/groomluxuryvetcr.com\/en\/wp-json\/wp\/v2\/product_tag?post=13108"}],"curies":[{"name":"wp","href":"https:\/\/api.w.org\/{rel}","templated":true}]}}