{"id":13149,"date":"2025-06-10T23:57:01","date_gmt":"2025-06-11T05:57:01","guid":{"rendered":"https:\/\/groomluxuryvetcr.com\/?post_type=product&#038;p=13149"},"modified":"2025-06-10T23:57:01","modified_gmt":"2025-06-11T05:57:01","slug":"meloximax-3-uni","status":"publish","type":"product","link":"https:\/\/groomluxuryvetcr.com\/en\/product\/meloximax-3-uni\/","title":{"rendered":"MELOXIMAX 3 UNI"},"content":{"rendered":"<p><span data-sheets-root=\"1\">Meloximax\u00ae 3 est\u00e1 indicado en perros y gatos para tratar el dolor, inflamaci\u00f3n y fiebre en procesos m\u00fasculo esquel\u00e9ticos agudos y cr\u00f3nicos, en procesos infecciosos (siempre que se acompa\u00f1e de la terapia antimicrobiana adecuada). \u00datil antes y despu\u00e9s de la realizaci\u00f3n de procedimientos quir\u00fargicos.<\/span><\/p>","protected":false},"excerpt":{"rendered":"<p>\ud83d\udc8a\ud83d\udc36\ud83d\udc31 <strong data-start=\"99\" data-end=\"130\">Meloximax\u00ae 3 \u2013 Alivio total<\/strong><br data-start=\"130\" data-end=\"133\" \/>Perfecto para tratar <strong data-start=\"154\" data-end=\"185\">dolor, inflamaci\u00f3n y fiebre<\/strong> en procesos agudos o cr\u00f3nicos \ud83e\uddb4\ud83d\udd25. Ideal para usar <strong data-start=\"238\" data-end=\"269\">antes o despu\u00e9s de cirug\u00edas<\/strong> \ud83c\udfe5 y en casos infecciosos (con tratamiento antimicrobiano adecuado) \ud83d\udee1\ufe0f. \u00a1Bienestar para tu peludo garantizado! \u2764\ufe0f\ud83d\udc3e<\/p>","protected":false},"featured_media":13150,"comment_status":"open","ping_status":"closed","template":"","meta":{"content-type":""},"product_brand":[140],"product_cat":[41,15,43,56,57,55],"product_tag":[],"class_list":{"0":"post-13149","1":"product","2":"type-product","3":"status-publish","4":"has-post-thumbnail","6":"product_brand-bio-zoo","7":"product_cat-gatos","8":"product_cat-general","9":"product_cat-perros","10":"product_cat-salud-y-bienestar-perros","11":"product_cat-salud-y-bienestar-gatos","12":"product_cat-salud-y-bienestar","14":"first","15":"instock","16":"taxable","17":"shipping-taxable","18":"purchasable","19":"product-type-simple"},"_links":{"self":[{"href":"https:\/\/groomluxuryvetcr.com\/en\/wp-json\/wp\/v2\/product\/13149","targetHints":{"allow":["GET"]}}],"collection":[{"href":"https:\/\/groomluxuryvetcr.com\/en\/wp-json\/wp\/v2\/product"}],"about":[{"href":"https:\/\/groomluxuryvetcr.com\/en\/wp-json\/wp\/v2\/types\/product"}],"replies":[{"embeddable":true,"href":"https:\/\/groomluxuryvetcr.com\/en\/wp-json\/wp\/v2\/comments?post=13149"}],"version-history":[{"count":1,"href":"https:\/\/groomluxuryvetcr.com\/en\/wp-json\/wp\/v2\/product\/13149\/revisions"}],"predecessor-version":[{"id":13151,"href":"https:\/\/groomluxuryvetcr.com\/en\/wp-json\/wp\/v2\/product\/13149\/revisions\/13151"}],"wp:featuredmedia":[{"embeddable":true,"href":"https:\/\/groomluxuryvetcr.com\/en\/wp-json\/wp\/v2\/media\/13150"}],"wp:attachment":[{"href":"https:\/\/groomluxuryvetcr.com\/en\/wp-json\/wp\/v2\/media?parent=13149"}],"wp:term":[{"taxonomy":"product_brand","embeddable":true,"href":"https:\/\/groomluxuryvetcr.com\/en\/wp-json\/wp\/v2\/product_brand?post=13149"},{"taxonomy":"product_cat","embeddable":true,"href":"https:\/\/groomluxuryvetcr.com\/en\/wp-json\/wp\/v2\/product_cat?post=13149"},{"taxonomy":"product_tag","embeddable":true,"href":"https:\/\/groomluxuryvetcr.com\/en\/wp-json\/wp\/v2\/product_tag?post=13149"}],"curies":[{"name":"wp","href":"https:\/\/api.w.org\/{rel}","templated":true}]}}