{"id":13152,"date":"2025-06-11T00:02:14","date_gmt":"2025-06-11T06:02:14","guid":{"rendered":"https:\/\/groomluxuryvetcr.com\/?post_type=product&#038;p=13152"},"modified":"2025-06-11T00:02:15","modified_gmt":"2025-06-11T06:02:15","slug":"buddy-tabs-glucosamina-60-tabletas","status":"publish","type":"product","link":"https:\/\/groomluxuryvetcr.com\/en\/product\/buddy-tabs-glucosamina-60-tabletas\/","title":{"rendered":"BUDDY TABS GLUCOSAMINA 60 TABLETAS"},"content":{"rendered":"<p><span data-sheets-root=\"1\">Sabroso suplemento masticable cuidadosamente formulado con glucosamina, condroitina, col\u00e1geno y MSM para ayudar a mejorar la lubricaci\u00f3n y reducir la inflamaci\u00f3n de las articulaciones.<\/span><\/p>","protected":false},"excerpt":{"rendered":"<p>\ud83e\uddb4\ud83d\udc3e <strong data-start=\"112\" data-end=\"165\">Buddy Tabs Glucosamina \u2013 Cuida sus articulaciones<\/strong><br data-start=\"165\" data-end=\"168\" \/>Delicioso suplemento masticable con <strong data-start=\"204\" data-end=\"248\">glucosamina, condroitina, col\u00e1geno y MSM<\/strong> \ud83d\udcaa. Ayuda a <strong data-start=\"261\" data-end=\"297\">lubricar, proteger y desinflamar<\/strong> las articulaciones de tu peludo. Ideal para mantenerlo activo y feliz \ud83d\udc36\u2764\ufe0f.<\/p>","protected":false},"featured_media":13153,"comment_status":"open","ping_status":"closed","template":"","meta":{"content-type":""},"product_brand":[],"product_cat":[41,15,43,57,55,56],"product_tag":[],"class_list":{"0":"post-13152","1":"product","2":"type-product","3":"status-publish","4":"has-post-thumbnail","6":"product_cat-gatos","7":"product_cat-general","8":"product_cat-perros","9":"product_cat-salud-y-bienestar-gatos","10":"product_cat-salud-y-bienestar","11":"product_cat-salud-y-bienestar-perros","13":"first","14":"instock","15":"taxable","16":"shipping-taxable","17":"purchasable","18":"product-type-simple"},"_links":{"self":[{"href":"https:\/\/groomluxuryvetcr.com\/en\/wp-json\/wp\/v2\/product\/13152","targetHints":{"allow":["GET"]}}],"collection":[{"href":"https:\/\/groomluxuryvetcr.com\/en\/wp-json\/wp\/v2\/product"}],"about":[{"href":"https:\/\/groomluxuryvetcr.com\/en\/wp-json\/wp\/v2\/types\/product"}],"replies":[{"embeddable":true,"href":"https:\/\/groomluxuryvetcr.com\/en\/wp-json\/wp\/v2\/comments?post=13152"}],"version-history":[{"count":1,"href":"https:\/\/groomluxuryvetcr.com\/en\/wp-json\/wp\/v2\/product\/13152\/revisions"}],"predecessor-version":[{"id":13154,"href":"https:\/\/groomluxuryvetcr.com\/en\/wp-json\/wp\/v2\/product\/13152\/revisions\/13154"}],"wp:featuredmedia":[{"embeddable":true,"href":"https:\/\/groomluxuryvetcr.com\/en\/wp-json\/wp\/v2\/media\/13153"}],"wp:attachment":[{"href":"https:\/\/groomluxuryvetcr.com\/en\/wp-json\/wp\/v2\/media?parent=13152"}],"wp:term":[{"taxonomy":"product_brand","embeddable":true,"href":"https:\/\/groomluxuryvetcr.com\/en\/wp-json\/wp\/v2\/product_brand?post=13152"},{"taxonomy":"product_cat","embeddable":true,"href":"https:\/\/groomluxuryvetcr.com\/en\/wp-json\/wp\/v2\/product_cat?post=13152"},{"taxonomy":"product_tag","embeddable":true,"href":"https:\/\/groomluxuryvetcr.com\/en\/wp-json\/wp\/v2\/product_tag?post=13152"}],"curies":[{"name":"wp","href":"https:\/\/api.w.org\/{rel}","templated":true}]}}