{"id":13155,"date":"2025-06-11T00:16:05","date_gmt":"2025-06-11T06:16:05","guid":{"rendered":"https:\/\/groomluxuryvetcr.com\/?post_type=product&#038;p=13155"},"modified":"2025-06-13T15:33:12","modified_gmt":"2025-06-13T21:33:12","slug":"cefalexina-p-a-comp-over-500mg","status":"publish","type":"product","link":"https:\/\/groomluxuryvetcr.com\/en\/product\/cefalexina-p-a-comp-over-500mg\/","title":{"rendered":"CEFALEXINA P.A.COMP OVER 500MG"},"content":{"rendered":"<p><span data-sheets-root=\"1\">Tratamiento y prevenci\u00f3n de infecciones de piel, tejidos blandos, osteoarticulares, otitis (con t\u00edmpano perforado), v\u00edas respiratorias y genitourinarias.<\/span><\/p>","protected":false},"excerpt":{"rendered":"<p>\ud83d\udc8a\ud83d\udc3e <strong data-start=\"109\" data-end=\"158\">Cefalexina 500mg \u2013 Defensa contra infecciones<\/strong><br data-start=\"158\" data-end=\"161\" \/>Antibi\u00f3tico de amplio espectro para el tratamiento y prevenci\u00f3n de <strong data-start=\"228\" data-end=\"315\">infecciones en piel, tejidos blandos, huesos, o\u00eddos, v\u00edas respiratorias y urinarias<\/strong> \ud83d\udee1\ufe0f. Ideal para mantener a tu mascota protegida y saludable \ud83d\udc36\ud83d\udc31\u2764\ufe0f.<\/p>","protected":false},"featured_media":13156,"comment_status":"open","ping_status":"closed","template":"","meta":{"content-type":""},"product_brand":[125],"product_cat":[41,15,43,55,56,57],"product_tag":[],"class_list":{"0":"post-13155","1":"product","2":"type-product","3":"status-publish","4":"has-post-thumbnail","6":"product_brand-unimedical","7":"product_cat-gatos","8":"product_cat-general","9":"product_cat-perros","10":"product_cat-salud-y-bienestar","11":"product_cat-salud-y-bienestar-perros","12":"product_cat-salud-y-bienestar-gatos","14":"first","15":"instock","16":"taxable","17":"shipping-taxable","18":"purchasable","19":"product-type-simple"},"_links":{"self":[{"href":"https:\/\/groomluxuryvetcr.com\/en\/wp-json\/wp\/v2\/product\/13155","targetHints":{"allow":["GET"]}}],"collection":[{"href":"https:\/\/groomluxuryvetcr.com\/en\/wp-json\/wp\/v2\/product"}],"about":[{"href":"https:\/\/groomluxuryvetcr.com\/en\/wp-json\/wp\/v2\/types\/product"}],"replies":[{"embeddable":true,"href":"https:\/\/groomluxuryvetcr.com\/en\/wp-json\/wp\/v2\/comments?post=13155"}],"version-history":[{"count":1,"href":"https:\/\/groomluxuryvetcr.com\/en\/wp-json\/wp\/v2\/product\/13155\/revisions"}],"predecessor-version":[{"id":13157,"href":"https:\/\/groomluxuryvetcr.com\/en\/wp-json\/wp\/v2\/product\/13155\/revisions\/13157"}],"wp:featuredmedia":[{"embeddable":true,"href":"https:\/\/groomluxuryvetcr.com\/en\/wp-json\/wp\/v2\/media\/13156"}],"wp:attachment":[{"href":"https:\/\/groomluxuryvetcr.com\/en\/wp-json\/wp\/v2\/media?parent=13155"}],"wp:term":[{"taxonomy":"product_brand","embeddable":true,"href":"https:\/\/groomluxuryvetcr.com\/en\/wp-json\/wp\/v2\/product_brand?post=13155"},{"taxonomy":"product_cat","embeddable":true,"href":"https:\/\/groomluxuryvetcr.com\/en\/wp-json\/wp\/v2\/product_cat?post=13155"},{"taxonomy":"product_tag","embeddable":true,"href":"https:\/\/groomluxuryvetcr.com\/en\/wp-json\/wp\/v2\/product_tag?post=13155"}],"curies":[{"name":"wp","href":"https:\/\/api.w.org\/{rel}","templated":true}]}}