{"id":13572,"date":"2025-10-09T16:40:49","date_gmt":"2025-10-09T22:40:49","guid":{"rendered":"https:\/\/groomluxuryvetcr.com\/?post_type=product&#038;p=13572"},"modified":"2025-10-09T16:40:50","modified_gmt":"2025-10-09T22:40:50","slug":"harness-ajustable-rosa-l","status":"publish","type":"product","link":"https:\/\/groomluxuryvetcr.com\/en\/product\/harness-ajustable-rosa-l\/","title":{"rendered":"HARNESS AJUSTABLE ROSA L"},"content":{"rendered":"<pre class=\"tw-data-text tw-text-large tw-ta\" dir=\"ltr\" tabindex=\"-1\" role=\"text\" data-placeholder=\"Traducci\u00f3n\" data-ved=\"2ahUKEwiDyePnkJiQAxXwQzABHaSIFp0Q3ewLegQIDBAV\" aria-label=\"Texto traducido: El arn\u00e9s de malla de aire ajustable Error # 502 es un arn\u00e9s de pecho ligero y transpirable, suave con el pelaje y totalmente ajustable alrededor del cuello y la cincha. Perteneciente a la colecci\u00f3n Glitch, este arn\u00e9s para perros cuenta con una hebilla resistente y robusta, y una anilla en D para correa.\"><span class=\"Y2IQFc\" lang=\"es\">El arn\u00e9s de malla de aire ajustable es un arn\u00e9s de pecho ligero y transpirable, \r\nsuave con el pelaje y totalmente ajustable alrededor del cuello y la cincha. \r\nPerteneciente a la colecci\u00f3n Glitch, este arn\u00e9s para perros cuenta con una hebilla resistente y robusta,\r\ny una anilla en D para correa.\r\n<\/span><\/pre>\n<div id=\"tw-container\" class=\"nev7se\" data-cp=\"1\" data-nnttsvi=\"1\" data-sletp=\"false\" data-sm=\"1\" data-ssbp=\"true\" data-sugg-time=\"500\" data-sugg-url=\"https:\/\/clients1.google.com\/complete\/search\" data-uilc=\"es-419\" data-vil=\",af,af-ZA,am,am-ET,ar-EG,ar-AE,ar-KW,ar-QA,ar,ar-IL,ar-JO,ar-LB,ar-PS,az,az-AZ,bg,bg-BG,bn,bn-BD,bn-IN,ca,ca-es,cs,cs-CZ,de,de-DE,de-CH,de-AT,de-LI,en,en-US,en-CA,en-AU,en-NZ,en-GB,en-IN,en-KE,en-TZ,en-NG,en-GH,en-PH,en-ZA,es,es-ES,es-AR,es-UY,es-419,es-BO,es-CL,es-CR,es-CO,es-DO,es-EC,es-GT,es-HN,es-NI,es-PA,es-PE,es-PR,es-PY,es-SV,es-VE,es-MX,es-US,eu,eu-ES,fi,fi-FI,fr,fr-FR,fr-CH,fr-BE,gl,gl-ES,gu,gu-IN,he,he-IL,iw,iw-IL,hu,hu-HU,hy,hy-AM,id,id-ID,is,is-IS,it,it-IT,it-CH,ja,ja-JP,jv,jv-ID,ka,ka-GE,km,km-KH,kn,kn-IN,ko,ko-KR,la,lo,lo-LA,lv,lv-LV,ml,ml-IN,mr,mr-IN,ms,ms-MY,nl,nl-NL,nb,nb-NO,ne,ne-NP,pl,pl-PL,pt,pt-BR,pt-PT,ro,ro-RO,ru,ru-RU,si-LK,sk,sk-SK,sr,sr-RS,su,su-ID,sv,sv-SE,sw,sw-TZ,sw-KE,ta,ta-IN,ta-SG,ta-LK,ta-MY,te,te-IN,tr,tr-TR,ur,ur-PK,ur-IN,yue,yue-HK,yue-Hant-HK,zh-HK,zh,zh-CN,zh-cmn,zh-cmn-CN,zh-Hans,zh-Hans-CN,zh-cmn-Hans,zh-cmn-Hans-CN,cmn-CN,cmn-Hans,cmn-Hans-CN,zh-TW,zh-Hant-TW,cmn-TW,cmn-Hant-TW,zh-cmn-TW,zh-cmn-Hant-TW,zu,zu-ZA,hi,hi-IN,tl,tl-PH,pa,pa-IN\">\n<div>\n<div>\n<div id=\"tw-ob\" class=\"tw-src-ltr\">\n<div class=\"oSioSc\">\n<div id=\"tw-target\">\n<div id=\"kAz1tf\" class=\"g9WsWb PZPZlf\" data-attrid=\"tw-targetArea\" data-entityname=\"Google Translate\">\n<div id=\"tw-target-text-container\" class=\"tw-ta-container tw-nfl\" tabindex=\"0\" role=\"text\">\n<pre id=\"tw-target-text\" class=\"tw-data-text tw-text-large tw-ta\" dir=\"ltr\" tabindex=\"-1\" role=\"text\" data-placeholder=\"Traducci\u00f3n\" data-ved=\"2ahUKEwiDyePnkJiQAxXwQzABHaSIFp0Q3ewLegQIDBAV\" aria-label=\"Texto traducido: Hecho de malla duradera y de primera calidad, este arn\u00e9s ajustable de malla de aire mantiene a tu perro fresco y ventilado. Tacto s\u00faper suave para mayor comodidad. Ajustable alrededor del cuello y el vientre para un ajuste perfecto. La hebilla est\u00e1 construida con un sistema de bloqueo de 4 puntos para mayor seguridad.\"><span class=\"Y2IQFc\" lang=\"es\">Hecho de malla duradera y de primera calidad, este arn\u00e9s ajustable de malla de aire mantiene a tu perro fresco y ventilado.\r\nTacto s\u00faper suave para mayor comodidad.\r\nAjustable alrededor del cuello y el vientre para un ajuste perfecto.\r\nLa hebilla est\u00e1 construida con un sistema de bloqueo de 4 puntos para mayor seguridad.<\/span><\/pre>\n<\/div>\n<div id=\"tw-target-rmn-container\" class=\"tw-target-rmn tw-ta-container tw-nfl\" tabindex=\"-1\" role=\"text\">\n<pre id=\"tw-target-rmn\" class=\"tw-data-placeholder tw-text-small tw-ta\" dir=\"ltr\" tabindex=\"-1\" role=\"text\" data-placeholder=\"\"><\/pre>\n<\/div>\n<div class=\"iYB33c\">\n<div id=\"tw-tmenu\" class=\"tw-menu\"><\/div>\n<\/div>\n<\/div>\n<\/div>\n<\/div>\n<\/div>\n<div id=\"tw-images\"><\/div>\n<div class=\"dURPtb\"><\/div>\n<div>\n<div><\/div>\n<\/div>\n<\/div>\n<\/div>\n<\/div>\n<div class=\"KFFQ0c xKf9F\"><\/div>\n<pre id=\"tw-target-text\" class=\"tw-data-text tw-text-large tw-ta\" dir=\"ltr\" tabindex=\"-1\" role=\"text\" data-placeholder=\"Traducci\u00f3n\" data-ved=\"2ahUKEwiDyePnkJiQAxXwQzABHaSIFp0Q3ewLegQIDBAV\" aria-label=\"Texto traducido: El arn\u00e9s de malla de aire ajustable Error # 502 es un arn\u00e9s de pecho ligero y transpirable, suave con el pelaje y totalmente ajustable alrededor del cuello y la cincha. Perteneciente a la colecci\u00f3n Glitch, este arn\u00e9s para perros cuenta con una hebilla resistente y robusta, y una anilla en D para correa.\"><span class=\"Y2IQFc\" lang=\"es\">\u00a0<\/span><\/pre>","protected":false},"excerpt":{"rendered":"<p><span class=\"Y2IQFc\" lang=\"es\">El arn\u00e9s de malla de aire ajustable es un arn\u00e9s de pecho ligero y transpirable,<br \/>\nsuave con el pelaje y totalmente ajustable alrededor del cuello y la cincha.<\/span><\/p>","protected":false},"featured_media":13565,"comment_status":"open","ping_status":"closed","template":"","meta":{"content-type":""},"product_brand":[142],"product_cat":[15],"product_tag":[],"class_list":{"0":"post-13572","1":"product","2":"type-product","3":"status-publish","4":"has-post-thumbnail","6":"product_brand-zeedog","7":"product_cat-general","9":"first","10":"instock","11":"taxable","12":"shipping-taxable","13":"purchasable","14":"product-type-simple"},"_links":{"self":[{"href":"https:\/\/groomluxuryvetcr.com\/en\/wp-json\/wp\/v2\/product\/13572","targetHints":{"allow":["GET"]}}],"collection":[{"href":"https:\/\/groomluxuryvetcr.com\/en\/wp-json\/wp\/v2\/product"}],"about":[{"href":"https:\/\/groomluxuryvetcr.com\/en\/wp-json\/wp\/v2\/types\/product"}],"replies":[{"embeddable":true,"href":"https:\/\/groomluxuryvetcr.com\/en\/wp-json\/wp\/v2\/comments?post=13572"}],"version-history":[{"count":1,"href":"https:\/\/groomluxuryvetcr.com\/en\/wp-json\/wp\/v2\/product\/13572\/revisions"}],"predecessor-version":[{"id":13573,"href":"https:\/\/groomluxuryvetcr.com\/en\/wp-json\/wp\/v2\/product\/13572\/revisions\/13573"}],"wp:featuredmedia":[{"embeddable":true,"href":"https:\/\/groomluxuryvetcr.com\/en\/wp-json\/wp\/v2\/media\/13565"}],"wp:attachment":[{"href":"https:\/\/groomluxuryvetcr.com\/en\/wp-json\/wp\/v2\/media?parent=13572"}],"wp:term":[{"taxonomy":"product_brand","embeddable":true,"href":"https:\/\/groomluxuryvetcr.com\/en\/wp-json\/wp\/v2\/product_brand?post=13572"},{"taxonomy":"product_cat","embeddable":true,"href":"https:\/\/groomluxuryvetcr.com\/en\/wp-json\/wp\/v2\/product_cat?post=13572"},{"taxonomy":"product_tag","embeddable":true,"href":"https:\/\/groomluxuryvetcr.com\/en\/wp-json\/wp\/v2\/product_tag?post=13572"}],"curies":[{"name":"wp","href":"https:\/\/api.w.org\/{rel}","templated":true}]}}