{"id":13574,"date":"2025-10-09T16:57:38","date_gmt":"2025-10-09T22:57:38","guid":{"rendered":"https:\/\/groomluxuryvetcr.com\/?post_type=product&#038;p=13574"},"modified":"2025-10-09T16:57:39","modified_gmt":"2025-10-09T22:57:39","slug":"collar-para-perro-s","status":"publish","type":"product","link":"https:\/\/groomluxuryvetcr.com\/en\/product\/collar-para-perro-s\/","title":{"rendered":"COLLAR PARA PERRO S"},"content":{"rendered":"<pre id=\"tw-target-text\" class=\"tw-data-text tw-text-large tw-ta\" dir=\"ltr\" tabindex=\"-1\" role=\"text\" data-placeholder=\"Traducci\u00f3n\" data-ved=\"2ahUKEwi1rcmPm5iQAxUCRjABHWmSIOAQ3ewLegQIDBAV\" aria-label=\"Texto traducido: El collar Error #410 es totalmente ajustable para perros de la colecci\u00f3n Glitch. Fabricado en poli\u00e9ster duradero y ultrasuave, es delicado con el pelaje y ofrece una larga duraci\u00f3n. Su textura suave garantiza comodidad durante todo el d\u00eda, ya sea que tu perro salga de paseo o est\u00e9 descansando en casa.La hebilla lateral reforzada cuenta con un mecanismo de doble cierre para mayor seguridad. Totalmente ajustable para un ajuste perfecto, este collar est\u00e1 dise\u00f1ado para combinar estilo y funcionalidad.\"><span class=\"Y2IQFc\" lang=\"es\">El collar Error #410 es totalmente ajustable para perros de la colecci\u00f3n Glitch. \r\nFabricado en poli\u00e9ster duradero y ultrasuave, es delicado con el pelaje y ofrece una larga duraci\u00f3n. \r\nSu textura suave garantiza comodidad durante todo el d\u00eda, ya sea que tu perro salga de paseo o est\u00e9 descansando\r\nen casa.\r\n\r\nLa hebilla lateral reforzada cuenta con un mecanismo de doble cierre para mayor seguridad. \r\nTotalmente ajustable para un ajuste perfecto, este collar est\u00e1 dise\u00f1ado para combinar estilo y funcionalidad.<\/span><\/pre>\n<pre id=\"tw-target-text\" class=\"tw-data-text tw-text-large tw-ta\" dir=\"ltr\" tabindex=\"-1\" role=\"text\" data-placeholder=\"Traducci\u00f3n\" data-ved=\"2ahUKEwi1rcmPm5iQAxUCRjABHWmSIOAQ3ewLegQIDBAV\" aria-label=\"Texto traducido: Hecho de poli\u00e9ster suave pero resistente para un collar c\u00f3modo y duradero.Collar f\u00e1cil de limpiar para uso diario.Collar totalmente ajustable para un ajuste personalizado.Hebilla resistente con sistema de bloqueo de 4 puntos para una experiencia segura.Anillo en D resistente para una sujeci\u00f3n segura de la correa.\"><span class=\"Y2IQFc\" lang=\"es\">Hecho de poli\u00e9ster suave pero resistente para un collar c\u00f3modo y duradero.\r\nCollar f\u00e1cil de limpiar para uso diario.\r\nCollar totalmente ajustable para un ajuste personalizado.\r\nHebilla resistente con sistema de bloqueo de 4 puntos para una experiencia segura.\r\nAnillo en D resistente para una sujeci\u00f3n segura de la correa.<\/span><\/pre>","protected":false},"excerpt":{"rendered":"<p><span class=\"Y2IQFc\" lang=\"es\">El collar Error #410 es totalmente ajustable para perros de la colecci\u00f3n Glitch.<br \/>\nFabricado en poli\u00e9ster duradero y ultrasuave, es delicado con el pelaje y ofrece una larga duraci\u00f3n.<br \/>\nSu textura suave garantiza comodidad durante todo el d\u00eda, ya sea que tu perro salga de paseo o est\u00e9 descansando<br \/>\nen casa.<\/span><\/p>","protected":false},"featured_media":13575,"comment_status":"open","ping_status":"closed","template":"","meta":{"content-type":""},"product_brand":[142],"product_cat":[85],"product_tag":[],"class_list":{"0":"post-13574","1":"product","2":"type-product","3":"status-publish","4":"has-post-thumbnail","6":"product_brand-zeedog","7":"product_cat-juguetes-y-accesorios-perros","9":"first","10":"instock","11":"taxable","12":"shipping-taxable","13":"purchasable","14":"product-type-simple"},"_links":{"self":[{"href":"https:\/\/groomluxuryvetcr.com\/en\/wp-json\/wp\/v2\/product\/13574","targetHints":{"allow":["GET"]}}],"collection":[{"href":"https:\/\/groomluxuryvetcr.com\/en\/wp-json\/wp\/v2\/product"}],"about":[{"href":"https:\/\/groomluxuryvetcr.com\/en\/wp-json\/wp\/v2\/types\/product"}],"replies":[{"embeddable":true,"href":"https:\/\/groomluxuryvetcr.com\/en\/wp-json\/wp\/v2\/comments?post=13574"}],"version-history":[{"count":2,"href":"https:\/\/groomluxuryvetcr.com\/en\/wp-json\/wp\/v2\/product\/13574\/revisions"}],"predecessor-version":[{"id":13581,"href":"https:\/\/groomluxuryvetcr.com\/en\/wp-json\/wp\/v2\/product\/13574\/revisions\/13581"}],"wp:featuredmedia":[{"embeddable":true,"href":"https:\/\/groomluxuryvetcr.com\/en\/wp-json\/wp\/v2\/media\/13575"}],"wp:attachment":[{"href":"https:\/\/groomluxuryvetcr.com\/en\/wp-json\/wp\/v2\/media?parent=13574"}],"wp:term":[{"taxonomy":"product_brand","embeddable":true,"href":"https:\/\/groomluxuryvetcr.com\/en\/wp-json\/wp\/v2\/product_brand?post=13574"},{"taxonomy":"product_cat","embeddable":true,"href":"https:\/\/groomluxuryvetcr.com\/en\/wp-json\/wp\/v2\/product_cat?post=13574"},{"taxonomy":"product_tag","embeddable":true,"href":"https:\/\/groomluxuryvetcr.com\/en\/wp-json\/wp\/v2\/product_tag?post=13574"}],"curies":[{"name":"wp","href":"https:\/\/api.w.org\/{rel}","templated":true}]}}