{"id":13600,"date":"2025-10-10T11:14:53","date_gmt":"2025-10-10T17:14:53","guid":{"rendered":"https:\/\/groomluxuryvetcr.com\/?post_type=product&#038;p=13600"},"modified":"2025-10-10T11:14:55","modified_gmt":"2025-10-10T17:14:55","slug":"ownat-classic-lihgt-4kg","status":"publish","type":"product","link":"https:\/\/groomluxuryvetcr.com\/en\/product\/ownat-classic-lihgt-4kg\/","title":{"rendered":"OWNAT CLASSIC LIHGT 4KG"},"content":{"rendered":"<p>Alimento para perro de 4 kg, La caracter\u00edstica que hace de la gama Classic una opci\u00f3n distinta y \u00fanica en el segmento premium es la incorporaci\u00f3n de aut\u00e9ntica carne fresca y de ingredientes naturales en sus recetas. Algo hasta ahora reservado \u00fanicamente a gamas superiores de precios m\u00e1s elevados y que Ownat quiere hacer m\u00e1s accesible, para que as\u00ed puedas dar siempre la mejor alimentaci\u00f3n a tu mascota.<\/p>\n<p>Ingredientes Naturales<\/p>","protected":false},"excerpt":{"rendered":"<p>Alimento para perro 4 kg OWNAT clasic light<\/p>","protected":false},"featured_media":13601,"comment_status":"open","ping_status":"closed","template":"","meta":{"content-type":""},"product_brand":[],"product_cat":[54,47],"product_tag":[],"class_list":{"0":"post-13600","1":"product","2":"type-product","3":"status-publish","4":"has-post-thumbnail","6":"product_cat-alimentos-general","7":"product_cat-alimentos","9":"first","10":"instock","11":"taxable","12":"shipping-taxable","13":"purchasable","14":"product-type-simple"},"_links":{"self":[{"href":"https:\/\/groomluxuryvetcr.com\/en\/wp-json\/wp\/v2\/product\/13600","targetHints":{"allow":["GET"]}}],"collection":[{"href":"https:\/\/groomluxuryvetcr.com\/en\/wp-json\/wp\/v2\/product"}],"about":[{"href":"https:\/\/groomluxuryvetcr.com\/en\/wp-json\/wp\/v2\/types\/product"}],"replies":[{"embeddable":true,"href":"https:\/\/groomluxuryvetcr.com\/en\/wp-json\/wp\/v2\/comments?post=13600"}],"version-history":[{"count":1,"href":"https:\/\/groomluxuryvetcr.com\/en\/wp-json\/wp\/v2\/product\/13600\/revisions"}],"predecessor-version":[{"id":13604,"href":"https:\/\/groomluxuryvetcr.com\/en\/wp-json\/wp\/v2\/product\/13600\/revisions\/13604"}],"wp:featuredmedia":[{"embeddable":true,"href":"https:\/\/groomluxuryvetcr.com\/en\/wp-json\/wp\/v2\/media\/13601"}],"wp:attachment":[{"href":"https:\/\/groomluxuryvetcr.com\/en\/wp-json\/wp\/v2\/media?parent=13600"}],"wp:term":[{"taxonomy":"product_brand","embeddable":true,"href":"https:\/\/groomluxuryvetcr.com\/en\/wp-json\/wp\/v2\/product_brand?post=13600"},{"taxonomy":"product_cat","embeddable":true,"href":"https:\/\/groomluxuryvetcr.com\/en\/wp-json\/wp\/v2\/product_cat?post=13600"},{"taxonomy":"product_tag","embeddable":true,"href":"https:\/\/groomluxuryvetcr.com\/en\/wp-json\/wp\/v2\/product_tag?post=13600"}],"curies":[{"name":"wp","href":"https:\/\/api.w.org\/{rel}","templated":true}]}}