{"id":13789,"date":"2025-11-17T07:55:13","date_gmt":"2025-11-17T13:55:13","guid":{"rendered":"https:\/\/groomluxuryvetcr.com\/?post_type=product&#038;p=13789"},"modified":"2025-11-17T07:55:14","modified_gmt":"2025-11-17T13:55:14","slug":"nutri-source-puppy-small-breed-1-8kg","status":"publish","type":"product","link":"https:\/\/groomluxuryvetcr.com\/en\/product\/nutri-source-puppy-small-breed-1-8kg\/","title":{"rendered":"NUTRI SOURCE PUPPY SMALL BREED 1.8KG"},"content":{"rendered":"<p>Las f\u00f3rmulas que incluyen granos NutriSource\u00ae brindan una nutrici\u00f3n compacta e incluyen prebi\u00f3ticos y probi\u00f3ticos para ayudar a mantener un intestino saludable.<\/p>\n<p>Los \u00e1cidos grasos Omega-3 y Omega-6 equilibrados junto con L-Carnitina, taurina, cloruro de colina y suplementos de DL Metionina para promover la salud del coraz\u00f3n hacen que las f\u00f3rmulas que incluyen granos de NutriSource\u00ae se destaquen.<\/p>","protected":false},"excerpt":{"rendered":"<p>Las f\u00f3rmulas que incluyen granos NutriSource\u00ae brindan una nutrici\u00f3n compacta e incluyen prebi\u00f3ticos y probi\u00f3ticos para ayudar a mantener un intestino saludable. Los \u00e1cidos grasos Omega-3 y Omega-6 equilibrados junto con L-Carnitina, taurina, cloruro de colina y suplementos de DL Metionina para promover la salud del coraz\u00f3n hacen que las f\u00f3rmulas que incluyen granos de [&hellip;]<\/p>\n","protected":false},"featured_media":13910,"comment_status":"open","ping_status":"closed","template":"","meta":{"content-type":""},"product_brand":[146],"product_cat":[54],"product_tag":[],"class_list":{"0":"post-13789","1":"product","2":"type-product","3":"status-publish","4":"has-post-thumbnail","6":"product_brand-nutri-source","7":"product_cat-alimentos-general","9":"first","10":"instock","11":"taxable","12":"shipping-taxable","13":"purchasable","14":"product-type-simple"},"_links":{"self":[{"href":"https:\/\/groomluxuryvetcr.com\/en\/wp-json\/wp\/v2\/product\/13789","targetHints":{"allow":["GET"]}}],"collection":[{"href":"https:\/\/groomluxuryvetcr.com\/en\/wp-json\/wp\/v2\/product"}],"about":[{"href":"https:\/\/groomluxuryvetcr.com\/en\/wp-json\/wp\/v2\/types\/product"}],"replies":[{"embeddable":true,"href":"https:\/\/groomluxuryvetcr.com\/en\/wp-json\/wp\/v2\/comments?post=13789"}],"version-history":[{"count":0,"href":"https:\/\/groomluxuryvetcr.com\/en\/wp-json\/wp\/v2\/product\/13789\/revisions"}],"wp:featuredmedia":[{"embeddable":true,"href":"https:\/\/groomluxuryvetcr.com\/en\/wp-json\/wp\/v2\/media\/13910"}],"wp:attachment":[{"href":"https:\/\/groomluxuryvetcr.com\/en\/wp-json\/wp\/v2\/media?parent=13789"}],"wp:term":[{"taxonomy":"product_brand","embeddable":true,"href":"https:\/\/groomluxuryvetcr.com\/en\/wp-json\/wp\/v2\/product_brand?post=13789"},{"taxonomy":"product_cat","embeddable":true,"href":"https:\/\/groomluxuryvetcr.com\/en\/wp-json\/wp\/v2\/product_cat?post=13789"},{"taxonomy":"product_tag","embeddable":true,"href":"https:\/\/groomluxuryvetcr.com\/en\/wp-json\/wp\/v2\/product_tag?post=13789"}],"curies":[{"name":"wp","href":"https:\/\/api.w.org\/{rel}","templated":true}]}}