{"id":13847,"date":"2025-11-24T14:39:08","date_gmt":"2025-11-24T20:39:08","guid":{"rendered":"https:\/\/groomluxuryvetcr.com\/?post_type=product&#038;p=13847"},"modified":"2026-02-14T17:56:59","modified_gmt":"2026-02-14T23:56:59","slug":"artritabs-60-tabs","status":"publish","type":"product","link":"https:\/\/groomluxuryvetcr.com\/en\/product\/artritabs-60-tabs\/","title":{"rendered":"ARTRITABS 60 TABS"},"content":{"rendered":"<p>Artri-Tabs\u00ae\u00a0ayuda a mantener las articulaciones lubricadas, reduce notablemente la inflamaci\u00f3n e incrementa la movilidad. Alivia el dolor y los s\u00edntomas causados por la artritis y displasia de cadera. Ayuda en el tratamiento de discopat\u00edas y promueve una pronta recuperaci\u00f3n luego de cirug\u00edas ortop\u00e9dicas.<\/p>\n<p>Frasco con 60 Tabletas<\/p>","protected":false},"excerpt":{"rendered":"<p>Artri-Tabs\u00ae\u00a0ayuda a mantener las articulaciones lubricadas, reduce notablemente la inflamaci\u00f3n e incrementa la movilidad. Alivia el dolor y los s\u00edntomas causados por la artritis y displasia de cadera. Ayuda en el tratamiento de discopat\u00edas y promueve una pronta recuperaci\u00f3n luego de cirug\u00edas ortop\u00e9dicas. Frasco con 60 Tabletas<\/p>","protected":false},"featured_media":13910,"comment_status":"open","ping_status":"closed","template":"","meta":{"content-type":""},"product_brand":[148],"product_cat":[55],"product_tag":[],"class_list":{"0":"post-13847","1":"product","2":"type-product","3":"status-publish","4":"has-post-thumbnail","6":"product_brand-interfarma","7":"product_cat-salud-y-bienestar","9":"first","10":"instock","11":"taxable","12":"shipping-taxable","13":"purchasable","14":"product-type-simple"},"_links":{"self":[{"href":"https:\/\/groomluxuryvetcr.com\/en\/wp-json\/wp\/v2\/product\/13847","targetHints":{"allow":["GET"]}}],"collection":[{"href":"https:\/\/groomluxuryvetcr.com\/en\/wp-json\/wp\/v2\/product"}],"about":[{"href":"https:\/\/groomluxuryvetcr.com\/en\/wp-json\/wp\/v2\/types\/product"}],"replies":[{"embeddable":true,"href":"https:\/\/groomluxuryvetcr.com\/en\/wp-json\/wp\/v2\/comments?post=13847"}],"version-history":[{"count":0,"href":"https:\/\/groomluxuryvetcr.com\/en\/wp-json\/wp\/v2\/product\/13847\/revisions"}],"wp:featuredmedia":[{"embeddable":true,"href":"https:\/\/groomluxuryvetcr.com\/en\/wp-json\/wp\/v2\/media\/13910"}],"wp:attachment":[{"href":"https:\/\/groomluxuryvetcr.com\/en\/wp-json\/wp\/v2\/media?parent=13847"}],"wp:term":[{"taxonomy":"product_brand","embeddable":true,"href":"https:\/\/groomluxuryvetcr.com\/en\/wp-json\/wp\/v2\/product_brand?post=13847"},{"taxonomy":"product_cat","embeddable":true,"href":"https:\/\/groomluxuryvetcr.com\/en\/wp-json\/wp\/v2\/product_cat?post=13847"},{"taxonomy":"product_tag","embeddable":true,"href":"https:\/\/groomluxuryvetcr.com\/en\/wp-json\/wp\/v2\/product_tag?post=13847"}],"curies":[{"name":"wp","href":"https:\/\/api.w.org\/{rel}","templated":true}]}}