{"id":13944,"date":"2025-11-29T18:39:45","date_gmt":"2025-11-30T00:39:45","guid":{"rendered":"https:\/\/groomluxuryvetcr.com\/?post_type=product&#038;p=13944"},"modified":"2025-11-29T18:39:46","modified_gmt":"2025-11-30T00:39:46","slug":"baxidin-spray-120ml","status":"publish","type":"product","link":"https:\/\/groomluxuryvetcr.com\/en\/product\/baxidin-spray-120ml\/","title":{"rendered":"BAXIDIN SPRAY 120ML"},"content":{"rendered":"<ul>\n<li>Gracias a su base acuosa no irrita la piel.<\/li>\n<li>Efecto bactericida altamente efectivo a\u00fan en presencia de material org\u00e1nico, sangre, suero, pus o tejido necr\u00f3tico.<\/li>\n<li>Se puede utilizar como antis\u00e9ptico con seguridad y sin irritar, a\u00fan sobre mucosas, heridas y ulceraciones de la piel.<\/li>\n<\/ul>","protected":false},"excerpt":{"rendered":"<p>Gracias a su base acuosa no irrita la piel. Efecto bactericida altamente efectivo a\u00fan en presencia de material org\u00e1nico, sangre, suero, pus o tejido necr\u00f3tico. Se puede utilizar como antis\u00e9ptico con seguridad y sin irritar, a\u00fan sobre mucosas, heridas y ulceraciones de la piel.<\/p>","protected":false},"featured_media":13910,"comment_status":"open","ping_status":"closed","template":"","meta":{"content-type":""},"product_brand":[],"product_cat":[55],"product_tag":[],"class_list":{"0":"post-13944","1":"product","2":"type-product","3":"status-publish","4":"has-post-thumbnail","6":"product_cat-salud-y-bienestar","8":"first","9":"instock","10":"taxable","11":"shipping-taxable","12":"purchasable","13":"product-type-simple"},"_links":{"self":[{"href":"https:\/\/groomluxuryvetcr.com\/en\/wp-json\/wp\/v2\/product\/13944","targetHints":{"allow":["GET"]}}],"collection":[{"href":"https:\/\/groomluxuryvetcr.com\/en\/wp-json\/wp\/v2\/product"}],"about":[{"href":"https:\/\/groomluxuryvetcr.com\/en\/wp-json\/wp\/v2\/types\/product"}],"replies":[{"embeddable":true,"href":"https:\/\/groomluxuryvetcr.com\/en\/wp-json\/wp\/v2\/comments?post=13944"}],"version-history":[{"count":0,"href":"https:\/\/groomluxuryvetcr.com\/en\/wp-json\/wp\/v2\/product\/13944\/revisions"}],"wp:featuredmedia":[{"embeddable":true,"href":"https:\/\/groomluxuryvetcr.com\/en\/wp-json\/wp\/v2\/media\/13910"}],"wp:attachment":[{"href":"https:\/\/groomluxuryvetcr.com\/en\/wp-json\/wp\/v2\/media?parent=13944"}],"wp:term":[{"taxonomy":"product_brand","embeddable":true,"href":"https:\/\/groomluxuryvetcr.com\/en\/wp-json\/wp\/v2\/product_brand?post=13944"},{"taxonomy":"product_cat","embeddable":true,"href":"https:\/\/groomluxuryvetcr.com\/en\/wp-json\/wp\/v2\/product_cat?post=13944"},{"taxonomy":"product_tag","embeddable":true,"href":"https:\/\/groomluxuryvetcr.com\/en\/wp-json\/wp\/v2\/product_tag?post=13944"}],"curies":[{"name":"wp","href":"https:\/\/api.w.org\/{rel}","templated":true}]}}