{"id":14309,"date":"2026-02-15T10:15:59","date_gmt":"2026-02-15T16:15:59","guid":{"rendered":"https:\/\/groomluxuryvetcr.com\/?post_type=product&#038;p=14309"},"modified":"2026-02-15T10:16:00","modified_gmt":"2026-02-15T16:16:00","slug":"natsbi-steamed-chicken","status":"publish","type":"product","link":"https:\/\/groomluxuryvetcr.com\/en\/product\/natsbi-steamed-chicken\/","title":{"rendered":"NATSBI STEAMED CHICKEN"},"content":{"rendered":"<div class=\"flex flex-col text-sm pb-25\">\n<article class=\"text-token-text-primary w-full focus:outline-none [--shadow-height:45px] has-data-writing-block:pointer-events-none has-data-writing-block:-mt-(--shadow-height) has-data-writing-block:pt-(--shadow-height) [&amp;:has([data-writing-block])&gt;*]:pointer-events-auto scroll-mt-[calc(var(--header-height)+min(200px,max(70px,20svh)))]\" dir=\"auto\" tabindex=\"-1\" data-turn-id=\"request-WEB:03e74b9e-2c21-4500-8db1-c0c9681190ee-1\" data-testid=\"conversation-turn-4\" data-scroll-anchor=\"true\" data-turn=\"assistant\">\n<div class=\"text-base my-auto mx-auto pb-10 [--thread-content-margin:--spacing(4)] @w-sm\/main:[--thread-content-margin:--spacing(6)] @w-lg\/main:[--thread-content-margin:--spacing(16)] px-(--thread-content-margin)\">\n<div class=\"[--thread-content-max-width:40rem] @w-lg\/main:[--thread-content-max-width:48rem] mx-auto max-w-(--thread-content-max-width) flex-1 group\/turn-messages focus-visible:outline-hidden relative flex w-full min-w-0 flex-col agent-turn\" tabindex=\"-1\">\n<div class=\"flex max-w-full flex-col grow\">\n<div class=\"min-h-8 text-message relative flex w-full flex-col items-end gap-2 text-start break-words whitespace-normal [.text-message+&amp;]:mt-1\" dir=\"auto\" data-message-author-role=\"assistant\" data-message-id=\"de50f9fd-ed10-4aba-a404-dca1b9d10532\" data-message-model-slug=\"gpt-5-2\">\n<div class=\"flex w-full flex-col gap-1 empty:hidden first:pt-[1px]\">\n<div class=\"markdown prose dark:prose-invert w-full wrap-break-word dark markdown-new-styling\">\n<h2 data-start=\"0\" data-end=\"70\">\ud83d\udc36 Natsbi Steamed Chicken \u2013 Alimentaci\u00f3n h\u00fameda premium para perros<\/h2>\n<p data-start=\"72\" data-end=\"389\"><strong data-start=\"72\" data-end=\"98\">Natsbi Steamed Chicken<\/strong> es un alimento h\u00famedo de alta gama para perros, elaborado con <strong data-start=\"161\" data-end=\"188\">85%-90% de pollo fresco<\/strong> y cocinado al vapor para conservar al m\u00e1ximo los nutrientes y el sabor natural. No contiene conservantes artificiales ni aditivos, ofreciendo una nutrici\u00f3n equilibrada, natural y altamente digestible.<\/p>\n<h3 data-start=\"391\" data-end=\"426\">\ud83d\udd39 Caracter\u00edsticas principales:<\/h3>\n<ul data-start=\"427\" data-end=\"1027\">\n<li data-start=\"427\" data-end=\"565\">\n<p data-start=\"429\" data-end=\"565\"><strong data-start=\"429\" data-end=\"446\">Ingredientes:<\/strong> Pollo fresco de alta calidad (85%-90%), combinado con verduras naturales como patata, zanahoria, jud\u00edas y espinacas.<\/p>\n<\/li>\n<li data-start=\"566\" data-end=\"666\">\n<p data-start=\"568\" data-end=\"666\"><strong data-start=\"568\" data-end=\"589\">Cocci\u00f3n al vapor:<\/strong> M\u00e9todo suave que mantiene la humedad y preserva los nutrientes esenciales.<\/p>\n<\/li>\n<li data-start=\"667\" data-end=\"743\">\n<p data-start=\"669\" data-end=\"743\"><strong data-start=\"669\" data-end=\"696\">Variedades disponibles:<\/strong> Solo pollo, pollo y cordero, o pollo y pato.<\/p>\n<\/li>\n<li data-start=\"744\" data-end=\"811\">\n<p data-start=\"746\" data-end=\"811\"><strong data-start=\"746\" data-end=\"769\">Alta palatabilidad:<\/strong> Sabor natural que encanta a los perros.<\/p>\n<\/li>\n<li data-start=\"812\" data-end=\"868\">\n<p data-start=\"814\" data-end=\"868\"><strong data-start=\"814\" data-end=\"834\">F\u00e1cil digesti\u00f3n:<\/strong> Ideal para est\u00f3magos sensibles.<\/p>\n<\/li>\n<li data-start=\"869\" data-end=\"945\">\n<p data-start=\"871\" data-end=\"945\"><strong data-start=\"871\" data-end=\"884\">Pr\u00e1ctico:<\/strong> No necesita refrigeraci\u00f3n ni congelaci\u00f3n antes de abrirse.<\/p>\n<\/li>\n<li data-start=\"946\" data-end=\"1027\">\n<p data-start=\"948\" data-end=\"1027\"><strong data-start=\"948\" data-end=\"973\">An\u00e1lisis nutricional:<\/strong> Aproximadamente 18% prote\u00edna bruta y 12% grasa bruta.<\/p>\n<\/li>\n<li data-start=\"946\" data-end=\"1027\">Presentaci\u00f3n en dos tama\u00f1os 200 g y 500 g.<\/li>\n<\/ul>\n<h3 data-start=\"1029\" data-end=\"1045\">\u2705 Beneficios<\/h3>\n<p data-start=\"1046\" data-end=\"1201\">Proporciona una alimentaci\u00f3n tipo \u201ccasera\u201d, pero con la comodidad, seguridad y equilibrio nutricional que garantiza un producto formulado profesionalmente.<\/p>\n<p data-start=\"1203\" data-end=\"1326\" data-is-last-node=\"\" data-is-only-node=\"\"><strong data-start=\"1203\" data-end=\"1229\">Natsbi Steamed Chicken<\/strong> es la opci\u00f3n perfecta para quienes buscan calidad premium y bienestar diario para su mascota. \ud83d\udc3e<\/p>\n<\/div>\n<\/div>\n<\/div>\n<\/div>\n<div class=\"z-0 flex min-h-[46px] justify-start\"><\/div>\n<\/div>\n<\/div>\n<\/article>\n<\/div>\n<div class=\"pointer-events-none h-px w-px absolute bottom-0\" aria-hidden=\"true\" data-edge=\"true\"><\/div>\n","protected":false},"excerpt":{"rendered":"<p>\ud83d\udc36 Natsbi Steamed Chicken \u2013 Alimentaci\u00f3n h\u00fameda premium para perros Natsbi Steamed Chicken es un alimento h\u00famedo de alta gama para perros, elaborado con 85%-90% de pollo fresco y cocinado al vapor para conservar al m\u00e1ximo los nutrientes y el sabor natural. No contiene conservantes artificiales ni aditivos, ofreciendo una nutrici\u00f3n equilibrada, natural y altamente [&hellip;]<\/p>\n","protected":false},"featured_media":13910,"comment_status":"open","ping_status":"closed","template":"","meta":{"content-type":""},"product_brand":[153],"product_cat":[55],"product_tag":[],"class_list":{"0":"post-14309","1":"product","2":"type-product","3":"status-publish","4":"has-post-thumbnail","6":"product_brand-gosbi","7":"product_cat-salud-y-bienestar","9":"first","10":"instock","11":"taxable","12":"shipping-taxable","13":"purchasable","14":"product-type-variable"},"_links":{"self":[{"href":"https:\/\/groomluxuryvetcr.com\/en\/wp-json\/wp\/v2\/product\/14309","targetHints":{"allow":["GET"]}}],"collection":[{"href":"https:\/\/groomluxuryvetcr.com\/en\/wp-json\/wp\/v2\/product"}],"about":[{"href":"https:\/\/groomluxuryvetcr.com\/en\/wp-json\/wp\/v2\/types\/product"}],"replies":[{"embeddable":true,"href":"https:\/\/groomluxuryvetcr.com\/en\/wp-json\/wp\/v2\/comments?post=14309"}],"version-history":[{"count":0,"href":"https:\/\/groomluxuryvetcr.com\/en\/wp-json\/wp\/v2\/product\/14309\/revisions"}],"wp:featuredmedia":[{"embeddable":true,"href":"https:\/\/groomluxuryvetcr.com\/en\/wp-json\/wp\/v2\/media\/13910"}],"wp:attachment":[{"href":"https:\/\/groomluxuryvetcr.com\/en\/wp-json\/wp\/v2\/media?parent=14309"}],"wp:term":[{"taxonomy":"product_brand","embeddable":true,"href":"https:\/\/groomluxuryvetcr.com\/en\/wp-json\/wp\/v2\/product_brand?post=14309"},{"taxonomy":"product_cat","embeddable":true,"href":"https:\/\/groomluxuryvetcr.com\/en\/wp-json\/wp\/v2\/product_cat?post=14309"},{"taxonomy":"product_tag","embeddable":true,"href":"https:\/\/groomluxuryvetcr.com\/en\/wp-json\/wp\/v2\/product_tag?post=14309"}],"curies":[{"name":"wp","href":"https:\/\/api.w.org\/{rel}","templated":true}]}}