{"id":14317,"date":"2026-02-15T10:55:40","date_gmt":"2026-02-15T16:55:40","guid":{"rendered":"https:\/\/groomluxuryvetcr.com\/?post_type=product&#038;p=14317"},"modified":"2026-02-15T10:55:41","modified_gmt":"2026-02-15T16:55:41","slug":"natsbi-steamed-chiken-lamb","status":"publish","type":"product","link":"https:\/\/groomluxuryvetcr.com\/en\/product\/natsbi-steamed-chiken-lamb\/","title":{"rendered":"NATSBI STEAMED CHIKEN &#038; LAMB"},"content":{"rendered":"<h2 data-start=\"0\" data-end=\"77\">\ud83d\udc36 NATSBI Steamed Chicken &amp; Lamb \u2013 Alimentaci\u00f3n h\u00fameda premium para perros<\/h2>\n<p data-start=\"79\" data-end=\"474\"><strong data-start=\"79\" data-end=\"112\">NATSBI Steamed Chicken &amp; Lamb<\/strong> es un alimento h\u00famedo de alta gama para perros, elaborado con <strong data-start=\"175\" data-end=\"224\">90% de carne fresca (60% pollo y 30% cordero)<\/strong> y cocinado al vapor en su propio jugo para conservar al m\u00e1ximo los nutrientes y el sabor natural. No contiene cereales (Grain-Free) y est\u00e1 formulado sin conservantes artificiales, ofreciendo una nutrici\u00f3n equilibrada, natural y altamente digestible.<\/p>\n<h3 data-start=\"476\" data-end=\"511\">\ud83d\udd39 Caracter\u00edsticas principales:<\/h3>\n<ul data-start=\"512\" data-end=\"1194\">\n<li data-start=\"512\" data-end=\"640\">\n<p data-start=\"514\" data-end=\"640\"><strong data-start=\"514\" data-end=\"531\">Ingredientes:<\/strong> 60% muslo de pollo fresco y 30% cordero, combinados con verduras naturales como zanahoria y calabaza (8%).<\/p>\n<\/li>\n<li data-start=\"641\" data-end=\"762\">\n<p data-start=\"643\" data-end=\"762\"><strong data-start=\"643\" data-end=\"666\">Extras funcionales:<\/strong> Aceite de salm\u00f3n (omega-3), coco deshidratado, algarroba e inulina de achicoria (prebi\u00f3tico).<\/p>\n<\/li>\n<li data-start=\"763\" data-end=\"881\">\n<p data-start=\"765\" data-end=\"881\"><strong data-start=\"765\" data-end=\"786\">Cocci\u00f3n al vapor:<\/strong> M\u00e9todo suave en su propio jugo que mantiene la humedad y preserva los nutrientes esenciales.<\/p>\n<\/li>\n<li data-start=\"882\" data-end=\"960\">\n<p data-start=\"884\" data-end=\"960\"><strong data-start=\"884\" data-end=\"899\">Grain-Free:<\/strong> Sin cereales, ideal para perros con digestiones sensibles.<\/p>\n<\/li>\n<li data-start=\"961\" data-end=\"1038\">\n<p data-start=\"963\" data-end=\"1038\"><strong data-start=\"963\" data-end=\"986\">Alta palatabilidad:<\/strong> Sabor intenso y natural que encanta a los perros.<\/p>\n<\/li>\n<li data-start=\"1039\" data-end=\"1115\">\n<p data-start=\"1041\" data-end=\"1115\"><strong data-start=\"1041\" data-end=\"1054\">Pr\u00e1ctico:<\/strong> No necesita refrigeraci\u00f3n ni congelaci\u00f3n antes de abrirse.<\/p>\n<\/li>\n<li data-start=\"1116\" data-end=\"1194\">\n<p data-start=\"1118\" data-end=\"1194\"><strong data-start=\"1118\" data-end=\"1143\">An\u00e1lisis nutricional:<\/strong> 18% prote\u00edna bruta, 15% grasa bruta y 58% humedad.<\/p>\n<\/li>\n<\/ul>\n<h3 data-start=\"1196\" data-end=\"1212\">\u2705 Beneficios<\/h3>\n<p data-start=\"1213\" data-end=\"1368\">Proporciona una alimentaci\u00f3n tipo \u201ccasera\u201d, pero con la comodidad, seguridad y equilibrio nutricional que garantiza un producto formulado profesionalmente.<\/p>\n<p data-start=\"1370\" data-end=\"1505\" data-is-last-node=\"\" data-is-only-node=\"\"><strong data-start=\"1370\" data-end=\"1403\">NATSBI Steamed Chicken &amp; Lamb<\/strong> es una opci\u00f3n premium pensada para favorecer la salud, vitalidad y bienestar diario de tu mascota. \ud83d\udc3e<\/p>","protected":false},"excerpt":{"rendered":"<p>\ud83d\udc36 NATSBI Steamed Chicken &amp; Lamb \u2013 Alimentaci\u00f3n h\u00fameda premium para perros NATSBI Steamed Chicken &amp; Lamb es un alimento h\u00famedo de alta gama para perros, elaborado con 90% de carne fresca (60% pollo y 30% cordero) y cocinado al vapor en su propio jugo para conservar al m\u00e1ximo los nutrientes y el sabor natural. [&hellip;]<\/p>\n","protected":false},"featured_media":13910,"comment_status":"open","ping_status":"closed","template":"","meta":{"content-type":""},"product_brand":[153],"product_cat":[55],"product_tag":[155,156,154,157],"class_list":{"0":"post-14317","1":"product","2":"type-product","3":"status-publish","4":"has-post-thumbnail","6":"product_brand-gosbi","7":"product_cat-salud-y-bienestar","8":"product_tag-chicken","9":"product_tag-lamb","10":"product_tag-natsbi","11":"product_tag-steamed","13":"first","14":"instock","15":"taxable","16":"shipping-taxable","17":"purchasable","18":"product-type-variable"},"_links":{"self":[{"href":"https:\/\/groomluxuryvetcr.com\/en\/wp-json\/wp\/v2\/product\/14317","targetHints":{"allow":["GET"]}}],"collection":[{"href":"https:\/\/groomluxuryvetcr.com\/en\/wp-json\/wp\/v2\/product"}],"about":[{"href":"https:\/\/groomluxuryvetcr.com\/en\/wp-json\/wp\/v2\/types\/product"}],"replies":[{"embeddable":true,"href":"https:\/\/groomluxuryvetcr.com\/en\/wp-json\/wp\/v2\/comments?post=14317"}],"version-history":[{"count":0,"href":"https:\/\/groomluxuryvetcr.com\/en\/wp-json\/wp\/v2\/product\/14317\/revisions"}],"wp:featuredmedia":[{"embeddable":true,"href":"https:\/\/groomluxuryvetcr.com\/en\/wp-json\/wp\/v2\/media\/13910"}],"wp:attachment":[{"href":"https:\/\/groomluxuryvetcr.com\/en\/wp-json\/wp\/v2\/media?parent=14317"}],"wp:term":[{"taxonomy":"product_brand","embeddable":true,"href":"https:\/\/groomluxuryvetcr.com\/en\/wp-json\/wp\/v2\/product_brand?post=14317"},{"taxonomy":"product_cat","embeddable":true,"href":"https:\/\/groomluxuryvetcr.com\/en\/wp-json\/wp\/v2\/product_cat?post=14317"},{"taxonomy":"product_tag","embeddable":true,"href":"https:\/\/groomluxuryvetcr.com\/en\/wp-json\/wp\/v2\/product_tag?post=14317"}],"curies":[{"name":"wp","href":"https:\/\/api.w.org\/{rel}","templated":true}]}}