{"id":14322,"date":"2026-02-15T11:06:32","date_gmt":"2026-02-15T17:06:32","guid":{"rendered":"https:\/\/groomluxuryvetcr.com\/?post_type=product&#038;p=14322"},"modified":"2026-02-15T11:06:34","modified_gmt":"2026-02-15T17:06:34","slug":"natsbi-steamed-iberian-pork-turkey","status":"publish","type":"product","link":"https:\/\/groomluxuryvetcr.com\/en\/product\/natsbi-steamed-iberian-pork-turkey\/","title":{"rendered":"NATSBI STEAMED IBERIAN PORK &#038; TURKEY"},"content":{"rendered":"<h2 data-start=\"0\" data-end=\"84\">\ud83d\udc36 NATSBI Steamed Iberian Pork &amp; Turkey \u2013 Alimentaci\u00f3n h\u00fameda premium para perros<\/h2>\n<p data-start=\"86\" data-end=\"496\"><strong data-start=\"86\" data-end=\"126\">NATSBI Steamed Iberian Pork &amp; Turkey<\/strong> es un alimento h\u00famedo de alta gama para perros, elaborado con <strong data-start=\"189\" data-end=\"266\">88% de carnes de calidad humana (46% pavo deshuesado y 42% cerdo ib\u00e9rico)<\/strong> y cocinado al vapor en su propio jugo para conservar al m\u00e1ximo los nutrientes y el sabor natural. No contiene conservantes artificiales y ofrece una nutrici\u00f3n equilibrada, altamente digestible y con contenido energ\u00e9tico moderado.<\/p>\n<h3 data-start=\"498\" data-end=\"533\">\ud83d\udd39 Caracter\u00edsticas principales:<\/h3>\n<ul data-start=\"534\" data-end=\"1289\">\n<li data-start=\"534\" data-end=\"699\">\n<p data-start=\"536\" data-end=\"699\"><strong data-start=\"536\" data-end=\"553\">Ingredientes:<\/strong> Pavo deshuesado (46%) y carne e h\u00edgado de cerdo ib\u00e9rico (42%), combinados con arroz integral (6%), calabaza deshidratada (3%) y guisantes (2%).<\/p>\n<\/li>\n<li data-start=\"700\" data-end=\"884\">\n<p data-start=\"702\" data-end=\"884\"><strong data-start=\"702\" data-end=\"725\">Extras funcionales:<\/strong> Semillas de psyllium (0,5%) para favorecer la digesti\u00f3n, aceite de salm\u00f3n (0,4%) para la salud de la piel y el pelo, e inulina de achicoria como prebi\u00f3tico.<\/p>\n<\/li>\n<li data-start=\"885\" data-end=\"999\">\n<p data-start=\"887\" data-end=\"999\"><strong data-start=\"887\" data-end=\"908\">Cocci\u00f3n al vapor:<\/strong> M\u00e9todo suave en su propio jugo, sin a\u00f1adir agua, que preserva los nutrientes esenciales.<\/p>\n<\/li>\n<li data-start=\"1000\" data-end=\"1076\">\n<p data-start=\"1002\" data-end=\"1076\"><strong data-start=\"1002\" data-end=\"1025\">Alta palatabilidad:<\/strong> Sabor intenso y natural que estimula el apetito.<\/p>\n<\/li>\n<li data-start=\"1077\" data-end=\"1153\">\n<p data-start=\"1079\" data-end=\"1153\"><strong data-start=\"1079\" data-end=\"1092\">Pr\u00e1ctico:<\/strong> No necesita refrigeraci\u00f3n ni congelaci\u00f3n antes de abrirse.<\/p>\n<\/li>\n<li data-start=\"1154\" data-end=\"1289\">\n<p data-start=\"1156\" data-end=\"1289\"><strong data-start=\"1156\" data-end=\"1181\">An\u00e1lisis nutricional:<\/strong> 18% prote\u00edna bruta, 9% grasa bruta, 62% humedad, 1,5% fibra bruta y 1.630 kcal\/kg de energ\u00eda metabolizable.<\/p>\n<\/li>\n<\/ul>\n<h3 data-start=\"1291\" data-end=\"1307\">\u2705 Beneficios<\/h3>\n<p data-start=\"1308\" data-end=\"1501\" data-is-last-node=\"\" data-is-only-node=\"\">Proporciona una alimentaci\u00f3n tipo \u201ccasera\u201d, con equilibrio nutricional y excelente digestibilidad, ideal para mantener la vitalidad, el bienestar y una condici\u00f3n corporal \u00f3ptima en el perro. \ud83d\udc3e<\/p>\n<p><strong data-start=\"63\" data-end=\"103\">NATSBI Steamed Iberian Pork &amp; Turkey<\/strong> es una opci\u00f3n premium pensada para favorecer la salud, vitalidad y bienestar diario de tu mascota. \ud83d\udc3e<\/p>","protected":false},"excerpt":{"rendered":"<p>\ud83d\udc36 NATSBI Steamed Iberian Pork &amp; Turkey \u2013 Alimentaci\u00f3n h\u00fameda premium para perros NATSBI Steamed Iberian Pork &amp; Turkey es un alimento h\u00famedo de alta gama para perros, elaborado con 88% de carnes de calidad humana (46% pavo deshuesado y 42% cerdo ib\u00e9rico) y cocinado al vapor en su propio jugo para conservar al m\u00e1ximo [&hellip;]<\/p>\n","protected":false},"featured_media":13910,"comment_status":"open","ping_status":"closed","template":"","meta":{"content-type":""},"product_brand":[153],"product_cat":[55],"product_tag":[],"class_list":{"0":"post-14322","1":"product","2":"type-product","3":"status-publish","4":"has-post-thumbnail","6":"product_brand-gosbi","7":"product_cat-salud-y-bienestar","9":"first","10":"instock","11":"taxable","12":"shipping-taxable","13":"purchasable","14":"product-type-variable"},"_links":{"self":[{"href":"https:\/\/groomluxuryvetcr.com\/en\/wp-json\/wp\/v2\/product\/14322","targetHints":{"allow":["GET"]}}],"collection":[{"href":"https:\/\/groomluxuryvetcr.com\/en\/wp-json\/wp\/v2\/product"}],"about":[{"href":"https:\/\/groomluxuryvetcr.com\/en\/wp-json\/wp\/v2\/types\/product"}],"replies":[{"embeddable":true,"href":"https:\/\/groomluxuryvetcr.com\/en\/wp-json\/wp\/v2\/comments?post=14322"}],"version-history":[{"count":0,"href":"https:\/\/groomluxuryvetcr.com\/en\/wp-json\/wp\/v2\/product\/14322\/revisions"}],"wp:featuredmedia":[{"embeddable":true,"href":"https:\/\/groomluxuryvetcr.com\/en\/wp-json\/wp\/v2\/media\/13910"}],"wp:attachment":[{"href":"https:\/\/groomluxuryvetcr.com\/en\/wp-json\/wp\/v2\/media?parent=14322"}],"wp:term":[{"taxonomy":"product_brand","embeddable":true,"href":"https:\/\/groomluxuryvetcr.com\/en\/wp-json\/wp\/v2\/product_brand?post=14322"},{"taxonomy":"product_cat","embeddable":true,"href":"https:\/\/groomluxuryvetcr.com\/en\/wp-json\/wp\/v2\/product_cat?post=14322"},{"taxonomy":"product_tag","embeddable":true,"href":"https:\/\/groomluxuryvetcr.com\/en\/wp-json\/wp\/v2\/product_tag?post=14322"}],"curies":[{"name":"wp","href":"https:\/\/api.w.org\/{rel}","templated":true}]}}