{"id":14327,"date":"2026-02-15T11:37:07","date_gmt":"2026-02-15T17:37:07","guid":{"rendered":"https:\/\/groomluxuryvetcr.com\/?post_type=product&#038;p=14327"},"modified":"2026-02-15T11:37:08","modified_gmt":"2026-02-15T17:37:08","slug":"yowup-skin-hair-yogurt-salmon-115gr","status":"publish","type":"product","link":"https:\/\/groomluxuryvetcr.com\/en\/product\/yowup-skin-hair-yogurt-salmon-115gr\/","title":{"rendered":"YOWUP SKIN &#038; HAIR YOGURT SALMON 115GR"},"content":{"rendered":"<h2 data-start=\"0\" data-end=\"63\">\ud83d\udc36\ud83d\udc31 YowUp! Skin &amp; Hair \u2013 Yogur funcional para piel y pelaje<\/h2>\n<p data-start=\"65\" data-end=\"333\"><strong data-start=\"65\" data-end=\"87\">YowUp! Skin &amp; Hair<\/strong> es un yogur funcional especialmente formulado para perros y gatos, dise\u00f1ado para mejorar la salud dermatol\u00f3gica y aportar brillo y vitalidad al pelaje. Su receta combina ingredientes funcionales que favorecen el bienestar integral de la mascota.<\/p>\n<h3 data-start=\"335\" data-end=\"370\">\ud83d\udd39 Caracter\u00edsticas principales:<\/h3>\n<ul data-start=\"371\" data-end=\"1005\">\n<li data-start=\"371\" data-end=\"491\">\n<p data-start=\"373\" data-end=\"491\"><strong data-start=\"373\" data-end=\"389\">Composici\u00f3n:<\/strong> Yogur sin lactosa (87%), aceite de pescado (3,5%), salm\u00f3n (3%) y prebi\u00f3ticos como la oligofructosa.<\/p>\n<\/li>\n<li data-start=\"492\" data-end=\"623\">\n<p data-start=\"494\" data-end=\"623\"><strong data-start=\"494\" data-end=\"525\">Con col\u00e1geno bovino (0,5%):<\/strong> Mejora la firmeza y elasticidad de la piel, ayudando a combatir los efectos del envejecimiento.<\/p>\n<\/li>\n<li data-start=\"624\" data-end=\"774\">\n<p data-start=\"626\" data-end=\"774\"><strong data-start=\"626\" data-end=\"658\">Rico en Omega 3 (EPA y DHA):<\/strong> Contribuye a un pelaje m\u00e1s brillante, fortalece el sistema inmunol\u00f3gico y apoya el desarrollo cognitivo y visual.<\/p>\n<\/li>\n<li data-start=\"775\" data-end=\"880\">\n<p data-start=\"777\" data-end=\"880\"><strong data-start=\"777\" data-end=\"790\">0% grasa:<\/strong> Sin az\u00facares a\u00f1adidos ni lactosa, altamente digestible y apto para est\u00f3magos sensibles.<\/p>\n<\/li>\n<li data-start=\"881\" data-end=\"1005\">\n<p data-start=\"883\" data-end=\"1005\"><strong data-start=\"883\" data-end=\"896\">Vers\u00e1til:<\/strong> Puede servirse directamente del envase, mezclarse con el pienso o congelarse para crear helados funcionales.<\/p>\n<\/li>\n<\/ul>\n<h3 data-start=\"1007\" data-end=\"1023\">\u2705 Beneficios<\/h3>\n<p data-start=\"1024\" data-end=\"1212\" data-is-last-node=\"\" data-is-only-node=\"\">Ayuda a controlar la ca\u00edda excesiva del pelo, mejora la textura del manto y aporta un brillo visible desde las primeras tomas, favoreciendo la salud y el bienestar diario de tu mascota. \ud83d\udc3e<\/p>","protected":false},"excerpt":{"rendered":"<p>\ud83d\udc36\ud83d\udc31 YowUp! Skin &amp; Hair \u2013 Yogur funcional para piel y pelaje YowUp! Skin &amp; Hair es un yogur funcional especialmente formulado para perros y gatos, dise\u00f1ado para mejorar la salud dermatol\u00f3gica y aportar brillo y vitalidad al pelaje. Su receta combina ingredientes funcionales que favorecen el bienestar integral de la mascota. \ud83d\udd39 Caracter\u00edsticas principales: [&hellip;]<\/p>\n","protected":false},"featured_media":13910,"comment_status":"open","ping_status":"closed","template":"","meta":{"content-type":""},"product_brand":[158],"product_cat":[55],"product_tag":[],"class_list":{"0":"post-14327","1":"product","2":"type-product","3":"status-publish","4":"has-post-thumbnail","6":"product_brand-yowup","7":"product_cat-salud-y-bienestar","9":"first","10":"instock","11":"taxable","12":"shipping-taxable","13":"purchasable","14":"product-type-simple"},"_links":{"self":[{"href":"https:\/\/groomluxuryvetcr.com\/en\/wp-json\/wp\/v2\/product\/14327","targetHints":{"allow":["GET"]}}],"collection":[{"href":"https:\/\/groomluxuryvetcr.com\/en\/wp-json\/wp\/v2\/product"}],"about":[{"href":"https:\/\/groomluxuryvetcr.com\/en\/wp-json\/wp\/v2\/types\/product"}],"replies":[{"embeddable":true,"href":"https:\/\/groomluxuryvetcr.com\/en\/wp-json\/wp\/v2\/comments?post=14327"}],"version-history":[{"count":0,"href":"https:\/\/groomluxuryvetcr.com\/en\/wp-json\/wp\/v2\/product\/14327\/revisions"}],"wp:featuredmedia":[{"embeddable":true,"href":"https:\/\/groomluxuryvetcr.com\/en\/wp-json\/wp\/v2\/media\/13910"}],"wp:attachment":[{"href":"https:\/\/groomluxuryvetcr.com\/en\/wp-json\/wp\/v2\/media?parent=14327"}],"wp:term":[{"taxonomy":"product_brand","embeddable":true,"href":"https:\/\/groomluxuryvetcr.com\/en\/wp-json\/wp\/v2\/product_brand?post=14327"},{"taxonomy":"product_cat","embeddable":true,"href":"https:\/\/groomluxuryvetcr.com\/en\/wp-json\/wp\/v2\/product_cat?post=14327"},{"taxonomy":"product_tag","embeddable":true,"href":"https:\/\/groomluxuryvetcr.com\/en\/wp-json\/wp\/v2\/product_tag?post=14327"}],"curies":[{"name":"wp","href":"https:\/\/api.w.org\/{rel}","templated":true}]}}