{"id":14345,"date":"2026-02-22T08:41:19","date_gmt":"2026-02-22T14:41:19","guid":{"rendered":"https:\/\/groomluxuryvetcr.com\/?post_type=product&#038;p=14345"},"modified":"2026-02-22T08:41:21","modified_gmt":"2026-02-22T14:41:21","slug":"arena-para-gato-aglutinante-waldo-4kg","status":"publish","type":"product","link":"https:\/\/groomluxuryvetcr.com\/en\/product\/arena-para-gato-aglutinante-waldo-4kg\/","title":{"rendered":"ARENA PARA GATO AGLUTINANTE WALDO 4KG"},"content":{"rendered":"<p data-start=\"67\" data-end=\"337\">La Arena Waldo 4 kg es una arena sanitaria a base de bentonita, formulada para ofrecer alta capacidad aglutinante y control efectivo de olores. Al contacto con l\u00edquidos forma grumos compactos, facilitando una limpieza r\u00e1pida y manteniendo el arenero seco por m\u00e1s tiempo.<\/p>\n<p data-start=\"339\" data-end=\"371\"><strong data-start=\"339\" data-end=\"371\">Caracter\u00edsticas principales:<\/strong><\/p>\n<ul data-start=\"372\" data-end=\"594\">\n<li data-start=\"372\" data-end=\"420\">\n<p data-start=\"374\" data-end=\"420\">\u2714 Elaborada con bentonita de alta absorci\u00f3n.<\/p>\n<\/li>\n<li data-start=\"421\" data-end=\"475\">\n<p data-start=\"423\" data-end=\"475\">\u2714 Formaci\u00f3n de grumos firmes y f\u00e1ciles de retirar.<\/p>\n<\/li>\n<li data-start=\"476\" data-end=\"526\">\n<p data-start=\"478\" data-end=\"526\">\u2714 Control de olores con fragancia incorporada.<\/p>\n<\/li>\n<li data-start=\"527\" data-end=\"594\">\n<p data-start=\"529\" data-end=\"594\">\u2714 Absorci\u00f3n r\u00e1pida que ayuda a mantener la bandeja limpia y seca.<\/p>\n<\/li>\n<li data-start=\"527\" data-end=\"594\">\u2714 Precio justo al alcance de los clientes por cantidad de arena.<\/li>\n<\/ul>\n<p data-start=\"596\" data-end=\"678\" data-is-last-node=\"\" data-is-only-node=\"\">Ideal para mantener la higiene diaria de tu gato de forma pr\u00e1ctica y eficiente. \ud83d\udc3e<\/p>","protected":false},"excerpt":{"rendered":"<p>La Arena Waldo 4 kg es una arena sanitaria a base de bentonita, formulada para ofrecer alta capacidad aglutinante y control efectivo de olores. Al contacto con l\u00edquidos forma grumos compactos, facilitando una limpieza r\u00e1pida y manteniendo el arenero seco por m\u00e1s tiempo. Caracter\u00edsticas principales: \u2714 Elaborada con bentonita de alta absorci\u00f3n. \u2714 Formaci\u00f3n de [&hellip;]<\/p>\n","protected":false},"featured_media":14346,"comment_status":"open","ping_status":"closed","template":"","meta":{"content-type":""},"product_brand":[159],"product_cat":[15,55],"product_tag":[],"class_list":{"0":"post-14345","1":"product","2":"type-product","3":"status-publish","4":"has-post-thumbnail","6":"product_brand-waldo","7":"product_cat-general","8":"product_cat-salud-y-bienestar","10":"first","11":"instock","12":"taxable","13":"shipping-taxable","14":"purchasable","15":"product-type-simple"},"_links":{"self":[{"href":"https:\/\/groomluxuryvetcr.com\/en\/wp-json\/wp\/v2\/product\/14345","targetHints":{"allow":["GET"]}}],"collection":[{"href":"https:\/\/groomluxuryvetcr.com\/en\/wp-json\/wp\/v2\/product"}],"about":[{"href":"https:\/\/groomluxuryvetcr.com\/en\/wp-json\/wp\/v2\/types\/product"}],"replies":[{"embeddable":true,"href":"https:\/\/groomluxuryvetcr.com\/en\/wp-json\/wp\/v2\/comments?post=14345"}],"version-history":[{"count":1,"href":"https:\/\/groomluxuryvetcr.com\/en\/wp-json\/wp\/v2\/product\/14345\/revisions"}],"predecessor-version":[{"id":14347,"href":"https:\/\/groomluxuryvetcr.com\/en\/wp-json\/wp\/v2\/product\/14345\/revisions\/14347"}],"wp:featuredmedia":[{"embeddable":true,"href":"https:\/\/groomluxuryvetcr.com\/en\/wp-json\/wp\/v2\/media\/14346"}],"wp:attachment":[{"href":"https:\/\/groomluxuryvetcr.com\/en\/wp-json\/wp\/v2\/media?parent=14345"}],"wp:term":[{"taxonomy":"product_brand","embeddable":true,"href":"https:\/\/groomluxuryvetcr.com\/en\/wp-json\/wp\/v2\/product_brand?post=14345"},{"taxonomy":"product_cat","embeddable":true,"href":"https:\/\/groomluxuryvetcr.com\/en\/wp-json\/wp\/v2\/product_cat?post=14345"},{"taxonomy":"product_tag","embeddable":true,"href":"https:\/\/groomluxuryvetcr.com\/en\/wp-json\/wp\/v2\/product_tag?post=14345"}],"curies":[{"name":"wp","href":"https:\/\/api.w.org\/{rel}","templated":true}]}}